{"id":233,"date":"2021-12-21T14:07:18","date_gmt":"2021-12-21T14:07:18","guid":{"rendered":"https:\/\/liceulovidius.ro\/blog-franceza\/?page_id=233"},"modified":"2021-12-21T14:53:57","modified_gmt":"2021-12-21T14:53:57","slug":"jeunes-entrepreneurs","status":"publish","type":"page","link":"http:\/\/liceulovidius.ro\/blog-franceza\/?page_id=233","title":{"rendered":"Jeunes entrepreneurs"},"content":{"rendered":"\n<p><strong>Jeunes entrepreneurs<\/strong><\/p>\n\n\n\n<p>Cette ann\u00e9e, des \u00e9l\u00e8ves du Lyc\u00e9e Th\u00e9orique \u00ab&nbsp;Ovidius&nbsp;\u00bb, coordonn\u00e9s par la direction du lyc\u00e9e, par les professeurs de fran\u00e7ais du lyc\u00e9e Dima-Aldea Nadina et Gheorghiu Lavinia,&nbsp;participent au projet \u00ab&nbsp;Jeunes entrepreneurs \u00bb, programme propos\u00e9 par l\u2019Universit\u00e9 de l\u2019Ouest de Timi\u015foara, la Facult\u00e9 des Sciences Economiques (UVT) en partenariat avec l&#8217;Institut Fran\u00e7ais de Roumanie. Ce programme apporte aussi une \u00ab&nbsp;Convention de partenariat&nbsp;\u00bb entre les trois institutions.<\/p>\n\n\n\n<p>Le programme &#8222;Jeunes Entrepreneurs&#8221; s&#8217;adresse aux lyc\u00e9ens de Roumanie, quelle que soit leur classe. Mis en \u0153uvre par l\u2019Universit\u00e9 de l\u2019Ouest de Timi\u015foara, la Facult\u00e9 des Sciences Economiques (UVT) en partenariat avec l&#8217;Institut Fran\u00e7ais de Roumanie, il comprend 14 modules de cours pratiques dans le domaine de l&#8217;entrepreneuriat :<\/p>\n\n\n\n<!--more-->\n\n\n\n<p>14&nbsp;MODULE DE CURS<\/p>\n\n\n\n<ul><li>L&#8217;initiative entrepreneuriale<\/li><li>Profils d&#8217;entrepreneurs<\/li><li>Caract\u00e9ristiques et comp\u00e9tences entrepreneuriales<\/li><li>Diff\u00e9rences culturelles dans l&#8217;activit\u00e9 entrepreneuriale<\/li><li>Indicateurs financiers<\/li><li>Les \u00e9tats financiers<\/li><li>Le cycle d&#8217;exploitation et le budget d&#8217;investissement<\/li><li>Sources de financement pour les investissements<\/li><li>Sources de financement pour l&#8217;activit\u00e9&nbsp;d&#8217;exploitation<\/li><li>Identification et analyse du march\u00e9<\/li><li>Strat\u00e9gie de marketing<\/li><li>La planification financi\u00e8re<\/li><li>L&#8217;\u00e9thique des affaires<\/li><li>Performance et risques dans les affaires<\/li><\/ul>\n\n\n\n<p>Les cours sont faits en fran\u00e7ais par des professeurs de la Facult\u00e9 des Sciences Economiques de Timi\u015foara. Afin d&#8217;illustrer les diff\u00e9rents enjeux abord\u00e9s, des entrepreneurs locaux y participent, comme invit\u00e9s. L&#8217;approche pratique est bas\u00e9e sur l&#8217;implication \u00e9tendue de l&#8217;Universit\u00e9 de l&#8217;Ouest de Timi\u015foara (UVT) dans l&#8217;environnement des affaires.<\/p>\n\n\n\n<p>Les cours ont lieu en ligne via Cisco Webex d&#8217;octobre 2021 \u00e0 f\u00e9vrier 2022. Des r\u00e9unions sont programm\u00e9es chaque semaine. \u00c0 la fin du programme, la Facult\u00e9 des sciences \u00e9conomiques (UVT) d\u00e9livrera aux \u00e9tudiants des certificats de participation, pr\u00e9cisant les modules suivis.<\/p>\n\n\n\n<p>Les inscriptions ont \u00e9t\u00e9 faites en ligne par les enseignants coordonnateurs du lyc\u00e9es \u00ab&nbsp;Ovidius&nbsp;\u00bb, \u00e0 l&#8217;aide du formulaire d&#8217;inscription. La participation est gratuite pour tous les \u00e9l\u00e8ves des lyc\u00e9es partenaires en Roumanie.<\/p>\n\n\n\n<p>Le programme Jeunes Entrepreneurs est con\u00e7u comme une base pour le d\u00e9marrage d&#8217;une entreprise dans le futur. Parall\u00e8lement, il assure l&#8217;initiation des \u00e9tudiants int\u00e9ress\u00e9s par des cours de fran\u00e7ais de longue dur\u00e9e organis\u00e9s par la Facult\u00e9 des Sciences Economiques de Timi\u015foara (UVT).<\/p>\n\n\n\n<p><a href=\"Management%20en%20fran\u00e7ais\">Management en fran\u00e7ais<\/a><\/p>\n\n\n\n<p><a href=\"https:\/\/www.startfeaa.ro\/specializari-licenta\/prezentarea-specializarii-management-in-limba-franceza\">https:\/\/www.startfeaa.ro\/specializari-licenta\/prezentarea-specializarii-management-in-limba-franceza<\/a><\/p>\n\n\n\n<p><a rel=\"noreferrer noopener\" href=\"https:\/\/www.startfeaa.ro\/domenii-masterat\/domeniul-management\" target=\"_blank\">Management des affaires en contexte europeen<\/a>. <\/p>\n\n\n\n<p>&nbsp;<a href=\"https:\/\/www.startfeaa.ro\/domenii-masterat\/domeniul-management\">https:\/\/www.startfeaa.ro\/domenii-masterat\/domeniul-management<\/a><\/p>\n\n\n\n<p>Les \u00e9l\u00e8ves qui participent sont :<\/p>\n\n\n\n<p><br>Farca\u015f Miruna-Maria \u2013 X D<br><br>Veli Amina \u2013 XII G<\/p>\n\n\n\n<p>\u015eeinescu Oana \u2013 XII G<br><br>Baluta Ioana-Andrada &nbsp;&#8211; XI G<br><br>Papp Francesca \u2013 XI G<\/p>\n","protected":false},"excerpt":{"rendered":"<p>Jeunes entrepreneurs Cette ann\u00e9e, des \u00e9l\u00e8ves du Lyc\u00e9e Th\u00e9orique \u00ab&nbsp;Ovidius&nbsp;\u00bb, coordonn\u00e9s par la direction du lyc\u00e9e, par les professeurs de fran\u00e7ais du lyc\u00e9e Dima-Aldea Nadina et Gheorghiu Lavinia,&nbsp;participent au projet \u00ab&nbsp;Jeunes entrepreneurs \u00bb, programme propos\u00e9 par l\u2019Universit\u00e9 de l\u2019Ouest de Timi\u015foara, la Facult\u00e9 des Sciences Economiques (UVT) en partenariat avec l&#8217;Institut Fran\u00e7ais de Roumanie. Ce [&hellip;]<\/p>\n","protected":false},"author":3,"featured_media":0,"parent":39,"menu_order":0,"comment_status":"closed","ping_status":"closed","template":"","meta":[],"_links":{"self":[{"href":"http:\/\/liceulovidius.ro\/blog-franceza\/index.php?rest_route=\/wp\/v2\/pages\/233"}],"collection":[{"href":"http:\/\/liceulovidius.ro\/blog-franceza\/index.php?rest_route=\/wp\/v2\/pages"}],"about":[{"href":"http:\/\/liceulovidius.ro\/blog-franceza\/index.php?rest_route=\/wp\/v2\/types\/page"}],"author":[{"embeddable":true,"href":"http:\/\/liceulovidius.ro\/blog-franceza\/index.php?rest_route=\/wp\/v2\/users\/3"}],"replies":[{"embeddable":true,"href":"http:\/\/liceulovidius.ro\/blog-franceza\/index.php?rest_route=%2Fwp%2Fv2%2Fcomments&post=233"}],"version-history":[{"count":4,"href":"http:\/\/liceulovidius.ro\/blog-franceza\/index.php?rest_route=\/wp\/v2\/pages\/233\/revisions"}],"predecessor-version":[{"id":238,"href":"http:\/\/liceulovidius.ro\/blog-franceza\/index.php?rest_route=\/wp\/v2\/pages\/233\/revisions\/238"}],"up":[{"embeddable":true,"href":"http:\/\/liceulovidius.ro\/blog-franceza\/index.php?rest_route=\/wp\/v2\/pages\/39"}],"wp:attachment":[{"href":"http:\/\/liceulovidius.ro\/blog-franceza\/index.php?rest_route=%2Fwp%2Fv2%2Fmedia&parent=233"}],"curies":[{"name":"wp","href":"https:\/\/api.w.org\/{rel}","templated":true}]}}