{"id":249,"date":"2022-01-02T16:39:43","date_gmt":"2022-01-02T16:39:43","guid":{"rendered":"https:\/\/liceulovidius.ro\/blog-franceza\/?page_id=249"},"modified":"2022-05-08T13:21:53","modified_gmt":"2022-05-08T13:21:53","slug":"concours-interscolaire-bd-noel-bd-santa","status":"publish","type":"page","link":"http:\/\/liceulovidius.ro\/blog-franceza\/?page_id=249","title":{"rendered":"Concours &#8222;BD No\u00ebl-BD Santa&#8221;"},"content":{"rendered":"\n<p><\/p>\n\n\n\n<p><strong>P\u00e8re No\u00ebl dans l\u2019enfance<\/strong><strong><\/strong><\/p>\n\n\n\n<p>Le plus grand concours d\u00e9partemental de cr\u00e9ation de bande dessin\u00e9e francophone organis\u00e9e en milieu scolaire, v\u00e9ritable r\u00e9f\u00e9rence pour les enseignants ,&nbsp; le Concours de la BD scolaire est organis\u00e9 par l\u2019\u00c9cole no. 33 &#8221;&nbsp;Anghel Saligny&nbsp;&#8221; et le Lyc\u00e9e Th\u00e9orique &#8221; Decebal &#8221; depuis 6 ans, sous le patronage de l\u2019Inspectorat D\u00e9partemental de Constanza .<\/p>\n\n\n\n<p>Notre \u00e9tablissement est en&nbsp; partenariat &nbsp;depuis 5 ans d\u00e9j\u00e0 et chaque ann\u00e9e nos \u00e9tudiants y participent, en obtenant des prix importants.&nbsp;<\/p>\n\n\n\n<p>Le concours de la BD scolaire consiste&nbsp;<strong>en la r\u00e9alisation d&#8217;une bande dessin\u00e9e dont le th\u00e8me est P\u00e8re No\u00ebl<\/strong>. Il s&#8217;adresse aux \u00e9l\u00e8ves des \u00e9tablissements scolaires du d\u00e9partement de Constantza, &nbsp;<strong>de la Ve \u00e0 la terminale<\/strong>, &nbsp;tant en fran\u00e7ais qu\u2019un anglais.<br><br>Chaque participant doit pr\u00e9senter une bande dessin\u00e9e &nbsp;en s&#8217;appuyant sur un sc\u00e9nario comportant obligatoirement un titre, un d\u00e9but et une fin.&nbsp;<strong>Tous les styles et tous les genres sont permis<\/strong>. Les r\u00e9alisations individuelles ne doivent pas comprendre plus de 8 vignettes.<br><br>Les \u00e9l\u00e8ves peuvent participer&nbsp;<strong>du 1er octobre au 20 d\u00e9cembre<\/strong>&nbsp;en remplissant le bordereau d&#8217;envoi des \u0153uvres.<\/p>\n\n\n\n<p>Le Concours de la BD scolaire 2021-2022 est lanc\u00e9&nbsp;!<\/p>\n\n\n\n<p><strong>Bon concours \u00e0 tous !<\/strong><\/p>\n","protected":false},"excerpt":{"rendered":"<p>P\u00e8re No\u00ebl dans l\u2019enfance Le plus grand concours d\u00e9partemental de cr\u00e9ation de bande dessin\u00e9e francophone organis\u00e9e en milieu scolaire, v\u00e9ritable r\u00e9f\u00e9rence pour les enseignants ,&nbsp; le Concours de la BD scolaire est organis\u00e9 par l\u2019\u00c9cole no. 33 &#8221;&nbsp;Anghel Saligny&nbsp;&#8221; et le Lyc\u00e9e Th\u00e9orique &#8221; Decebal &#8221; depuis 6 ans, sous le patronage de l\u2019Inspectorat D\u00e9partemental [&hellip;]<\/p>\n","protected":false},"author":3,"featured_media":0,"parent":39,"menu_order":1,"comment_status":"closed","ping_status":"closed","template":"","meta":[],"_links":{"self":[{"href":"http:\/\/liceulovidius.ro\/blog-franceza\/index.php?rest_route=\/wp\/v2\/pages\/249"}],"collection":[{"href":"http:\/\/liceulovidius.ro\/blog-franceza\/index.php?rest_route=\/wp\/v2\/pages"}],"about":[{"href":"http:\/\/liceulovidius.ro\/blog-franceza\/index.php?rest_route=\/wp\/v2\/types\/page"}],"author":[{"embeddable":true,"href":"http:\/\/liceulovidius.ro\/blog-franceza\/index.php?rest_route=\/wp\/v2\/users\/3"}],"replies":[{"embeddable":true,"href":"http:\/\/liceulovidius.ro\/blog-franceza\/index.php?rest_route=%2Fwp%2Fv2%2Fcomments&post=249"}],"version-history":[{"count":2,"href":"http:\/\/liceulovidius.ro\/blog-franceza\/index.php?rest_route=\/wp\/v2\/pages\/249\/revisions"}],"predecessor-version":[{"id":413,"href":"http:\/\/liceulovidius.ro\/blog-franceza\/index.php?rest_route=\/wp\/v2\/pages\/249\/revisions\/413"}],"up":[{"embeddable":true,"href":"http:\/\/liceulovidius.ro\/blog-franceza\/index.php?rest_route=\/wp\/v2\/pages\/39"}],"wp:attachment":[{"href":"http:\/\/liceulovidius.ro\/blog-franceza\/index.php?rest_route=%2Fwp%2Fv2%2Fmedia&parent=249"}],"curies":[{"name":"wp","href":"https:\/\/api.w.org\/{rel}","templated":true}]}}