{"id":271,"date":"2022-01-04T13:06:53","date_gmt":"2022-01-04T13:06:53","guid":{"rendered":"https:\/\/liceulovidius.ro\/blog-franceza\/?page_id=271"},"modified":"2022-01-04T13:06:53","modified_gmt":"2022-01-04T13:06:53","slug":"manifeste-des-ecoliers-pour-lavenir-de-leurope","status":"publish","type":"page","link":"http:\/\/liceulovidius.ro\/blog-franceza\/?page_id=271","title":{"rendered":"Manifeste des \u00e9coliers pour l\u2019avenir de l\u2019Europe"},"content":{"rendered":"\n<p><strong>Un projet p\u00e9dagogique d\u2019envergure europ\u00e9enne &#8211; <\/strong>En partenariat avec la c\u00e9l\u00e8bre maison d\u2019\u00e9dition fran\u00e7aise Nathan, et son r\u00e9seau p\u00e9dagogique et collaboratif <strong><em>Lea.fr<\/em><\/strong>, ce projet p\u00e9dagogique s`adresse \u00e0 des classes europ\u00e9ennes pour des enfants \u00e2g\u00e9s de 8 \u00e0 12 ans, issus de 6 pays. \u00c0 travers cette exp\u00e9rience, les enfants des classes participantes sont sensibilis\u00e9s d\u00e8s le plus jeune \u00e2ge \u00e0 la citoyennet\u00e9 europ\u00e9enne en ayant la possibilit\u00e9 de soumettre leurs propositions sur les th\u00e9matiques de l\u2019\u00e9ducation, la jeunesse, la culture et le sport. Les \u00e9l\u00e8ves vont d&#8217;abord d\u00e9couvrir le sens du projet propos\u00e9 en travaillant sur l\u2019Union Europ\u00e9enne et les droits de l\u2019enfant. Ils seront ensuite invit\u00e9s \u00e0 r\u00e9diger des propositions, \u00e0 les discuter, les am\u00e9liorer puis les choisir.<\/p>\n\n\n\n<p>&nbsp;&nbsp;&nbsp;&nbsp;&nbsp;&nbsp;&nbsp;&nbsp;&nbsp;&nbsp;&nbsp; Les objectifs du projet sont:&nbsp; sensibiliser d\u00e8s le plus jeune \u00e2ge \u00e0 la citoyennet\u00e9 europ\u00e9enne, impliquer les \u00e9coliers europ\u00e9ens dans un projet collaboratif d\u2019envergure et finalement porter leurs id\u00e9es et leurs messages \u00e0 destination des adultes et du grand public.&nbsp; &nbsp; &nbsp; &nbsp;&nbsp;<\/p>\n\n\n\n<p>\u00a0\u00a0\u00a0\u00a0\u00a0\u00a0\u00a0\u00a0\u00a0\u00a0\u00a0 Les phases de travail en classe sont\u00a0: d\u00e9couvrir l\u2019UE, sa mission et son fonctionnement; les droits de l&#8217;enfant, l\u2019histoire de ces droits ; r\u00e9diger une proposition et la soumettre ; d\u00e9battre en classe sur 12 propositions pr\u00e9s\u00e9lectionn\u00e9es ; voter pour votre proposition pr\u00e9f\u00e9r\u00e9e parmi les 12 retenues.<\/p>\n\n\n\n<p>\u00a0\u00a0\u00a0\u00a0\u00a0\u00a0\u00a0\u00a0\u00a0\u00a0\u00a0 <strong>Les \u00e9l\u00e8ves du cinqui\u00e8me A et C de notre lyc\u00e9e,  coordonn\u00e9 par<\/strong> <strong> prof. Bucur Ruxandra<\/strong> <strong>sont invit\u00e9s \u00e0 participer \u00e0 ce projet, afin de collaborer \u00e0 l\u2019\u00e9criture d\u2019un manifeste de 6 propositions pour l\u2019avenir de l\u2019Europe.<\/strong><\/p>\n\n\n\n<p><strong>&nbsp;&nbsp;&nbsp;&nbsp;&nbsp;&nbsp;&nbsp;&nbsp;&nbsp;&nbsp;&nbsp; <\/strong>Des informations suppl\u00e9mentaires concernant ce projet, aussi que le calendrier on trouve sur les sites <a href=\"https:\/\/manifest.20questionstochildren.com\/the_project?lang=fr_fr\" target=\"_blank\" rel=\"noreferrer noopener\">manifest.20questionstochildren<\/a>.com et lea.fr<\/p>\n\n\n\n<h1>&nbsp;&nbsp;&nbsp;&nbsp;&nbsp;&nbsp;&nbsp;&nbsp;&nbsp;&nbsp;&nbsp; <em>\u201cDonnons la parole aux futurs citoyens europ\u00e9ens!\u201d<\/em><\/h1>\n\n\n\n<p><\/p>\n","protected":false},"excerpt":{"rendered":"<p>Un projet p\u00e9dagogique d\u2019envergure europ\u00e9enne &#8211; En partenariat avec la c\u00e9l\u00e8bre maison d\u2019\u00e9dition fran\u00e7aise Nathan, et son r\u00e9seau p\u00e9dagogique et collaboratif Lea.fr, ce projet p\u00e9dagogique s`adresse \u00e0 des classes europ\u00e9ennes pour des enfants \u00e2g\u00e9s de 8 \u00e0 12 ans, issus de 6 pays. \u00c0 travers cette exp\u00e9rience, les enfants des classes participantes sont sensibilis\u00e9s d\u00e8s [&hellip;]<\/p>\n","protected":false},"author":3,"featured_media":0,"parent":0,"menu_order":0,"comment_status":"closed","ping_status":"closed","template":"","meta":[],"_links":{"self":[{"href":"http:\/\/liceulovidius.ro\/blog-franceza\/index.php?rest_route=\/wp\/v2\/pages\/271"}],"collection":[{"href":"http:\/\/liceulovidius.ro\/blog-franceza\/index.php?rest_route=\/wp\/v2\/pages"}],"about":[{"href":"http:\/\/liceulovidius.ro\/blog-franceza\/index.php?rest_route=\/wp\/v2\/types\/page"}],"author":[{"embeddable":true,"href":"http:\/\/liceulovidius.ro\/blog-franceza\/index.php?rest_route=\/wp\/v2\/users\/3"}],"replies":[{"embeddable":true,"href":"http:\/\/liceulovidius.ro\/blog-franceza\/index.php?rest_route=%2Fwp%2Fv2%2Fcomments&post=271"}],"version-history":[{"count":1,"href":"http:\/\/liceulovidius.ro\/blog-franceza\/index.php?rest_route=\/wp\/v2\/pages\/271\/revisions"}],"predecessor-version":[{"id":272,"href":"http:\/\/liceulovidius.ro\/blog-franceza\/index.php?rest_route=\/wp\/v2\/pages\/271\/revisions\/272"}],"wp:attachment":[{"href":"http:\/\/liceulovidius.ro\/blog-franceza\/index.php?rest_route=%2Fwp%2Fv2%2Fmedia&parent=271"}],"curies":[{"name":"wp","href":"https:\/\/api.w.org\/{rel}","templated":true}]}}