{"id":32,"date":"2021-11-22T07:22:01","date_gmt":"2021-11-22T07:22:01","guid":{"rendered":"https:\/\/liceulovidius.ro\/blog-franceza\/?page_id=32"},"modified":"2021-11-22T07:22:01","modified_gmt":"2021-11-22T07:22:01","slug":"les-professeurs","status":"publish","type":"page","link":"http:\/\/liceulovidius.ro\/blog-franceza\/?page_id=32","title":{"rendered":"Les professeurs"},"content":{"rendered":"\n<p>FLE (Fran\u00e7ais langue etrang\u00e8re)<\/p>\n\n\n\n<figure class=\"wp-block-table\"><table><tbody><tr><td><strong>Popovici Mariana<\/strong><\/td><\/tr><tr><td><strong>Dima-Aldea Nadina<\/strong><\/td><\/tr><tr><td><strong>Gheorghiu Lavinia<\/strong><\/td><\/tr><tr><td><strong>Gavrila Cristina<\/strong><\/td><\/tr><tr><td><strong>Bucur Ruxandra<\/strong><\/td><\/tr><\/tbody><\/table><\/figure>\n\n\n\n<p>DNL (Disciplines non linguistiques)<\/p>\n\n\n\n<figure class=\"wp-block-table\"><table><tbody><tr><td><strong>PROFESSEUR (S) D\u2019HISTOIRE<\/strong> <strong>Nistor Elena<\/strong> <strong>Paris Anisoara<\/strong><\/td><\/tr><tr><td><strong>PROFESSEUR&nbsp; DE G\u00c9OGRAPHIE<\/strong> <strong>Mihalteanu Cristina<\/strong><\/td><\/tr><tr><td><strong>PROFESSEUR&nbsp; DE MATH\u00c9MATIQUES<\/strong> <strong>Codreanu Alina<\/strong><\/td><\/tr><tr><td><strong>PROFESSEUR DE PHYSIQUE<\/strong> <strong>Anghel Cristina<\/strong><\/td><\/tr><tr><td><strong>PROFESSEUR&nbsp;&nbsp; DE BIOLOGIE<\/strong> <strong>Bucoval\u0103 Carmen<\/strong><\/td><\/tr><\/tbody><\/table><\/figure>\n","protected":false},"excerpt":{"rendered":"<p>FLE (Fran\u00e7ais langue etrang\u00e8re) Popovici Mariana Dima-Aldea Nadina Gheorghiu Lavinia Gavrila Cristina Bucur Ruxandra DNL (Disciplines non linguistiques) PROFESSEUR (S) D\u2019HISTOIRE Nistor Elena Paris Anisoara PROFESSEUR&nbsp; DE G\u00c9OGRAPHIE Mihalteanu Cristina PROFESSEUR&nbsp; DE MATH\u00c9MATIQUES Codreanu Alina PROFESSEUR DE PHYSIQUE Anghel Cristina PROFESSEUR&nbsp;&nbsp; DE BIOLOGIE Bucoval\u0103 Carmen<\/p>\n","protected":false},"author":2,"featured_media":0,"parent":0,"menu_order":0,"comment_status":"closed","ping_status":"closed","template":"","meta":[],"_links":{"self":[{"href":"http:\/\/liceulovidius.ro\/blog-franceza\/index.php?rest_route=\/wp\/v2\/pages\/32"}],"collection":[{"href":"http:\/\/liceulovidius.ro\/blog-franceza\/index.php?rest_route=\/wp\/v2\/pages"}],"about":[{"href":"http:\/\/liceulovidius.ro\/blog-franceza\/index.php?rest_route=\/wp\/v2\/types\/page"}],"author":[{"embeddable":true,"href":"http:\/\/liceulovidius.ro\/blog-franceza\/index.php?rest_route=\/wp\/v2\/users\/2"}],"replies":[{"embeddable":true,"href":"http:\/\/liceulovidius.ro\/blog-franceza\/index.php?rest_route=%2Fwp%2Fv2%2Fcomments&post=32"}],"version-history":[{"count":1,"href":"http:\/\/liceulovidius.ro\/blog-franceza\/index.php?rest_route=\/wp\/v2\/pages\/32\/revisions"}],"predecessor-version":[{"id":33,"href":"http:\/\/liceulovidius.ro\/blog-franceza\/index.php?rest_route=\/wp\/v2\/pages\/32\/revisions\/33"}],"wp:attachment":[{"href":"http:\/\/liceulovidius.ro\/blog-franceza\/index.php?rest_route=%2Fwp%2Fv2%2Fmedia&parent=32"}],"curies":[{"name":"wp","href":"https:\/\/api.w.org\/{rel}","templated":true}]}}