{"id":39,"date":"2021-11-22T07:27:50","date_gmt":"2021-11-22T07:27:50","guid":{"rendered":"https:\/\/liceulovidius.ro\/blog-franceza\/?page_id=39"},"modified":"2022-01-04T13:09:54","modified_gmt":"2022-01-04T13:09:54","slug":"projets","status":"publish","type":"page","link":"http:\/\/liceulovidius.ro\/blog-franceza\/?page_id=39","title":{"rendered":"Projets"},"content":{"rendered":"\n<ul><li><a href=\"https:\/\/liceulovidius.ro\/blog-franceza\/index.php\/manifeste-des-ecoliers-pour-lavenir-de-leurope\/\"><strong>Manifeste des \u00c9coliers pour l\u2019avenir de l\u2019Europe<\/strong><\/a><\/li><li><a href=\"https:\/\/liceulovidius.ro\/blog-franceza\/index.php\/projets\/concours-interscolaire-bd-noel-bd-santa\/\"><strong>Concours interscolaire\u00a0&#8222;BD No\u00ebl-BD Santa&#8221;<\/strong> <\/a><\/li><li><strong><a href=\"http:\/\/liceulovidius.ro\/blog-franceza\/index.php\/projets\/jeunes-entrepreneurs\/\">Jeunes entrepreneurs<\/a><\/strong><\/li><li><strong><a href=\"http:\/\/liceulovidius.ro\/blog-franceza\/index.php\/projets\/leau-source-de-vie\/\">L\u2019eau source de vie<\/a> <\/strong><\/li><li><strong><a href=\"https:\/\/liceulovidius.ro\/blog-franceza\/index.php\/projets\/la-journee-europeenne-des-langues\/\">La journ\u00e9e europ\u00e9enne des langues\u00a0<\/a><\/strong><\/li><li><strong><a href=\"https:\/\/liceulovidius.ro\/blog-franceza\/index.php\/projets\/reunion-de-famille\/\">R\u00e9union de famille<\/a><\/strong><\/li><li><strong><a href=\"https:\/\/liceulovidius.ro\/blog-franceza\/index.php\/projets\/salon-international-des-bandes-dessinees\/\">Salon International des Bandes Dessin\u00e9es\u00a0<\/a><\/strong><\/li><li><strong><a href=\"https:\/\/liceulovidius.ro\/blog-franceza\/index.php\/projets\/festival-du-film-francais-en-roumanie\/\">Festival du Film Fran\u00e7ais en Roumanie<\/a>\u00a0<\/strong><\/li><li><strong><a href=\"https:\/\/liceulovidius.ro\/blog-franceza\/index.php\/projets\/association-roumaines-des-professeurs-francophones-2\/\">Association Roumaines des Professeurs Francophones<\/a><\/strong><\/li><li><strong><a href=\"https:\/\/liceulovidius.ro\/blog-franceza\/index.php\/projets\/association-roumaines-des-professeurs-francophones\/\">La troupe \u00ab Amphith\u00e9\u00e2tre \u00bb<\/a><\/strong><\/li><li><strong><a href=\"https:\/\/liceulovidius.ro\/blog-franceza\/index.php\/projets\/mini-amphitheatre-theatre-francophone\/\">Mini \u2013 Amphith\u00e9\u00e2tre Th\u00e9\u00e2tre francophone<\/a>\u00a0\u00a0\u00a0<\/strong><\/li><li><strong><a href=\"https:\/\/liceulovidius.ro\/blog-franceza\/index.php\/projets\/le-journal-de-mes-reves-projet-comenius-bilateral\/\">Projet Comenius Bilat\u00e9ral<\/a><\/strong> <strong><a href=\"https:\/\/liceulovidius.ro\/blog-franceza\/index.php\/projets\/le-journal-de-mes-reves-projet-comenius-bilateral\/\">\u201cLe Journal de mes r\u00eaves\u201d<\/a><\/strong><\/li><li><strong><a href=\"https:\/\/liceulovidius.ro\/blog-franceza\/index.php\/projets\/projet-comenius-multilateral-mare-nostrum-la-troisieme-rencontre-du-projet-a-ete-realisee-a-plougastel-brest-france\/\">Projet Comenius Multilat\u00e9ral \u00ab\u00a0Mare Nostrum\u00a0\u00bb<\/a><\/strong><\/li><li><strong><a href=\"https:\/\/liceulovidius.ro\/blog-franceza\/index.php\/projets\/slam-en-images\/\">Slam en images<\/a>\u00a0<\/strong><\/li><\/ul>\n\n\n\n<p><\/p>\n","protected":false},"excerpt":{"rendered":"<p>Manifeste des \u00c9coliers pour l\u2019avenir de l\u2019Europe Concours interscolaire\u00a0&#8222;BD No\u00ebl-BD Santa&#8221; Jeunes entrepreneurs L\u2019eau source de vie La journ\u00e9e europ\u00e9enne des langues\u00a0 R\u00e9union de famille Salon International des Bandes Dessin\u00e9es\u00a0 Festival du Film Fran\u00e7ais en Roumanie\u00a0 Association Roumaines des Professeurs Francophones La troupe \u00ab Amphith\u00e9\u00e2tre \u00bb Mini \u2013 Amphith\u00e9\u00e2tre Th\u00e9\u00e2tre francophone\u00a0\u00a0\u00a0 Projet Comenius Bilat\u00e9ral \u201cLe [&hellip;]<\/p>\n","protected":false},"author":2,"featured_media":0,"parent":0,"menu_order":0,"comment_status":"closed","ping_status":"closed","template":"","meta":[],"_links":{"self":[{"href":"http:\/\/liceulovidius.ro\/blog-franceza\/index.php?rest_route=\/wp\/v2\/pages\/39"}],"collection":[{"href":"http:\/\/liceulovidius.ro\/blog-franceza\/index.php?rest_route=\/wp\/v2\/pages"}],"about":[{"href":"http:\/\/liceulovidius.ro\/blog-franceza\/index.php?rest_route=\/wp\/v2\/types\/page"}],"author":[{"embeddable":true,"href":"http:\/\/liceulovidius.ro\/blog-franceza\/index.php?rest_route=\/wp\/v2\/users\/2"}],"replies":[{"embeddable":true,"href":"http:\/\/liceulovidius.ro\/blog-franceza\/index.php?rest_route=%2Fwp%2Fv2%2Fcomments&post=39"}],"version-history":[{"count":11,"href":"http:\/\/liceulovidius.ro\/blog-franceza\/index.php?rest_route=\/wp\/v2\/pages\/39\/revisions"}],"predecessor-version":[{"id":276,"href":"http:\/\/liceulovidius.ro\/blog-franceza\/index.php?rest_route=\/wp\/v2\/pages\/39\/revisions\/276"}],"wp:attachment":[{"href":"http:\/\/liceulovidius.ro\/blog-franceza\/index.php?rest_route=%2Fwp%2Fv2%2Fmedia&parent=39"}],"curies":[{"name":"wp","href":"https:\/\/api.w.org\/{rel}","templated":true}]}}