{"id":41,"date":"2021-11-22T07:29:55","date_gmt":"2021-11-22T07:29:55","guid":{"rendered":"https:\/\/liceulovidius.ro\/blog-franceza\/?page_id=41"},"modified":"2021-11-22T07:29:55","modified_gmt":"2021-11-22T07:29:55","slug":"la-journee-europeenne-des-langues","status":"publish","type":"page","link":"http:\/\/liceulovidius.ro\/blog-franceza\/?page_id=41","title":{"rendered":"La journ\u00e9e europ\u00e9enne des langues"},"content":{"rendered":"\n<div class=\"wp-block-image\"><figure class=\"aligncenter size-full\"><img loading=\"lazy\" width=\"464\" height=\"200\" src=\"https:\/\/liceulovidius.ro\/blog-franceza\/wp-content\/uploads\/2021\/11\/5.png\" alt=\"\" class=\"wp-image-42\" srcset=\"http:\/\/liceulovidius.ro\/blog-franceza\/wp-content\/uploads\/2021\/11\/5.png 464w, http:\/\/liceulovidius.ro\/blog-franceza\/wp-content\/uploads\/2021\/11\/5-300x129.png 300w\" sizes=\"(max-width: 464px) 100vw, 464px\" \/><\/figure><\/div>\n\n\n\n<p>La journ\u00e9e europ\u00e9enne des langues est c\u00e9l\u00e9br\u00e9e, chaque ann\u00e9e, le 26 Septembre. Ce jour-l\u00e0 est m\u00e9morable, c\u2019est une journ\u00e9e sp\u00e9ciale surtout pour tous les \u00e9l\u00e8ves de la classe bilingue francophone.<\/p>\n\n\n\n<p>Lors de cette journ\u00e9e les \u00e9l\u00e8ves ont l\u2019occasion d\u2019exprimer leur amour pour les langues \u00e9tudi\u00e9es \u00e0 l\u2019\u00e9cole ou parl\u00e9es \u00e0 la maison ou m\u00eame dans diverses communaut\u00e9s linguistiques dont leurs amis font partie. Cette ann\u00e9e aussi, les \u00e9l\u00e8ves du Lyc\u00e9e Th\u00e9orique \u00ab&nbsp;Ovidius \u00bb, encadr\u00e9s par leurs professeurs, Mme Mariana Popovici, Mme Cristina Gavril\u0103, Mme Lavinia Gheorghiu, M Mme Ruxandra Bucur et&nbsp; Mme Nadina Dima-Aldea&nbsp;ont r\u00e9alis\u00e9 des posters, fait des quizz, r\u00e9cit\u00e9 des po\u00e8mes, chant\u00e9 et jou\u00e9 dans les langues \u00e9trang\u00e8res qu\u2019ils connaissaient, ou pas\u2026. ou avec celles qu\u2019ils aimeraient apprendre.<\/p>\n\n\n\n<p>Parmi ces activit\u00e9s, les plus int\u00e9ressantes portent les titres suivants\u00a0: quiz sur les langues europ\u00e9ennes, films sur les langues europ\u00e9ennes \u00e9tudi\u00e9es au LTO Constan\u0163a, m\u00e9moriser, r\u00e9citer, chanter des textes dans une autre langue, quiz sur les langues, exposition posters, r\u00e9cital de slam, la carte des mots, les pi\u00e8ces de th\u00e9\u00e2tre.<\/p>\n","protected":false},"excerpt":{"rendered":"<p>La journ\u00e9e europ\u00e9enne des langues est c\u00e9l\u00e9br\u00e9e, chaque ann\u00e9e, le 26 Septembre. Ce jour-l\u00e0 est m\u00e9morable, c\u2019est une journ\u00e9e sp\u00e9ciale surtout pour tous les \u00e9l\u00e8ves de la classe bilingue francophone. Lors de cette journ\u00e9e les \u00e9l\u00e8ves ont l\u2019occasion d\u2019exprimer leur amour pour les langues \u00e9tudi\u00e9es \u00e0 l\u2019\u00e9cole ou parl\u00e9es \u00e0 la maison ou m\u00eame dans [&hellip;]<\/p>\n","protected":false},"author":2,"featured_media":0,"parent":39,"menu_order":0,"comment_status":"closed","ping_status":"closed","template":"","meta":[],"_links":{"self":[{"href":"http:\/\/liceulovidius.ro\/blog-franceza\/index.php?rest_route=\/wp\/v2\/pages\/41"}],"collection":[{"href":"http:\/\/liceulovidius.ro\/blog-franceza\/index.php?rest_route=\/wp\/v2\/pages"}],"about":[{"href":"http:\/\/liceulovidius.ro\/blog-franceza\/index.php?rest_route=\/wp\/v2\/types\/page"}],"author":[{"embeddable":true,"href":"http:\/\/liceulovidius.ro\/blog-franceza\/index.php?rest_route=\/wp\/v2\/users\/2"}],"replies":[{"embeddable":true,"href":"http:\/\/liceulovidius.ro\/blog-franceza\/index.php?rest_route=%2Fwp%2Fv2%2Fcomments&post=41"}],"version-history":[{"count":1,"href":"http:\/\/liceulovidius.ro\/blog-franceza\/index.php?rest_route=\/wp\/v2\/pages\/41\/revisions"}],"predecessor-version":[{"id":43,"href":"http:\/\/liceulovidius.ro\/blog-franceza\/index.php?rest_route=\/wp\/v2\/pages\/41\/revisions\/43"}],"up":[{"embeddable":true,"href":"http:\/\/liceulovidius.ro\/blog-franceza\/index.php?rest_route=\/wp\/v2\/pages\/39"}],"wp:attachment":[{"href":"http:\/\/liceulovidius.ro\/blog-franceza\/index.php?rest_route=%2Fwp%2Fv2%2Fmedia&parent=41"}],"curies":[{"name":"wp","href":"https:\/\/api.w.org\/{rel}","templated":true}]}}