{"id":46,"date":"2021-11-22T07:34:09","date_gmt":"2021-11-22T07:34:09","guid":{"rendered":"https:\/\/liceulovidius.ro\/blog-franceza\/?page_id=46"},"modified":"2021-11-29T16:11:57","modified_gmt":"2021-11-29T16:11:57","slug":"salon-international-des-bandes-dessinees","status":"publish","type":"page","link":"http:\/\/liceulovidius.ro\/blog-franceza\/?page_id=46","title":{"rendered":"Salon International des Bandes Dessin\u00e9es"},"content":{"rendered":"\n<p>Du 19 au 22 avril 2001, le \u00ab<strong> Salon International des Bandes Dessin\u00e9es<\/strong>&nbsp;\u00bb&nbsp;de Constantza a ouvert ses portes. Les expositions ont \u00e9t\u00e9 coordonn\u00e9es par Dodo Ni\u0163\u0103, les services culturels de l\u2019Ambassade de France en Roumanie, l\u2019Alliance Fran\u00e7aise et l\u2019Association des B\u00e9d\u00e9philes de Roumanie et la D\u00e9l\u00e9gation Wallonie-Bruxelles.<\/p>\n\n\n\n<p>Nos \u00e9l\u00e8ves ont particip\u00e9 avec leurs cr\u00e9ations BD, ont re\u00e7u des prix <a href=\"http:\/\/benzidesenateromanesti.blogspot.com\/2013\/10\/mesager-de-constanta-salonul.html\">http:\/\/benzidesenateromanesti.blogspot.com\/2013\/10\/mesager-de-constanta-salonul.html<\/a> , ont pu dialoguer avec les grands auteurs des BD, ont particip\u00e9 aux tables rondes et aux ateliers. La BD est un excellent moyen de promouvoir la langue et la culture fran\u00e7aise.<\/p>\n\n\n\n<figure class=\"wp-block-image size-full\"><img loading=\"lazy\" width=\"741\" height=\"368\" src=\"https:\/\/liceulovidius.ro\/blog-franceza\/wp-content\/uploads\/2021\/11\/6.png\" alt=\"\" class=\"wp-image-47\" srcset=\"http:\/\/liceulovidius.ro\/blog-franceza\/wp-content\/uploads\/2021\/11\/6.png 741w, http:\/\/liceulovidius.ro\/blog-franceza\/wp-content\/uploads\/2021\/11\/6-300x149.png 300w, http:\/\/liceulovidius.ro\/blog-franceza\/wp-content\/uploads\/2021\/11\/6-676x336.png 676w\" sizes=\"(max-width: 741px) 100vw, 741px\" \/><\/figure>\n\n\n\n<figure class=\"wp-block-image size-large\"><img loading=\"lazy\" width=\"1024\" height=\"1024\" src=\"https:\/\/liceulovidius.ro\/blog-franceza\/wp-content\/uploads\/2021\/11\/cc953b87-2142-4bd1-a7af-dff9e4c9a2be-1024x1024.jpg\" alt=\"\" class=\"wp-image-171\" srcset=\"http:\/\/liceulovidius.ro\/blog-franceza\/wp-content\/uploads\/2021\/11\/cc953b87-2142-4bd1-a7af-dff9e4c9a2be-1024x1024.jpg 1024w, http:\/\/liceulovidius.ro\/blog-franceza\/wp-content\/uploads\/2021\/11\/cc953b87-2142-4bd1-a7af-dff9e4c9a2be-300x300.jpg 300w, http:\/\/liceulovidius.ro\/blog-franceza\/wp-content\/uploads\/2021\/11\/cc953b87-2142-4bd1-a7af-dff9e4c9a2be-150x150.jpg 150w, http:\/\/liceulovidius.ro\/blog-franceza\/wp-content\/uploads\/2021\/11\/cc953b87-2142-4bd1-a7af-dff9e4c9a2be-768x768.jpg 768w, http:\/\/liceulovidius.ro\/blog-franceza\/wp-content\/uploads\/2021\/11\/cc953b87-2142-4bd1-a7af-dff9e4c9a2be-1536x1536.jpg 1536w, http:\/\/liceulovidius.ro\/blog-franceza\/wp-content\/uploads\/2021\/11\/cc953b87-2142-4bd1-a7af-dff9e4c9a2be-676x676.jpg 676w, http:\/\/liceulovidius.ro\/blog-franceza\/wp-content\/uploads\/2021\/11\/cc953b87-2142-4bd1-a7af-dff9e4c9a2be.jpg 2048w\" sizes=\"(max-width: 1024px) 100vw, 1024px\" \/><figcaption>                                                                                Illustration  Adina S\u00e2rbescu, 2021<\/figcaption><\/figure>\n","protected":false},"excerpt":{"rendered":"<p>Du 19 au 22 avril 2001, le \u00ab Salon International des Bandes Dessin\u00e9es&nbsp;\u00bb&nbsp;de Constantza a ouvert ses portes. Les expositions ont \u00e9t\u00e9 coordonn\u00e9es par Dodo Ni\u0163\u0103, les services culturels de l\u2019Ambassade de France en Roumanie, l\u2019Alliance Fran\u00e7aise et l\u2019Association des B\u00e9d\u00e9philes de Roumanie et la D\u00e9l\u00e9gation Wallonie-Bruxelles. Nos \u00e9l\u00e8ves ont particip\u00e9 avec leurs cr\u00e9ations BD, [&hellip;]<\/p>\n","protected":false},"author":2,"featured_media":0,"parent":39,"menu_order":3,"comment_status":"closed","ping_status":"closed","template":"","meta":[],"_links":{"self":[{"href":"http:\/\/liceulovidius.ro\/blog-franceza\/index.php?rest_route=\/wp\/v2\/pages\/46"}],"collection":[{"href":"http:\/\/liceulovidius.ro\/blog-franceza\/index.php?rest_route=\/wp\/v2\/pages"}],"about":[{"href":"http:\/\/liceulovidius.ro\/blog-franceza\/index.php?rest_route=\/wp\/v2\/types\/page"}],"author":[{"embeddable":true,"href":"http:\/\/liceulovidius.ro\/blog-franceza\/index.php?rest_route=\/wp\/v2\/users\/2"}],"replies":[{"embeddable":true,"href":"http:\/\/liceulovidius.ro\/blog-franceza\/index.php?rest_route=%2Fwp%2Fv2%2Fcomments&post=46"}],"version-history":[{"count":4,"href":"http:\/\/liceulovidius.ro\/blog-franceza\/index.php?rest_route=\/wp\/v2\/pages\/46\/revisions"}],"predecessor-version":[{"id":174,"href":"http:\/\/liceulovidius.ro\/blog-franceza\/index.php?rest_route=\/wp\/v2\/pages\/46\/revisions\/174"}],"up":[{"embeddable":true,"href":"http:\/\/liceulovidius.ro\/blog-franceza\/index.php?rest_route=\/wp\/v2\/pages\/39"}],"wp:attachment":[{"href":"http:\/\/liceulovidius.ro\/blog-franceza\/index.php?rest_route=%2Fwp%2Fv2%2Fmedia&parent=46"}],"curies":[{"name":"wp","href":"https:\/\/api.w.org\/{rel}","templated":true}]}}