{"id":49,"date":"2021-11-22T07:35:12","date_gmt":"2021-11-22T07:35:12","guid":{"rendered":"https:\/\/liceulovidius.ro\/blog-franceza\/?page_id=49"},"modified":"2021-11-22T07:35:12","modified_gmt":"2021-11-22T07:35:12","slug":"festival-du-film-francais-en-roumanie","status":"publish","type":"page","link":"http:\/\/liceulovidius.ro\/blog-franceza\/?page_id=49","title":{"rendered":"Festival du Film Fran\u00e7ais en Roumanie"},"content":{"rendered":"\n<p>Pour les amoureux du cin\u00e9ma, fran\u00e7ais en particulier, nos \u00e9tudiants ont choisi de participer au <strong><em>\u00ab\u00a0Festival du Film Fran\u00e7ais en Roumanie\u00a0<\/em><\/strong><em>\u00bb <\/em>o\u00f9 ils ont eu l\u2019opportunit\u00e9 de d\u00e9couvrir des \u0153uvres cin\u00e9matographiques in\u00e9dites. Le film fran\u00e7ais de Constantza anime notre vie culturelle.<\/p>\n","protected":false},"excerpt":{"rendered":"<p>Pour les amoureux du cin\u00e9ma, fran\u00e7ais en particulier, nos \u00e9tudiants ont choisi de participer au \u00ab\u00a0Festival du Film Fran\u00e7ais en Roumanie\u00a0\u00bb o\u00f9 ils ont eu l\u2019opportunit\u00e9 de d\u00e9couvrir des \u0153uvres cin\u00e9matographiques in\u00e9dites. Le film fran\u00e7ais de Constantza anime notre vie culturelle.<\/p>\n","protected":false},"author":2,"featured_media":0,"parent":39,"menu_order":4,"comment_status":"closed","ping_status":"closed","template":"","meta":[],"_links":{"self":[{"href":"http:\/\/liceulovidius.ro\/blog-franceza\/index.php?rest_route=\/wp\/v2\/pages\/49"}],"collection":[{"href":"http:\/\/liceulovidius.ro\/blog-franceza\/index.php?rest_route=\/wp\/v2\/pages"}],"about":[{"href":"http:\/\/liceulovidius.ro\/blog-franceza\/index.php?rest_route=\/wp\/v2\/types\/page"}],"author":[{"embeddable":true,"href":"http:\/\/liceulovidius.ro\/blog-franceza\/index.php?rest_route=\/wp\/v2\/users\/2"}],"replies":[{"embeddable":true,"href":"http:\/\/liceulovidius.ro\/blog-franceza\/index.php?rest_route=%2Fwp%2Fv2%2Fcomments&post=49"}],"version-history":[{"count":1,"href":"http:\/\/liceulovidius.ro\/blog-franceza\/index.php?rest_route=\/wp\/v2\/pages\/49\/revisions"}],"predecessor-version":[{"id":50,"href":"http:\/\/liceulovidius.ro\/blog-franceza\/index.php?rest_route=\/wp\/v2\/pages\/49\/revisions\/50"}],"up":[{"embeddable":true,"href":"http:\/\/liceulovidius.ro\/blog-franceza\/index.php?rest_route=\/wp\/v2\/pages\/39"}],"wp:attachment":[{"href":"http:\/\/liceulovidius.ro\/blog-franceza\/index.php?rest_route=%2Fwp%2Fv2%2Fmedia&parent=49"}],"curies":[{"name":"wp","href":"https:\/\/api.w.org\/{rel}","templated":true}]}}