{"id":51,"date":"2021-11-22T07:36:15","date_gmt":"2021-11-22T07:36:15","guid":{"rendered":"https:\/\/liceulovidius.ro\/blog-franceza\/?page_id=51"},"modified":"2021-11-22T07:39:37","modified_gmt":"2021-11-22T07:39:37","slug":"association-roumaines-des-professeurs-francophones-2","status":"publish","type":"page","link":"http:\/\/liceulovidius.ro\/blog-franceza\/?page_id=51","title":{"rendered":"Association Roumaines des Professeurs Francophones"},"content":{"rendered":"\n<p>Depuis plusieurs ann\u00e9es les professeurs de langue fran\u00e7aise du Lyc\u00e9e Th\u00e9orique \u00ab&nbsp;Ovidius&nbsp;\u00bb sont membres actifs dans l\u2019<strong><em>\u00ab&nbsp;Association Roumaines des Professeurs Francophones&nbsp;\u00bb<\/em><\/strong> (ARPF) et y participent en s\u2019impliquant \u00e0 toutes les activit\u00e9s.<\/p>\n\n\n\n<p>En mars, chaque ann\u00e9e les professeurs de langue fran\u00e7aise du Lyc\u00e9e Th\u00e9orique \u00ab&nbsp;Ovidius&nbsp;\u00bb f\u00eatent avec leurs \u00e9l\u00e8ves la <strong><em>\u00ab&nbsp;Journ\u00e9e internationale de la francophonie&nbsp;\u00bb<\/em><\/strong>. L\u2019une des activit\u00e9s pr\u00e9f\u00e9r\u00e9es des \u00e9l\u00e8ves est d\u2019utiliser les dix mots dans des pr\u00e9sentations in\u00e9dites, soit sous la forme d\u2019une affiche ou d\u2019un collage soit sous la forme d\u2019un r\u00e9cit, d\u2019un slam, d\u2019un po\u00e8me ou d\u2019une chanson. \u00c0 part ces activit\u00e9s, on f\u00eate la journ\u00e9e de la francophonie aussi par des danses et des chansons en fran\u00e7ais, par le th\u00e9\u00e2tre francophone, par des concours de culture et civilisations entre les classes.<\/p>\n","protected":false},"excerpt":{"rendered":"<p>Depuis plusieurs ann\u00e9es les professeurs de langue fran\u00e7aise du Lyc\u00e9e Th\u00e9orique \u00ab&nbsp;Ovidius&nbsp;\u00bb sont membres actifs dans l\u2019\u00ab&nbsp;Association Roumaines des Professeurs Francophones&nbsp;\u00bb (ARPF) et y participent en s\u2019impliquant \u00e0 toutes les activit\u00e9s. En mars, chaque ann\u00e9e les professeurs de langue fran\u00e7aise du Lyc\u00e9e Th\u00e9orique \u00ab&nbsp;Ovidius&nbsp;\u00bb f\u00eatent avec leurs \u00e9l\u00e8ves la \u00ab&nbsp;Journ\u00e9e internationale de la francophonie&nbsp;\u00bb. L\u2019une [&hellip;]<\/p>\n","protected":false},"author":2,"featured_media":0,"parent":39,"menu_order":5,"comment_status":"closed","ping_status":"closed","template":"","meta":[],"_links":{"self":[{"href":"http:\/\/liceulovidius.ro\/blog-franceza\/index.php?rest_route=\/wp\/v2\/pages\/51"}],"collection":[{"href":"http:\/\/liceulovidius.ro\/blog-franceza\/index.php?rest_route=\/wp\/v2\/pages"}],"about":[{"href":"http:\/\/liceulovidius.ro\/blog-franceza\/index.php?rest_route=\/wp\/v2\/types\/page"}],"author":[{"embeddable":true,"href":"http:\/\/liceulovidius.ro\/blog-franceza\/index.php?rest_route=\/wp\/v2\/users\/2"}],"replies":[{"embeddable":true,"href":"http:\/\/liceulovidius.ro\/blog-franceza\/index.php?rest_route=%2Fwp%2Fv2%2Fcomments&post=51"}],"version-history":[{"count":1,"href":"http:\/\/liceulovidius.ro\/blog-franceza\/index.php?rest_route=\/wp\/v2\/pages\/51\/revisions"}],"predecessor-version":[{"id":52,"href":"http:\/\/liceulovidius.ro\/blog-franceza\/index.php?rest_route=\/wp\/v2\/pages\/51\/revisions\/52"}],"up":[{"embeddable":true,"href":"http:\/\/liceulovidius.ro\/blog-franceza\/index.php?rest_route=\/wp\/v2\/pages\/39"}],"wp:attachment":[{"href":"http:\/\/liceulovidius.ro\/blog-franceza\/index.php?rest_route=%2Fwp%2Fv2%2Fmedia&parent=51"}],"curies":[{"name":"wp","href":"https:\/\/api.w.org\/{rel}","templated":true}]}}