{"id":53,"date":"2021-11-22T07:37:20","date_gmt":"2021-11-22T07:37:20","guid":{"rendered":"https:\/\/liceulovidius.ro\/blog-franceza\/?page_id=53"},"modified":"2021-11-23T06:44:59","modified_gmt":"2021-11-23T06:44:59","slug":"association-roumaines-des-professeurs-francophones","status":"publish","type":"page","link":"http:\/\/liceulovidius.ro\/blog-franceza\/?page_id=53","title":{"rendered":"La troupe \u00ab Amphith\u00e9\u00e2tre \u00bb"},"content":{"rendered":"\n<p>La troupe \u00ab&nbsp;Amphith\u00e9\u00e2tre&nbsp;\u00bb a \u00e9t\u00e9 cr\u00e9\u00e9e en Septembre 1995 \u00e0 l\u2019initiative des professeurs de fran\u00e7ais Maria et Cornel Andre\u015foiu dans l\u2019id\u00e9e d\u2019offrir aux jeunes lyc\u00e9ens francophones l\u2019opportunit\u00e9 de se rencontrer et de travailler dans un cadre ouvert aux valeurs culturelles europ\u00e9ennes, dans un esprit moderne, en facilitant leur int\u00e9gration europ\u00e9enne \u00e0 travers la culture, et parfaire leur \u00e9ducation culturelle, linguistique et psychique par le th\u00e9\u00e2tre.<\/p>\n\n\n\n<p>La troupe est form\u00e9e de jeunes des diff\u00e9rents lyc\u00e9es de Constantza, s\u00e9lectionn\u00e9s chaque ann\u00e9e, car les promotions se succ\u00e8dent et au fil des ans, les jeunes partent pour leurs \u00e9tudes sup\u00e9rieures dans d\u2019autres villes.&nbsp;<\/p>\n\n\n\n<p>A partir de 2016, la troupe de th\u00e9\u00e2tre francophone \u00ab&nbsp;Amphith\u00e9\u00e2tre&nbsp;\u00bb est coordonn\u00e9e aussi par les professeurs du lyc\u00e9e.<\/p>\n\n\n\n<p>A partir de 1995 jusqu\u2019\u00e0 pr\u00e9sent, la troupe de th\u00e9\u00e2tre francophone \u00ab&nbsp;Amphith\u00e9\u00e2tre&nbsp;\u00bb a pr\u00e9sent\u00e9 plus de 150 spectacles, et en 2000 lorsque la troupe a eu sa premi\u00e8re participation au Festival International de Th\u00e9\u00e2tre Francophone pour les lyc\u00e9ens, d\u2019Arad, \u00ab Amifran&nbsp;\u00bb, la troupe est entr\u00e9e dans le r\u00e9seau international des festivals de th\u00e9\u00e2tres francophones.&nbsp;&nbsp;<\/p>\n\n\n\n<p>G\u00e9n\u00e9ralement, les r\u00e9p\u00e9tions et les spectacles offerts par la troupe de th\u00e9\u00e2tre francophone ne visent pas une sp\u00e9cialisation des \u00e9l\u00e8ves dans l\u2019acte th\u00e9\u00e2trale mais une acquisition de certaines comp\u00e9tences sc\u00e9niques.&nbsp;&nbsp;&nbsp;&nbsp;&nbsp;&nbsp;<\/p>\n\n\n\n<p>Pratiquer le th\u00e9\u00e2tre \u00e0 l\u2019\u00e9cole et surtout dans une langue \u00e9trang\u00e8re comme le fran\u00e7ais, offre aux \u00e9l\u00e8ves la d\u00e9couverte d\u2019un autre univers, de mieux se conna\u00eetre entre eux et de d\u00e9velopper leur capacit\u00e9 d\u2019innovation et d\u2019imagination. Voil\u00e0 pourquoi cette activit\u00e9 est ouverte vers l\u2019apprentissage et la socialisation.<\/p>\n\n\n\n<p>Plus pr\u00e9cis\u00e9ment, la contribution du th\u00e9\u00e2tre dans l\u2019\u00e9ducation est une preuve de grande richesse, parce que les \u00e9l\u00e8ves acteurs mettent ensemble le jeu et l\u2019interpr\u00e9tation, la th\u00e9orie et la technique, l\u2019abstrait et la pratique r\u00e9elle sur la sc\u00e8ne. En r\u00e9alit\u00e9 il y a plusieurs disciplines scolaires (le fran\u00e7ais, la philosophie, etc.) associ\u00e9es \u00e0 ce domaine artistique.<\/p>\n\n\n\n<p>Le r\u00e9pertoire que l\u2019animatrice de la troupe choisit est vari\u00e9 et moderne. Il est constitu\u00e9 d\u2019auteurs fran\u00e7ais et roumains de langue fran\u00e7aise comme&nbsp;: Jacques Pr\u00e9vert, Jean Tardieu, Raymond Devos, Raymond Queneau, Philipe Dorin, Ren\u00e9 de Obaldia, Eug\u00e8ne Ionesco, Matei Visniec, Fernando Arrabal, Slawomir Mrozek, Alejandro Jodorowsky, etc.&nbsp;&nbsp;&nbsp;&nbsp;<\/p>\n\n\n\n<p>A partir de 2016 la troupe de th\u00e9\u00e2tre francophone \u00ab&nbsp;Amphith\u00e9\u00e2tre&nbsp;\u00bb a particip\u00e9&nbsp;:<\/p>\n\n\n\n<ul><li>Au Festival International de Th\u00e9\u00e2tre Francophone pour les lyc\u00e9ens, d\u2019Arad, \u00abAmifran&nbsp;\u00bb, 2016&nbsp;;<\/li><\/ul>\n\n\n\n<ul><li>Au Festival International de Th\u00e9\u00e2tre Francophone de Brno, la R\u00e9publique Tch\u00e8que, 2017, <em>Bonjour Brno, <\/em>le spectacle Hors<em> les murs, <\/em>\u00e9crit par Jean-Gabriel Nordmann ;<\/li><\/ul>\n\n\n\n<ul><li>Au Festival International de Th\u00e9\u00e2tre Francophone pour les lyc\u00e9ens 2018, d\u2019Arad, \u00abAmifran&nbsp;\u00bb, le spectacle <em>Th\u00e9\u00e2tre D\u00e9compos\u00e9, <\/em>\u00e9crit par Matei Vi\u0219niec;<\/li><\/ul>\n\n\n\n<ul><li>Au Festival International de Th\u00e9\u00e2tre Francophone pour les lyc\u00e9ens Pecs, Hongrie, FTLF, en 2019 le spectacle <em>Th\u00e9\u00e2tre D\u00e9compos\u00e9, <\/em>\u00e9crit par Matei Vi\u0219niec;<\/li><\/ul>\n\n\n\n<ul><li>Au Festival International de Th\u00e9\u00e2tre Francophone pour les lyc\u00e9ens 2019, d\u2019Arad, \u00abAmifran&nbsp;\u00bb, le spectacle <em>La Farce du P\u00e2t\u00e9 et de la Tarte&nbsp;;<\/em><\/li><\/ul>\n\n\n\n<ul><li>Au Festival International de Th\u00e9\u00e2tre Francophone pour les lyc\u00e9ens Piano di Sorrento, Italie, en 2020 le spectacle <em>La Farce du P\u00e2t\u00e9 et de la Tarte&nbsp;;<\/em><\/li><\/ul>\n","protected":false},"excerpt":{"rendered":"<p>La troupe \u00ab&nbsp;Amphith\u00e9\u00e2tre&nbsp;\u00bb a \u00e9t\u00e9 cr\u00e9\u00e9e en Septembre 1995 \u00e0 l\u2019initiative des professeurs de fran\u00e7ais Maria et Cornel Andre\u015foiu dans l\u2019id\u00e9e d\u2019offrir aux jeunes lyc\u00e9ens francophones l\u2019opportunit\u00e9 de se rencontrer et de travailler dans un cadre ouvert aux valeurs culturelles europ\u00e9ennes, dans un esprit moderne, en facilitant leur int\u00e9gration europ\u00e9enne \u00e0 travers la culture, et [&hellip;]<\/p>\n","protected":false},"author":2,"featured_media":0,"parent":39,"menu_order":6,"comment_status":"closed","ping_status":"closed","template":"","meta":[],"_links":{"self":[{"href":"http:\/\/liceulovidius.ro\/blog-franceza\/index.php?rest_route=\/wp\/v2\/pages\/53"}],"collection":[{"href":"http:\/\/liceulovidius.ro\/blog-franceza\/index.php?rest_route=\/wp\/v2\/pages"}],"about":[{"href":"http:\/\/liceulovidius.ro\/blog-franceza\/index.php?rest_route=\/wp\/v2\/types\/page"}],"author":[{"embeddable":true,"href":"http:\/\/liceulovidius.ro\/blog-franceza\/index.php?rest_route=\/wp\/v2\/users\/2"}],"replies":[{"embeddable":true,"href":"http:\/\/liceulovidius.ro\/blog-franceza\/index.php?rest_route=%2Fwp%2Fv2%2Fcomments&post=53"}],"version-history":[{"count":2,"href":"http:\/\/liceulovidius.ro\/blog-franceza\/index.php?rest_route=\/wp\/v2\/pages\/53\/revisions"}],"predecessor-version":[{"id":89,"href":"http:\/\/liceulovidius.ro\/blog-franceza\/index.php?rest_route=\/wp\/v2\/pages\/53\/revisions\/89"}],"up":[{"embeddable":true,"href":"http:\/\/liceulovidius.ro\/blog-franceza\/index.php?rest_route=\/wp\/v2\/pages\/39"}],"wp:attachment":[{"href":"http:\/\/liceulovidius.ro\/blog-franceza\/index.php?rest_route=%2Fwp%2Fv2%2Fmedia&parent=53"}],"curies":[{"name":"wp","href":"https:\/\/api.w.org\/{rel}","templated":true}]}}