{"id":60,"date":"2021-11-22T07:40:37","date_gmt":"2021-11-22T07:40:37","guid":{"rendered":"https:\/\/liceulovidius.ro\/blog-franceza\/?page_id=60"},"modified":"2022-05-08T13:20:56","modified_gmt":"2022-05-08T13:20:56","slug":"projet-comenius-multilateral-mare-nostrum-la-troisieme-rencontre-du-projet-a-ete-realisee-a-plougastel-brest-france","status":"publish","type":"page","link":"http:\/\/liceulovidius.ro\/blog-franceza\/?page_id=60","title":{"rendered":"Projet Comenius &#8222;Mare Nostrum&#8221;."},"content":{"rendered":"\n<p>L\u2019\u00e9cole d\u2019accueil, le Coll\u00e8ge \u201cSt Anne\u201d de Plougastel-Daulas de Bretania, France, a organis\u00e9 un programme qui a inclus des visites, des activit\u00e9s d\u2019observation et d\u2019investigation de la nature, des rencontres avec des experts locaux dans le domaine de l\u2019\u00e9cosyst\u00e8me c\u00f4tier et de la vie marine.&nbsp;&nbsp;<\/p>\n\n\n\n<p>Comme pour les autres visites du projet, d\u00e9j\u00e0 d\u00e9velopp\u00e9es, maintenant aussi on a accord\u00e9 un espace significatif pour la pr\u00e9sentation des activit\u00e9s de recherche r\u00e9alis\u00e9es dans les derniers trois mois, le temps pass\u00e9 depuis la derni\u00e8re rencontre des \u00e9quipes du projet. Chacune de six \u00e9quipes repr\u00e9sentant les \u00e9coles partenaires&nbsp;: Istituto Comprensivo, Spoltore, Italie, Private Trade School, Varna, Bulgarie, Escola B\u00e1sica 2,3, Piscinas-Lisabona, Portugal, Lyc\u00e9e Th\u00e9orique \u201cOvidius\u201d, Constantza, Roumanie, Coll\u00e8ge Priv\u00e9 Catholique \u201cSainte Anne\u201d, Plougastel-Daoulas, France, 3dh High School of Acharnes, Ath\u00e9na, Gr\u00e8ce, ont eu l\u2019occasion de pr\u00e9senter les r\u00e9sultats des investigations scientifiques, r\u00e9alis\u00e9es sur les esp\u00e8ces compromis de leurs mers, sur les esp\u00e8ces r\u00e9cemment introduites ou sur l\u2019impact des activit\u00e9s anthropiques dans les \u00e9cosyst\u00e8mes c\u00f4ti\u00e8res.&nbsp;&nbsp;<\/p>\n\n\n\n<p>Les \u00e9l\u00e8ves roumains (Alexandra, Ana, Ciprian, Ioana, Marian, \u0218tefania) ont pr\u00e9sent\u00e9 quelques films sur l\u2019impact anthropique n\u00e9gatif sur l\u2019environnement marin et sur les causes de l\u2019abaissement de la biodiversit\u00e9 de la Mer Noire.<\/p>\n\n\n\n<p>Toutes les activit\u00e9s propos\u00e9es par les organisateurs fran\u00e7ais concernaient la connaissance de l\u2019environnement local, l\u2019identification des particularit\u00e9s \u00e9cologiques et g\u00e9ographiques qui d\u00e9terminent la sp\u00e9cificit\u00e9 naturelle des c\u00f4tes bretonnes. A ceux-ci on a ajout\u00e9 la visite de l\u2019un de plus importants complexes mus\u00e9aux en oc\u00e9anographie d\u2019Europe, Oceanopolis de Brest, mais il n\u2019y a pas manqu\u00e9 les ateliers sur les traditions et la langue bretonne.&nbsp;<\/p>\n\n\n\n<div class=\"wp-block-image\"><figure class=\"aligncenter size-full\"><img loading=\"lazy\" width=\"658\" height=\"438\" src=\"https:\/\/liceulovidius.ro\/blog-franceza\/wp-content\/uploads\/2021\/11\/image-1.png\" alt=\"\" class=\"wp-image-61\" srcset=\"http:\/\/liceulovidius.ro\/blog-franceza\/wp-content\/uploads\/2021\/11\/image-1.png 658w, http:\/\/liceulovidius.ro\/blog-franceza\/wp-content\/uploads\/2021\/11\/image-1-300x200.png 300w\" sizes=\"(max-width: 658px) 100vw, 658px\" \/><\/figure><\/div>\n","protected":false},"excerpt":{"rendered":"<p>L\u2019\u00e9cole d\u2019accueil, le Coll\u00e8ge \u201cSt Anne\u201d de Plougastel-Daulas de Bretania, France, a organis\u00e9 un programme qui a inclus des visites, des activit\u00e9s d\u2019observation et d\u2019investigation de la nature, des rencontres avec des experts locaux dans le domaine de l\u2019\u00e9cosyst\u00e8me c\u00f4tier et de la vie marine.&nbsp;&nbsp; Comme pour les autres visites du projet, d\u00e9j\u00e0 d\u00e9velopp\u00e9es, maintenant [&hellip;]<\/p>\n","protected":false},"author":2,"featured_media":0,"parent":39,"menu_order":9,"comment_status":"closed","ping_status":"closed","template":"","meta":[],"_links":{"self":[{"href":"http:\/\/liceulovidius.ro\/blog-franceza\/index.php?rest_route=\/wp\/v2\/pages\/60"}],"collection":[{"href":"http:\/\/liceulovidius.ro\/blog-franceza\/index.php?rest_route=\/wp\/v2\/pages"}],"about":[{"href":"http:\/\/liceulovidius.ro\/blog-franceza\/index.php?rest_route=\/wp\/v2\/types\/page"}],"author":[{"embeddable":true,"href":"http:\/\/liceulovidius.ro\/blog-franceza\/index.php?rest_route=\/wp\/v2\/users\/2"}],"replies":[{"embeddable":true,"href":"http:\/\/liceulovidius.ro\/blog-franceza\/index.php?rest_route=%2Fwp%2Fv2%2Fcomments&post=60"}],"version-history":[{"count":3,"href":"http:\/\/liceulovidius.ro\/blog-franceza\/index.php?rest_route=\/wp\/v2\/pages\/60\/revisions"}],"predecessor-version":[{"id":411,"href":"http:\/\/liceulovidius.ro\/blog-franceza\/index.php?rest_route=\/wp\/v2\/pages\/60\/revisions\/411"}],"up":[{"embeddable":true,"href":"http:\/\/liceulovidius.ro\/blog-franceza\/index.php?rest_route=\/wp\/v2\/pages\/39"}],"wp:attachment":[{"href":"http:\/\/liceulovidius.ro\/blog-franceza\/index.php?rest_route=%2Fwp%2Fv2%2Fmedia&parent=60"}],"curies":[{"name":"wp","href":"https:\/\/api.w.org\/{rel}","templated":true}]}}