{"id":651,"date":"2023-12-04T09:29:30","date_gmt":"2023-12-04T09:29:30","guid":{"rendered":"https:\/\/liceulovidius.ro\/blog-franceza\/?page_id=651"},"modified":"2025-07-20T10:58:42","modified_gmt":"2025-07-20T10:58:42","slug":"modul-pluridisciplinaire","status":"publish","type":"page","link":"http:\/\/liceulovidius.ro\/blog-franceza\/?page_id=651","title":{"rendered":"Module pluridisciplinaire"},"content":{"rendered":"\n<p>Projets pr\u00e9sent\u00e9s \u00e0 l\u2019\u00e9preuve anticip\u00e9e  &#8211; 2024-2025<\/p>\n\n\n\n<p><a href=\"https:\/\/www.canva.com\/design\/DAGnDCRKRpA\/t8zQ4GF8JYlKHYjTfZrTvw\/edit\">B\u0103rbieru Anamaria<\/a><\/p>\n\n\n\n<p><a href=\"https:\/\/prezi.com\/p\/9bjmcijboruj\/exploring-the-aquatic-environment\/#ai-flow\/details\">Constantin Alexandra<\/a><\/p>\n\n\n\n<p>&nbsp;<a href=\"https:\/\/prezi.com\/view\/Pj5ZU4JHOBHwZpv5IW13\/\">Ichim Teodora <\/a><\/p>\n\n\n\n<p><a href=\"https:\/\/www.canva.com\/design\/DAGnHUYj8fo\/QHC7WpkGjdFVKwKU3gdoXA\/edit\">B\u0103tutu Teodora<\/a><\/p>\n\n\n\n<p><a href=\"https:\/\/www.canva.com\/design\/DAGnPNDbmPA\/_ubwSb92R7_RciSNB80paw\/view?utm_content=DAGnPNDbmPA&amp;utm_campaign=designshare&amp;utm_medium=link2&amp;utm_source=uniquelinks&amp;utlId=h99bf8d7beb\">Vasilescu Daria<\/a><\/p>\n\n\n\n<p><a href=\"https:\/\/docs.google.com\/presentation\/d\/1fDjvg5wfGrHptrrqX1lPZJSrFVhOqxhhdLML8Pj7khU\/edit#slide=id.p\">Diaconu Ciprian<\/a><\/p>\n\n\n\n<p><a href=\"https:\/\/www.canva.com\/design\/DAGo7aEL_b0\/JKyzgam4P2xwNDE1XsAr3g\/edit?utm_content=DAGo7aEL_b0&amp;utm_campaign=designshare&amp;utm_medium=link2&amp;utm_source=sharebutton\">Ionescu Marian<\/a><\/p>\n\n\n\n<p><a href=\"https:\/\/www.canva.com\/design\/DAGo7VA7TF0\/suiQWB6sCeDIfB-7-gfNVQ\/edit?utm_content=DAGo7VA7TF0&amp;utm_campaign=designshare&amp;utm_medium=link2&amp;utm_source=sharebutton\">Strugariu Drago\u0219<\/a><\/p>\n\n\n\n<p><a href=\"https:\/\/www.canva.com\/design\/DAGo7TakxzA\/gz90LkBzdFYV3ksSBjVfig\/edit?utm_content=DAGo7TakxzA&amp;utm_campaign=designshare&amp;utm_medium=link2&amp;utm_source=sharebutton\">Holomei Cristina<\/a><\/p>\n\n\n\n<p><a href=\"https:\/\/www.canva.com\/design\/DAGo7Tn5BCg\/p4ARTKP1JDQsBHg2rA-q1w\/edit?utm_content=DAGo7Tn5BCg&amp;utm_campaign=designshare&amp;utm_medium=link2&amp;utm_source=sharebutton\">Piron Olimpia<\/a><\/p>\n","protected":false},"excerpt":{"rendered":"<p>Projets pr\u00e9sent\u00e9s \u00e0 l\u2019\u00e9preuve anticip\u00e9e &#8211; 2024-2025 B\u0103rbieru Anamaria Constantin Alexandra &nbsp;Ichim Teodora B\u0103tutu Teodora Vasilescu Daria Diaconu Ciprian Ionescu Marian Strugariu Drago\u0219 Holomei Cristina Piron Olimpia<\/p>\n","protected":false},"author":3,"featured_media":0,"parent":0,"menu_order":0,"comment_status":"closed","ping_status":"closed","template":"","meta":[],"_links":{"self":[{"href":"http:\/\/liceulovidius.ro\/blog-franceza\/index.php?rest_route=\/wp\/v2\/pages\/651"}],"collection":[{"href":"http:\/\/liceulovidius.ro\/blog-franceza\/index.php?rest_route=\/wp\/v2\/pages"}],"about":[{"href":"http:\/\/liceulovidius.ro\/blog-franceza\/index.php?rest_route=\/wp\/v2\/types\/page"}],"author":[{"embeddable":true,"href":"http:\/\/liceulovidius.ro\/blog-franceza\/index.php?rest_route=\/wp\/v2\/users\/3"}],"replies":[{"embeddable":true,"href":"http:\/\/liceulovidius.ro\/blog-franceza\/index.php?rest_route=%2Fwp%2Fv2%2Fcomments&post=651"}],"version-history":[{"count":28,"href":"http:\/\/liceulovidius.ro\/blog-franceza\/index.php?rest_route=\/wp\/v2\/pages\/651\/revisions"}],"predecessor-version":[{"id":885,"href":"http:\/\/liceulovidius.ro\/blog-franceza\/index.php?rest_route=\/wp\/v2\/pages\/651\/revisions\/885"}],"wp:attachment":[{"href":"http:\/\/liceulovidius.ro\/blog-franceza\/index.php?rest_route=%2Fwp%2Fv2%2Fmedia&parent=651"}],"curies":[{"name":"wp","href":"https:\/\/api.w.org\/{rel}","templated":true}]}}