{"id":1037,"date":"2022-02-19T17:55:12","date_gmt":"2022-02-19T17:55:12","guid":{"rendered":"http:\/\/liceulovidius.ro\/desen\/?page_id=1037"},"modified":"2022-02-19T17:57:29","modified_gmt":"2022-02-19T17:57:29","slug":"proiectul-international-sarbatori-fericite-organizat-de-scoala-romanesca-din-toronto-canada-6-decembrie-2021","status":"publish","type":"page","link":"http:\/\/liceulovidius.ro\/desen\/index.php\/proiectul-international-sarbatori-fericite-organizat-de-scoala-romanesca-din-toronto-canada-6-decembrie-2021\/","title":{"rendered":"Proiectul Interna\u021bional ,, S\u0103rb\u0103tori fericite!\u201d organizat de \u015ecoala Rom\u00e2nesc\u0103 din Toronto, Canada , 6 decembrie 2021"},"content":{"rendered":"\n<figure class=\"wp-block-gallery has-nested-images columns-default is-cropped\">\n<figure class=\"wp-block-image size-large\"><img loading=\"lazy\" width=\"629\" height=\"910\" data-id=\"1038\"  src=\"http:\/\/liceulovidius.ro\/desen\/wp-content\/uploads\/2022\/02\/BORUGA-DAVID-clasa-VB-Prof.-Ursu-Iustina-Silvana.jpg\" alt=\"\" class=\"wp-image-1038\" srcset=\"http:\/\/liceulovidius.ro\/desen\/wp-content\/uploads\/2022\/02\/BORUGA-DAVID-clasa-VB-Prof.-Ursu-Iustina-Silvana.jpg 629w, http:\/\/liceulovidius.ro\/desen\/wp-content\/uploads\/2022\/02\/BORUGA-DAVID-clasa-VB-Prof.-Ursu-Iustina-Silvana-207x300.jpg 207w\" sizes=\"(max-width: 629px) 100vw, 629px\" \/><\/figure>\n\n\n\n<figure class=\"wp-block-image size-full\"><img loading=\"lazy\" width=\"594\" height=\"849\" data-id=\"1040\"  src=\"http:\/\/liceulovidius.ro\/desen\/wp-content\/uploads\/2022\/02\/BUZEA-SERGIU-clasa-VB-Prof.-Ursu-Iustina-Silvana.jpg\" alt=\"\" class=\"wp-image-1040\" srcset=\"http:\/\/liceulovidius.ro\/desen\/wp-content\/uploads\/2022\/02\/BUZEA-SERGIU-clasa-VB-Prof.-Ursu-Iustina-Silvana.jpg 594w, http:\/\/liceulovidius.ro\/desen\/wp-content\/uploads\/2022\/02\/BUZEA-SERGIU-clasa-VB-Prof.-Ursu-Iustina-Silvana-210x300.jpg 210w\" sizes=\"(max-width: 594px) 100vw, 594px\" \/><\/figure>\n\n\n\n<figure class=\"wp-block-image size-full\"><img loading=\"lazy\" width=\"574\" height=\"786\" data-id=\"1039\"  src=\"http:\/\/liceulovidius.ro\/desen\/wp-content\/uploads\/2022\/02\/BR\u0202NZEA-FRANCESCA-MARIA-clasa-VB-Prof.-Ursu-Iustina-Silvana.jpg\" alt=\"\" class=\"wp-image-1039\" srcset=\"http:\/\/liceulovidius.ro\/desen\/wp-content\/uploads\/2022\/02\/BR\u0202NZEA-FRANCESCA-MARIA-clasa-VB-Prof.-Ursu-Iustina-Silvana.jpg 574w, http:\/\/liceulovidius.ro\/desen\/wp-content\/uploads\/2022\/02\/BR\u0202NZEA-FRANCESCA-MARIA-clasa-VB-Prof.-Ursu-Iustina-Silvana-219x300.jpg 219w\" sizes=\"(max-width: 574px) 100vw, 574px\" \/><\/figure>\n\n\n\n<figure class=\"wp-block-image size-large\"><img loading=\"lazy\" width=\"938\" height=\"643\" data-id=\"1041\"  src=\"http:\/\/liceulovidius.ro\/desen\/wp-content\/uploads\/2022\/02\/DUMITRACHE-ANNA-ELENA-clasa-VIA-Prof.-Ursu-Iustina-Silvana.jpg\" alt=\"\" class=\"wp-image-1041\" srcset=\"http:\/\/liceulovidius.ro\/desen\/wp-content\/uploads\/2022\/02\/DUMITRACHE-ANNA-ELENA-clasa-VIA-Prof.-Ursu-Iustina-Silvana.jpg 938w, http:\/\/liceulovidius.ro\/desen\/wp-content\/uploads\/2022\/02\/DUMITRACHE-ANNA-ELENA-clasa-VIA-Prof.-Ursu-Iustina-Silvana-300x206.jpg 300w, http:\/\/liceulovidius.ro\/desen\/wp-content\/uploads\/2022\/02\/DUMITRACHE-ANNA-ELENA-clasa-VIA-Prof.-Ursu-Iustina-Silvana-768x526.jpg 768w, http:\/\/liceulovidius.ro\/desen\/wp-content\/uploads\/2022\/02\/DUMITRACHE-ANNA-ELENA-clasa-VIA-Prof.-Ursu-Iustina-Silvana-676x463.jpg 676w\" sizes=\"(max-width: 938px) 100vw, 938px\" \/><\/figure>\n<\/figure>\n","protected":false},"excerpt":{"rendered":"","protected":false},"author":3,"featured_media":0,"parent":0,"menu_order":0,"comment_status":"closed","ping_status":"closed","template":"","meta":[],"_links":{"self":[{"href":"http:\/\/liceulovidius.ro\/desen\/index.php\/wp-json\/wp\/v2\/pages\/1037"}],"collection":[{"href":"http:\/\/liceulovidius.ro\/desen\/index.php\/wp-json\/wp\/v2\/pages"}],"about":[{"href":"http:\/\/liceulovidius.ro\/desen\/index.php\/wp-json\/wp\/v2\/types\/page"}],"author":[{"embeddable":true,"href":"http:\/\/liceulovidius.ro\/desen\/index.php\/wp-json\/wp\/v2\/users\/3"}],"replies":[{"embeddable":true,"href":"http:\/\/liceulovidius.ro\/desen\/index.php\/wp-json\/wp\/v2\/comments?post=1037"}],"version-history":[{"count":2,"href":"http:\/\/liceulovidius.ro\/desen\/index.php\/wp-json\/wp\/v2\/pages\/1037\/revisions"}],"predecessor-version":[{"id":1044,"href":"http:\/\/liceulovidius.ro\/desen\/index.php\/wp-json\/wp\/v2\/pages\/1037\/revisions\/1044"}],"wp:attachment":[{"href":"http:\/\/liceulovidius.ro\/desen\/index.php\/wp-json\/wp\/v2\/media?parent=1037"}],"curies":[{"name":"wp","href":"https:\/\/api.w.org\/{rel}","templated":true}]}}