{"id":1391,"date":"2023-06-05T09:44:39","date_gmt":"2023-06-05T09:44:39","guid":{"rendered":"http:\/\/liceulovidius.ro\/desen\/?page_id=1391"},"modified":"2023-06-05T09:44:39","modified_gmt":"2023-06-05T09:44:39","slug":"festivalul-national-de-scurtmetraj-pentru-liceeni-filmmic-12-mai-2023","status":"publish","type":"page","link":"http:\/\/liceulovidius.ro\/desen\/index.php\/festivalul-national-de-scurtmetraj-pentru-liceeni-filmmic-12-mai-2023\/","title":{"rendered":"Festivalul Na\u021bional de Scurtmetraj pentru Liceeni \u201eFilmmic\u201d-12 mai 2023"},"content":{"rendered":"\n<p>La edi\u021bia a XV-a a Festivalului Na\u021bional de Scurtmetraj pentru Liceeni \u201eFILMMIC&#8221;, cu tema ,,Diametral opus\u201d echipa Liceului Teoretic ,,Ovidius\u201d alc\u0103tuit\u0103 din A<strong>LIN FLORIN BADEA <\/strong>a XII-C,<strong>LARA SIMIONESCU <\/strong>a X-a G<strong>, <\/strong><strong>MARINA ION <\/strong>a XII-a G<strong>, <\/strong><strong>ALEXIA S<\/strong><strong>T<\/strong><strong>ERCU<\/strong> aXII-a F \u015fi <strong>EDUARD URECHE<\/strong> a XI-a C, a participat cu scurtmetrajul <strong>,,Complementar\u201d<\/strong><\/p>\n\n\n\n<p>La festival au participat 23 de echipe din \u021bar\u0103, 12 fiind declarate finaliste, printre acestea num\u0103r\u00e2ndu-se \u0219i filmul realizat de elevii liceului nostru.<\/p>\n\n\n\n<p>Juriul festivalului a decis ca scurtmetrajul <strong>\u201e <\/strong><strong>Complementar<\/strong><strong>&#8221; <\/strong>s\u0103 primeasc\u0103 trei premii:<\/p>\n\n\n\n<p><strong>PREMIUL II<\/strong><\/p>\n\n\n\n<p><strong>PREMIUL PENTRU CEA MAI BUN\u0102 IMAGINE<\/strong><\/p>\n\n\n\n<p><strong>PREMIUL PENTRU CEL MAI BUN MONTAJ<\/strong><\/p>\n\n\n\n<figure class=\"wp-block-image size-large\"><img loading=\"lazy\" width=\"1024\" height=\"683\" src=\"http:\/\/liceulovidius.ro\/desen\/wp-content\/uploads\/2023\/06\/1-1024x683.jpg\" alt=\"\" class=\"wp-image-1392\" srcset=\"http:\/\/liceulovidius.ro\/desen\/wp-content\/uploads\/2023\/06\/1-1024x683.jpg 1024w, http:\/\/liceulovidius.ro\/desen\/wp-content\/uploads\/2023\/06\/1-300x200.jpg 300w, http:\/\/liceulovidius.ro\/desen\/wp-content\/uploads\/2023\/06\/1-768x512.jpg 768w, http:\/\/liceulovidius.ro\/desen\/wp-content\/uploads\/2023\/06\/1-1536x1024.jpg 1536w, http:\/\/liceulovidius.ro\/desen\/wp-content\/uploads\/2023\/06\/1-2048x1365.jpg 2048w, http:\/\/liceulovidius.ro\/desen\/wp-content\/uploads\/2023\/06\/1-676x451.jpg 676w\" sizes=\"(max-width: 1024px) 100vw, 1024px\" \/><\/figure>\n\n\n\n<figure class=\"wp-block-image size-large\"><img loading=\"lazy\" width=\"1024\" height=\"683\" src=\"http:\/\/liceulovidius.ro\/desen\/wp-content\/uploads\/2023\/06\/2-1024x683.jpg\" alt=\"\" class=\"wp-image-1393\" srcset=\"http:\/\/liceulovidius.ro\/desen\/wp-content\/uploads\/2023\/06\/2-1024x683.jpg 1024w, http:\/\/liceulovidius.ro\/desen\/wp-content\/uploads\/2023\/06\/2-300x200.jpg 300w, http:\/\/liceulovidius.ro\/desen\/wp-content\/uploads\/2023\/06\/2-768x512.jpg 768w, http:\/\/liceulovidius.ro\/desen\/wp-content\/uploads\/2023\/06\/2-1536x1024.jpg 1536w, http:\/\/liceulovidius.ro\/desen\/wp-content\/uploads\/2023\/06\/2-2048x1365.jpg 2048w, http:\/\/liceulovidius.ro\/desen\/wp-content\/uploads\/2023\/06\/2-676x451.jpg 676w\" sizes=\"(max-width: 1024px) 100vw, 1024px\" \/><\/figure>\n\n\n\n<figure class=\"wp-block-image size-large\"><img loading=\"lazy\" width=\"1024\" height=\"683\" src=\"http:\/\/liceulovidius.ro\/desen\/wp-content\/uploads\/2023\/06\/3-1024x683.jpg\" alt=\"\" class=\"wp-image-1394\" srcset=\"http:\/\/liceulovidius.ro\/desen\/wp-content\/uploads\/2023\/06\/3-1024x683.jpg 1024w, http:\/\/liceulovidius.ro\/desen\/wp-content\/uploads\/2023\/06\/3-300x200.jpg 300w, http:\/\/liceulovidius.ro\/desen\/wp-content\/uploads\/2023\/06\/3-768x512.jpg 768w, http:\/\/liceulovidius.ro\/desen\/wp-content\/uploads\/2023\/06\/3-1536x1024.jpg 1536w, http:\/\/liceulovidius.ro\/desen\/wp-content\/uploads\/2023\/06\/3-2048x1365.jpg 2048w, http:\/\/liceulovidius.ro\/desen\/wp-content\/uploads\/2023\/06\/3-676x451.jpg 676w\" sizes=\"(max-width: 1024px) 100vw, 1024px\" \/><\/figure>\n","protected":false},"excerpt":{"rendered":"<p>La edi\u021bia a XV-a a Festivalului Na\u021bional de Scurtmetraj pentru Liceeni \u201eFILMMIC&#8221;, cu tema ,,Diametral opus\u201d echipa Liceului Teoretic ,,Ovidius\u201d alc\u0103tuit\u0103 din ALIN FLORIN BADEA a XII-C,LARA SIMIONESCU a X-a G, MARINA ION a XII-a G, ALEXIA STERCU aXII-a F \u015fi EDUARD URECHE a XI-a C, a participat cu scurtmetrajul ,,Complementar\u201d La festival au participat [&hellip;]<\/p>\n","protected":false},"author":3,"featured_media":0,"parent":0,"menu_order":0,"comment_status":"closed","ping_status":"closed","template":"","meta":[],"_links":{"self":[{"href":"http:\/\/liceulovidius.ro\/desen\/index.php\/wp-json\/wp\/v2\/pages\/1391"}],"collection":[{"href":"http:\/\/liceulovidius.ro\/desen\/index.php\/wp-json\/wp\/v2\/pages"}],"about":[{"href":"http:\/\/liceulovidius.ro\/desen\/index.php\/wp-json\/wp\/v2\/types\/page"}],"author":[{"embeddable":true,"href":"http:\/\/liceulovidius.ro\/desen\/index.php\/wp-json\/wp\/v2\/users\/3"}],"replies":[{"embeddable":true,"href":"http:\/\/liceulovidius.ro\/desen\/index.php\/wp-json\/wp\/v2\/comments?post=1391"}],"version-history":[{"count":1,"href":"http:\/\/liceulovidius.ro\/desen\/index.php\/wp-json\/wp\/v2\/pages\/1391\/revisions"}],"predecessor-version":[{"id":1396,"href":"http:\/\/liceulovidius.ro\/desen\/index.php\/wp-json\/wp\/v2\/pages\/1391\/revisions\/1396"}],"wp:attachment":[{"href":"http:\/\/liceulovidius.ro\/desen\/index.php\/wp-json\/wp\/v2\/media?parent=1391"}],"curies":[{"name":"wp","href":"https:\/\/api.w.org\/{rel}","templated":true}]}}