{"id":1397,"date":"2023-06-05T10:19:28","date_gmt":"2023-06-05T10:19:28","guid":{"rendered":"http:\/\/liceulovidius.ro\/desen\/?page_id=1397"},"modified":"2023-06-05T10:22:54","modified_gmt":"2023-06-05T10:22:54","slug":"in-29-martie-4-aprilie-2023-elevii-si-profesorii-liceului-teoretic-ovidius-au-fost-gazda-unei-intalniri-de-proiect-erasmus-avandu-i-ca-oaspeti-pe-elevii-de-la-gimnazija","status":"publish","type":"page","link":"http:\/\/liceulovidius.ro\/desen\/index.php\/in-29-martie-4-aprilie-2023-elevii-si-profesorii-liceului-teoretic-ovidius-au-fost-gazda-unei-intalniri-de-proiect-erasmus-avandu-i-ca-oaspeti-pe-elevii-de-la-gimnazija\/","title":{"rendered":"\u00cen  29 martie \u2013 4 aprilie 2023, elevii \u0219i profesorii Liceului Teoretic \u201eOvidius\u201d au fost gazda unei \u00eent\u00e2lniri de proiect Erasmus, av\u00e2ndu-i ca oaspe\u021bi pe elevii de la Gimnazija Celje din Slovenia.\u00a0\u00a0Programul de activit\u0103\u021bi  a inclus  \u0219i un workshop artistic                                       ,,Opere lui Constantin Brancu\u0219i&#8221;."},"content":{"rendered":"\n<figure class=\"wp-block-image size-large\"><img loading=\"lazy\" width=\"1024\" height=\"309\" src=\"http:\/\/liceulovidius.ro\/desen\/wp-content\/uploads\/2023\/06\/WhatsApp-Image-2023-05-09-at-17.36.19-1024x309.jpg\" alt=\"\" class=\"wp-image-1398\" srcset=\"http:\/\/liceulovidius.ro\/desen\/wp-content\/uploads\/2023\/06\/WhatsApp-Image-2023-05-09-at-17.36.19-1024x309.jpg 1024w, http:\/\/liceulovidius.ro\/desen\/wp-content\/uploads\/2023\/06\/WhatsApp-Image-2023-05-09-at-17.36.19-300x91.jpg 300w, http:\/\/liceulovidius.ro\/desen\/wp-content\/uploads\/2023\/06\/WhatsApp-Image-2023-05-09-at-17.36.19-768x232.jpg 768w, http:\/\/liceulovidius.ro\/desen\/wp-content\/uploads\/2023\/06\/WhatsApp-Image-2023-05-09-at-17.36.19-1536x464.jpg 1536w, http:\/\/liceulovidius.ro\/desen\/wp-content\/uploads\/2023\/06\/WhatsApp-Image-2023-05-09-at-17.36.19-676x204.jpg 676w, http:\/\/liceulovidius.ro\/desen\/wp-content\/uploads\/2023\/06\/WhatsApp-Image-2023-05-09-at-17.36.19.jpg 2048w\" sizes=\"(max-width: 1024px) 100vw, 1024px\" \/><\/figure>\n\n\n\n<figure class=\"wp-block-image size-large\"><img loading=\"lazy\" width=\"1024\" height=\"474\" src=\"http:\/\/liceulovidius.ro\/desen\/wp-content\/uploads\/2023\/06\/20230403_113136-1024x474.jpg\" alt=\"\" class=\"wp-image-1399\" srcset=\"http:\/\/liceulovidius.ro\/desen\/wp-content\/uploads\/2023\/06\/20230403_113136-1024x474.jpg 1024w, http:\/\/liceulovidius.ro\/desen\/wp-content\/uploads\/2023\/06\/20230403_113136-300x139.jpg 300w, http:\/\/liceulovidius.ro\/desen\/wp-content\/uploads\/2023\/06\/20230403_113136-768x355.jpg 768w, http:\/\/liceulovidius.ro\/desen\/wp-content\/uploads\/2023\/06\/20230403_113136-1536x710.jpg 1536w, http:\/\/liceulovidius.ro\/desen\/wp-content\/uploads\/2023\/06\/20230403_113136-2048x947.jpg 2048w, http:\/\/liceulovidius.ro\/desen\/wp-content\/uploads\/2023\/06\/20230403_113136-676x313.jpg 676w\" sizes=\"(max-width: 1024px) 100vw, 1024px\" \/><\/figure>\n\n\n\n<figure class=\"wp-block-image size-large\"><img loading=\"lazy\" width=\"1024\" height=\"694\" src=\"http:\/\/liceulovidius.ro\/desen\/wp-content\/uploads\/2023\/06\/20230403_1129000-1-1024x694.jpg\" alt=\"\" class=\"wp-image-1412\" srcset=\"http:\/\/liceulovidius.ro\/desen\/wp-content\/uploads\/2023\/06\/20230403_1129000-1-1024x694.jpg 1024w, http:\/\/liceulovidius.ro\/desen\/wp-content\/uploads\/2023\/06\/20230403_1129000-1-300x203.jpg 300w, http:\/\/liceulovidius.ro\/desen\/wp-content\/uploads\/2023\/06\/20230403_1129000-1-768x521.jpg 768w, http:\/\/liceulovidius.ro\/desen\/wp-content\/uploads\/2023\/06\/20230403_1129000-1-1536x1042.jpg 1536w, http:\/\/liceulovidius.ro\/desen\/wp-content\/uploads\/2023\/06\/20230403_1129000-1-676x458.jpg 676w, http:\/\/liceulovidius.ro\/desen\/wp-content\/uploads\/2023\/06\/20230403_1129000-1.jpg 1569w\" sizes=\"(max-width: 1024px) 100vw, 1024px\" \/><\/figure>\n\n\n\n<figure class=\"wp-block-image size-large\"><img loading=\"lazy\" width=\"1024\" height=\"474\" src=\"http:\/\/liceulovidius.ro\/desen\/wp-content\/uploads\/2023\/06\/20230403_111159-1024x474.jpg\" alt=\"\" class=\"wp-image-1408\" srcset=\"http:\/\/liceulovidius.ro\/desen\/wp-content\/uploads\/2023\/06\/20230403_111159-1024x474.jpg 1024w, http:\/\/liceulovidius.ro\/desen\/wp-content\/uploads\/2023\/06\/20230403_111159-300x139.jpg 300w, http:\/\/liceulovidius.ro\/desen\/wp-content\/uploads\/2023\/06\/20230403_111159-768x355.jpg 768w, http:\/\/liceulovidius.ro\/desen\/wp-content\/uploads\/2023\/06\/20230403_111159-1536x710.jpg 1536w, http:\/\/liceulovidius.ro\/desen\/wp-content\/uploads\/2023\/06\/20230403_111159-2048x947.jpg 2048w, http:\/\/liceulovidius.ro\/desen\/wp-content\/uploads\/2023\/06\/20230403_111159-676x313.jpg 676w\" sizes=\"(max-width: 1024px) 100vw, 1024px\" \/><\/figure>\n\n\n\n<figure class=\"wp-block-image size-large\"><img loading=\"lazy\" width=\"1024\" height=\"518\" src=\"http:\/\/liceulovidius.ro\/desen\/wp-content\/uploads\/2023\/06\/20230403_114714-1024x518.jpg\" alt=\"\" class=\"wp-image-1411\" srcset=\"http:\/\/liceulovidius.ro\/desen\/wp-content\/uploads\/2023\/06\/20230403_114714-1024x518.jpg 1024w, http:\/\/liceulovidius.ro\/desen\/wp-content\/uploads\/2023\/06\/20230403_114714-300x152.jpg 300w, http:\/\/liceulovidius.ro\/desen\/wp-content\/uploads\/2023\/06\/20230403_114714-768x388.jpg 768w, http:\/\/liceulovidius.ro\/desen\/wp-content\/uploads\/2023\/06\/20230403_114714-1536x777.jpg 1536w, http:\/\/liceulovidius.ro\/desen\/wp-content\/uploads\/2023\/06\/20230403_114714-676x342.jpg 676w, http:\/\/liceulovidius.ro\/desen\/wp-content\/uploads\/2023\/06\/20230403_114714.jpg 1974w\" sizes=\"(max-width: 1024px) 100vw, 1024px\" \/><\/figure>\n\n\n\n<figure class=\"wp-block-image size-large\"><img loading=\"lazy\" width=\"1024\" height=\"474\" src=\"http:\/\/liceulovidius.ro\/desen\/wp-content\/uploads\/2023\/06\/20230403_111206-1024x474.jpg\" alt=\"\" class=\"wp-image-1407\" srcset=\"http:\/\/liceulovidius.ro\/desen\/wp-content\/uploads\/2023\/06\/20230403_111206-1024x474.jpg 1024w, http:\/\/liceulovidius.ro\/desen\/wp-content\/uploads\/2023\/06\/20230403_111206-300x139.jpg 300w, http:\/\/liceulovidius.ro\/desen\/wp-content\/uploads\/2023\/06\/20230403_111206-768x355.jpg 768w, http:\/\/liceulovidius.ro\/desen\/wp-content\/uploads\/2023\/06\/20230403_111206-1536x710.jpg 1536w, http:\/\/liceulovidius.ro\/desen\/wp-content\/uploads\/2023\/06\/20230403_111206-2048x947.jpg 2048w, http:\/\/liceulovidius.ro\/desen\/wp-content\/uploads\/2023\/06\/20230403_111206-676x313.jpg 676w\" sizes=\"(max-width: 1024px) 100vw, 1024px\" \/><\/figure>\n\n\n\n<figure class=\"wp-block-image size-large\"><img loading=\"lazy\" width=\"1024\" height=\"559\" src=\"http:\/\/liceulovidius.ro\/desen\/wp-content\/uploads\/2023\/06\/20230403_112825-1024x559.jpg\" alt=\"\" class=\"wp-image-1401\" srcset=\"http:\/\/liceulovidius.ro\/desen\/wp-content\/uploads\/2023\/06\/20230403_112825-1024x559.jpg 1024w, http:\/\/liceulovidius.ro\/desen\/wp-content\/uploads\/2023\/06\/20230403_112825-300x164.jpg 300w, http:\/\/liceulovidius.ro\/desen\/wp-content\/uploads\/2023\/06\/20230403_112825-768x419.jpg 768w, http:\/\/liceulovidius.ro\/desen\/wp-content\/uploads\/2023\/06\/20230403_112825-1536x839.jpg 1536w, http:\/\/liceulovidius.ro\/desen\/wp-content\/uploads\/2023\/06\/20230403_112825-676x369.jpg 676w, http:\/\/liceulovidius.ro\/desen\/wp-content\/uploads\/2023\/06\/20230403_112825.jpg 1925w\" sizes=\"(max-width: 1024px) 100vw, 1024px\" \/><\/figure>\n","protected":false},"excerpt":{"rendered":"","protected":false},"author":3,"featured_media":0,"parent":0,"menu_order":0,"comment_status":"closed","ping_status":"closed","template":"","meta":[],"_links":{"self":[{"href":"http:\/\/liceulovidius.ro\/desen\/index.php\/wp-json\/wp\/v2\/pages\/1397"}],"collection":[{"href":"http:\/\/liceulovidius.ro\/desen\/index.php\/wp-json\/wp\/v2\/pages"}],"about":[{"href":"http:\/\/liceulovidius.ro\/desen\/index.php\/wp-json\/wp\/v2\/types\/page"}],"author":[{"embeddable":true,"href":"http:\/\/liceulovidius.ro\/desen\/index.php\/wp-json\/wp\/v2\/users\/3"}],"replies":[{"embeddable":true,"href":"http:\/\/liceulovidius.ro\/desen\/index.php\/wp-json\/wp\/v2\/comments?post=1397"}],"version-history":[{"count":2,"href":"http:\/\/liceulovidius.ro\/desen\/index.php\/wp-json\/wp\/v2\/pages\/1397\/revisions"}],"predecessor-version":[{"id":1415,"href":"http:\/\/liceulovidius.ro\/desen\/index.php\/wp-json\/wp\/v2\/pages\/1397\/revisions\/1415"}],"wp:attachment":[{"href":"http:\/\/liceulovidius.ro\/desen\/index.php\/wp-json\/wp\/v2\/media?parent=1397"}],"curies":[{"name":"wp","href":"https:\/\/api.w.org\/{rel}","templated":true}]}}