{"id":1503,"date":"2024-10-24T13:58:49","date_gmt":"2024-10-24T13:58:49","guid":{"rendered":"https:\/\/liceulovidius.ro\/desen\/?page_id=1503"},"modified":"2024-10-24T13:58:49","modified_gmt":"2024-10-24T13:58:49","slug":"cercetas-la-delfinariu","status":"publish","type":"page","link":"http:\/\/liceulovidius.ro\/desen\/index.php\/cercetas-la-delfinariu\/","title":{"rendered":"\u201dCerceta\u0219 la Delfinariu\u201d"},"content":{"rendered":"\n<p>Proiectul educa\u021bional \u201dCerceta\u0219 la Delfinariu\u201d &nbsp;desf\u0103\u015furat la Complexul Muzeal de \u0218tiin\u021be ale Naturii Constan\u0163a are drept scop apropierea elevilor de natura dobrogean\u0103, dezvoltarea creativit\u0103\u021bii \u0219i a dorin\u021bei de a ocroti diversitatea biologic\u0103 din Dobrogea, de a conserva caracterul unic al ecosistemelor dobrogene.<\/p>\n\n\n\n<p>Este un proiect &#8211; concurs dedicat Zilei M\u0103rii Negre (31 octombrie).<\/p>\n\n\n\n<p>Invita\u021bi speciali au fost domnul profesor Mamut Eden, secretar general al Re\u021belei Universit\u0103\u021bilor de la Marea Neagr\u0103, \u0219i domnul prof. dr. univ. Marius Radu, decan al Facult\u0103\u021bii de \u0218tiinte ale Naturii \u0219i \u0218tiin\u021be Agricole, care au prezentat date \u0219tiin\u021bifice importante privind protejarea M\u0103rii Negre, dar mai ales au apreciat pasiunea elevilor pentru \u0219tiin\u021b\u0103.<\/p>\n\n\n\n<p>\u00cen concurs au fost \u00eenscrise aproximativ 1000 de lucr\u0103ri.<\/p>\n\n\n\n<p>FELICIT\u0102RI celor patru elevi de la Liceul Teoretic ,,Ovidius\u201d !<\/p>\n\n\n\n<p>PREMIUL SPECIAL -R\u0102\u0218ANU OANA- INES<strong> <\/strong>clasa a VI-a<\/p>\n\n\n\n<p>PREMIUL I -RISTOAE MARIA-TINA clasa a VIII-a<\/p>\n\n\n\n<p>PREMIUL I- DIACONU EMMA-CRISTINA clasa a IX-a<\/p>\n\n\n\n<p>PREMIUL I- RO\u0218CA MARA-IOANA  clasa a X-a<\/p>\n\n\n\n<p><\/p>\n\n\n\n<p><\/p>\n\n\n\n<div class=\"wp-container-1 wp-block-group\"><div class=\"wp-block-group__inner-container\"><\/div><\/div>\n\n\n\n<div class=\"wp-block-columns\">\n<div class=\"wp-block-column\" style=\"flex-basis:100%\">\n<figure class=\"wp-block-gallery has-nested-images columns-default is-cropped\"><\/figure>\n<\/div>\n<\/div>\n\n\n\n<div class=\"wp-container-2 wp-block-group\"><div class=\"wp-block-group__inner-container\"><\/div><\/div>\n\n\n\n<figure class=\"wp-block-gallery has-nested-images columns-default is-cropped\">\n<figure class=\"wp-block-image size-large\"><img loading=\"lazy\" width=\"688\" height=\"1024\" data-id=\"1521\"  src=\"https:\/\/liceulovidius.ro\/desen\/wp-content\/uploads\/2024\/10\/2-2-688x1024.jpg\" alt=\"\" class=\"wp-image-1521\" srcset=\"http:\/\/liceulovidius.ro\/desen\/wp-content\/uploads\/2024\/10\/2-2-688x1024.jpg 688w, http:\/\/liceulovidius.ro\/desen\/wp-content\/uploads\/2024\/10\/2-2-202x300.jpg 202w, http:\/\/liceulovidius.ro\/desen\/wp-content\/uploads\/2024\/10\/2-2-676x1006.jpg 676w, http:\/\/liceulovidius.ro\/desen\/wp-content\/uploads\/2024\/10\/2-2.jpg 731w\" sizes=\"(max-width: 688px) 100vw, 688px\" \/><\/figure>\n\n\n\n<figure class=\"wp-block-image size-large\"><img loading=\"lazy\" width=\"498\" height=\"1024\" data-id=\"1518\"  src=\"https:\/\/liceulovidius.ro\/desen\/wp-content\/uploads\/2024\/10\/WhatsApp-Image-2024-10-24-at-15.07.48_64fb26bd-2-498x1024.jpg\" alt=\"\" class=\"wp-image-1518\" srcset=\"http:\/\/liceulovidius.ro\/desen\/wp-content\/uploads\/2024\/10\/WhatsApp-Image-2024-10-24-at-15.07.48_64fb26bd-2-498x1024.jpg 498w, http:\/\/liceulovidius.ro\/desen\/wp-content\/uploads\/2024\/10\/WhatsApp-Image-2024-10-24-at-15.07.48_64fb26bd-2-146x300.jpg 146w, http:\/\/liceulovidius.ro\/desen\/wp-content\/uploads\/2024\/10\/WhatsApp-Image-2024-10-24-at-15.07.48_64fb26bd-2-676x1390.jpg 676w, http:\/\/liceulovidius.ro\/desen\/wp-content\/uploads\/2024\/10\/WhatsApp-Image-2024-10-24-at-15.07.48_64fb26bd-2.jpg 720w\" sizes=\"(max-width: 498px) 100vw, 498px\" \/><\/figure>\n\n\n\n<figure class=\"wp-block-image size-large\"><img loading=\"lazy\" width=\"740\" height=\"1024\" data-id=\"1522\"  src=\"https:\/\/liceulovidius.ro\/desen\/wp-content\/uploads\/2024\/10\/1-2-740x1024.jpg\" alt=\"\" class=\"wp-image-1522\" srcset=\"http:\/\/liceulovidius.ro\/desen\/wp-content\/uploads\/2024\/10\/1-2-740x1024.jpg 740w, http:\/\/liceulovidius.ro\/desen\/wp-content\/uploads\/2024\/10\/1-2-217x300.jpg 217w, http:\/\/liceulovidius.ro\/desen\/wp-content\/uploads\/2024\/10\/1-2-768x1062.jpg 768w, http:\/\/liceulovidius.ro\/desen\/wp-content\/uploads\/2024\/10\/1-2-676x935.jpg 676w, http:\/\/liceulovidius.ro\/desen\/wp-content\/uploads\/2024\/10\/1-2.jpg 901w\" sizes=\"(max-width: 740px) 100vw, 740px\" \/><\/figure>\n\n\n\n<figure class=\"wp-block-image size-large\"><img loading=\"lazy\" width=\"694\" height=\"828\" data-id=\"1509\"  src=\"https:\/\/liceulovidius.ro\/desen\/wp-content\/uploads\/2024\/10\/WhatsApp-Image-2024-10-24-at-15.07.49_927f5570.jpg\" alt=\"\" class=\"wp-image-1509\" srcset=\"http:\/\/liceulovidius.ro\/desen\/wp-content\/uploads\/2024\/10\/WhatsApp-Image-2024-10-24-at-15.07.49_927f5570.jpg 694w, http:\/\/liceulovidius.ro\/desen\/wp-content\/uploads\/2024\/10\/WhatsApp-Image-2024-10-24-at-15.07.49_927f5570-251x300.jpg 251w, http:\/\/liceulovidius.ro\/desen\/wp-content\/uploads\/2024\/10\/WhatsApp-Image-2024-10-24-at-15.07.49_927f5570-676x807.jpg 676w\" sizes=\"(max-width: 694px) 100vw, 694px\" \/><\/figure>\n\n\n\n<figure class=\"wp-block-image size-large\"><img loading=\"lazy\" width=\"1024\" height=\"708\" data-id=\"1508\"  src=\"https:\/\/liceulovidius.ro\/desen\/wp-content\/uploads\/2024\/10\/WhatsApp-Image-2024-10-23-at-21.11.05_78770008-1024x708.jpg\" alt=\"\" class=\"wp-image-1508\" srcset=\"http:\/\/liceulovidius.ro\/desen\/wp-content\/uploads\/2024\/10\/WhatsApp-Image-2024-10-23-at-21.11.05_78770008-1024x708.jpg 1024w, http:\/\/liceulovidius.ro\/desen\/wp-content\/uploads\/2024\/10\/WhatsApp-Image-2024-10-23-at-21.11.05_78770008-300x207.jpg 300w, http:\/\/liceulovidius.ro\/desen\/wp-content\/uploads\/2024\/10\/WhatsApp-Image-2024-10-23-at-21.11.05_78770008-768x531.jpg 768w, http:\/\/liceulovidius.ro\/desen\/wp-content\/uploads\/2024\/10\/WhatsApp-Image-2024-10-23-at-21.11.05_78770008-676x467.jpg 676w, http:\/\/liceulovidius.ro\/desen\/wp-content\/uploads\/2024\/10\/WhatsApp-Image-2024-10-23-at-21.11.05_78770008.jpg 1302w\" sizes=\"(max-width: 1024px) 100vw, 1024px\" \/><\/figure>\n\n\n\n<figure class=\"wp-block-image size-large\"><img loading=\"lazy\" width=\"739\" height=\"1024\" data-id=\"1510\"  src=\"https:\/\/liceulovidius.ro\/desen\/wp-content\/uploads\/2024\/10\/WhatsApp-Image-2024-10-23-at-21.11.06_084cc2a8-739x1024.jpg\" alt=\"\" class=\"wp-image-1510\" srcset=\"http:\/\/liceulovidius.ro\/desen\/wp-content\/uploads\/2024\/10\/WhatsApp-Image-2024-10-23-at-21.11.06_084cc2a8-739x1024.jpg 739w, http:\/\/liceulovidius.ro\/desen\/wp-content\/uploads\/2024\/10\/WhatsApp-Image-2024-10-23-at-21.11.06_084cc2a8-217x300.jpg 217w, http:\/\/liceulovidius.ro\/desen\/wp-content\/uploads\/2024\/10\/WhatsApp-Image-2024-10-23-at-21.11.06_084cc2a8-768x1064.jpg 768w, http:\/\/liceulovidius.ro\/desen\/wp-content\/uploads\/2024\/10\/WhatsApp-Image-2024-10-23-at-21.11.06_084cc2a8-676x936.jpg 676w, http:\/\/liceulovidius.ro\/desen\/wp-content\/uploads\/2024\/10\/WhatsApp-Image-2024-10-23-at-21.11.06_084cc2a8.jpg 917w\" sizes=\"(max-width: 739px) 100vw, 739px\" \/><\/figure>\n\n\n\n<figure class=\"wp-block-image size-large\"><img loading=\"lazy\" width=\"720\" height=\"644\" data-id=\"1515\"  src=\"https:\/\/liceulovidius.ro\/desen\/wp-content\/uploads\/2024\/10\/3-1.jpg\" alt=\"\" class=\"wp-image-1515\" srcset=\"http:\/\/liceulovidius.ro\/desen\/wp-content\/uploads\/2024\/10\/3-1.jpg 720w, http:\/\/liceulovidius.ro\/desen\/wp-content\/uploads\/2024\/10\/3-1-300x268.jpg 300w, http:\/\/liceulovidius.ro\/desen\/wp-content\/uploads\/2024\/10\/3-1-676x605.jpg 676w\" sizes=\"(max-width: 720px) 100vw, 720px\" \/><\/figure>\n\n\n\n<figure class=\"wp-block-image size-large\"><img loading=\"lazy\" width=\"1024\" height=\"471\" data-id=\"1512\"  src=\"https:\/\/liceulovidius.ro\/desen\/wp-content\/uploads\/2024\/10\/WhatsApp-Image-2024-10-23-at-21.11.05_cf107a97-1024x471.jpg\" alt=\"\" class=\"wp-image-1512\" srcset=\"http:\/\/liceulovidius.ro\/desen\/wp-content\/uploads\/2024\/10\/WhatsApp-Image-2024-10-23-at-21.11.05_cf107a97-1024x471.jpg 1024w, http:\/\/liceulovidius.ro\/desen\/wp-content\/uploads\/2024\/10\/WhatsApp-Image-2024-10-23-at-21.11.05_cf107a97-300x138.jpg 300w, http:\/\/liceulovidius.ro\/desen\/wp-content\/uploads\/2024\/10\/WhatsApp-Image-2024-10-23-at-21.11.05_cf107a97-768x353.jpg 768w, http:\/\/liceulovidius.ro\/desen\/wp-content\/uploads\/2024\/10\/WhatsApp-Image-2024-10-23-at-21.11.05_cf107a97-676x311.jpg 676w, http:\/\/liceulovidius.ro\/desen\/wp-content\/uploads\/2024\/10\/WhatsApp-Image-2024-10-23-at-21.11.05_cf107a97.jpg 1304w\" sizes=\"(max-width: 1024px) 100vw, 1024px\" \/><\/figure>\n\n\n\n<figure class=\"wp-block-image size-large\"><img loading=\"lazy\" width=\"1024\" height=\"621\" data-id=\"1519\"  src=\"https:\/\/liceulovidius.ro\/desen\/wp-content\/uploads\/2024\/10\/4-1-1024x621.jpg\" alt=\"\" class=\"wp-image-1519\" srcset=\"http:\/\/liceulovidius.ro\/desen\/wp-content\/uploads\/2024\/10\/4-1-1024x621.jpg 1024w, http:\/\/liceulovidius.ro\/desen\/wp-content\/uploads\/2024\/10\/4-1-300x182.jpg 300w, http:\/\/liceulovidius.ro\/desen\/wp-content\/uploads\/2024\/10\/4-1-768x466.jpg 768w, http:\/\/liceulovidius.ro\/desen\/wp-content\/uploads\/2024\/10\/4-1-676x410.jpg 676w, http:\/\/liceulovidius.ro\/desen\/wp-content\/uploads\/2024\/10\/4-1.jpg 1417w\" sizes=\"(max-width: 1024px) 100vw, 1024px\" \/><\/figure>\n<\/figure>\n\n\n\n<figure class=\"wp-block-gallery has-nested-images columns-default is-cropped\"><\/figure>\n\n\n\n<figure class=\"wp-block-gallery has-nested-images columns-default is-cropped\"><\/figure>\n","protected":false},"excerpt":{"rendered":"<p>Proiectul educa\u021bional \u201dCerceta\u0219 la Delfinariu\u201d &nbsp;desf\u0103\u015furat la Complexul Muzeal de \u0218tiin\u021be ale Naturii Constan\u0163a are drept scop apropierea elevilor de natura dobrogean\u0103, dezvoltarea creativit\u0103\u021bii \u0219i a dorin\u021bei de a ocroti diversitatea biologic\u0103 din Dobrogea, de a conserva caracterul unic al ecosistemelor dobrogene. Este un proiect &#8211; concurs dedicat Zilei M\u0103rii Negre (31 octombrie). Invita\u021bi speciali [&hellip;]<\/p>\n","protected":false},"author":3,"featured_media":0,"parent":0,"menu_order":0,"comment_status":"closed","ping_status":"closed","template":"","meta":[],"_links":{"self":[{"href":"http:\/\/liceulovidius.ro\/desen\/index.php\/wp-json\/wp\/v2\/pages\/1503"}],"collection":[{"href":"http:\/\/liceulovidius.ro\/desen\/index.php\/wp-json\/wp\/v2\/pages"}],"about":[{"href":"http:\/\/liceulovidius.ro\/desen\/index.php\/wp-json\/wp\/v2\/types\/page"}],"author":[{"embeddable":true,"href":"http:\/\/liceulovidius.ro\/desen\/index.php\/wp-json\/wp\/v2\/users\/3"}],"replies":[{"embeddable":true,"href":"http:\/\/liceulovidius.ro\/desen\/index.php\/wp-json\/wp\/v2\/comments?post=1503"}],"version-history":[{"count":1,"href":"http:\/\/liceulovidius.ro\/desen\/index.php\/wp-json\/wp\/v2\/pages\/1503\/revisions"}],"predecessor-version":[{"id":1524,"href":"http:\/\/liceulovidius.ro\/desen\/index.php\/wp-json\/wp\/v2\/pages\/1503\/revisions\/1524"}],"wp:attachment":[{"href":"http:\/\/liceulovidius.ro\/desen\/index.php\/wp-json\/wp\/v2\/media?parent=1503"}],"curies":[{"name":"wp","href":"https:\/\/api.w.org\/{rel}","templated":true}]}}