{"id":1525,"date":"2024-10-30T12:48:13","date_gmt":"2024-10-30T12:48:13","guid":{"rendered":"https:\/\/liceulovidius.ro\/desen\/?page_id=1525"},"modified":"2024-10-30T12:48:13","modified_gmt":"2024-10-30T12:48:13","slug":"concursul-national-de-arte-plastice-jocurile-olimpice-in-imaginatia-copiilor-casa-olimpica-muzeul-sportului-bucuresti-25-octombrie-2024","status":"publish","type":"page","link":"http:\/\/liceulovidius.ro\/desen\/index.php\/concursul-national-de-arte-plastice-jocurile-olimpice-in-imaginatia-copiilor-casa-olimpica-muzeul-sportului-bucuresti-25-octombrie-2024\/","title":{"rendered":"Concursul Na\u0163ional de Arte plastice                 ,, Jocurile olimpice \u00een imagina\u0163ia copiilor\u201d Casa Olimpic\u0103 -Muzeul Sportului Bucure\u015fti, 25 octombrie 2024"},"content":{"rendered":"\n<p>MEN\u0162IUNE- \u00a0CROITORU FLORINA-CRISTINA<\/p>\n\n\n\n<div class=\"wp-container-1 wp-block-group\"><div class=\"wp-block-group__inner-container\"><\/div><\/div>\n\n\n\n<figure class=\"wp-block-gallery has-nested-images columns-default is-cropped\">\n<figure class=\"wp-block-image size-large\"><img loading=\"lazy\" width=\"2048\" height=\"1365\" data-id=\"1526\"  src=\"http:\/\/liceulovidius.ro\/desen\/wp-content\/uploads\/2024\/10\/1-3.jpg\" alt=\"\" class=\"wp-image-1526\" srcset=\"http:\/\/liceulovidius.ro\/desen\/wp-content\/uploads\/2024\/10\/1-3.jpg 2048w, http:\/\/liceulovidius.ro\/desen\/wp-content\/uploads\/2024\/10\/1-3-300x200.jpg 300w, http:\/\/liceulovidius.ro\/desen\/wp-content\/uploads\/2024\/10\/1-3-1024x683.jpg 1024w, http:\/\/liceulovidius.ro\/desen\/wp-content\/uploads\/2024\/10\/1-3-768x512.jpg 768w, http:\/\/liceulovidius.ro\/desen\/wp-content\/uploads\/2024\/10\/1-3-1536x1024.jpg 1536w, http:\/\/liceulovidius.ro\/desen\/wp-content\/uploads\/2024\/10\/1-3-676x451.jpg 676w\" sizes=\"(max-width: 2048px) 100vw, 2048px\" \/><\/figure>\n\n\n\n<figure class=\"wp-block-image size-large\"><img loading=\"lazy\" width=\"1484\" height=\"1768\" data-id=\"1530\"  src=\"http:\/\/liceulovidius.ro\/desen\/wp-content\/uploads\/2024\/10\/5-1.jpg\" alt=\"\" class=\"wp-image-1530\" srcset=\"http:\/\/liceulovidius.ro\/desen\/wp-content\/uploads\/2024\/10\/5-1.jpg 1484w, http:\/\/liceulovidius.ro\/desen\/wp-content\/uploads\/2024\/10\/5-1-252x300.jpg 252w, http:\/\/liceulovidius.ro\/desen\/wp-content\/uploads\/2024\/10\/5-1-860x1024.jpg 860w, http:\/\/liceulovidius.ro\/desen\/wp-content\/uploads\/2024\/10\/5-1-768x915.jpg 768w, http:\/\/liceulovidius.ro\/desen\/wp-content\/uploads\/2024\/10\/5-1-1289x1536.jpg 1289w, http:\/\/liceulovidius.ro\/desen\/wp-content\/uploads\/2024\/10\/5-1-676x805.jpg 676w\" sizes=\"(max-width: 1484px) 100vw, 1484px\" \/><\/figure>\n\n\n\n<figure class=\"wp-block-image size-large\"><img loading=\"lazy\" width=\"2048\" height=\"1365\" data-id=\"1527\"  src=\"http:\/\/liceulovidius.ro\/desen\/wp-content\/uploads\/2024\/10\/2-3.jpg\" alt=\"\" class=\"wp-image-1527\" srcset=\"http:\/\/liceulovidius.ro\/desen\/wp-content\/uploads\/2024\/10\/2-3.jpg 2048w, http:\/\/liceulovidius.ro\/desen\/wp-content\/uploads\/2024\/10\/2-3-300x200.jpg 300w, http:\/\/liceulovidius.ro\/desen\/wp-content\/uploads\/2024\/10\/2-3-1024x683.jpg 1024w, http:\/\/liceulovidius.ro\/desen\/wp-content\/uploads\/2024\/10\/2-3-768x512.jpg 768w, http:\/\/liceulovidius.ro\/desen\/wp-content\/uploads\/2024\/10\/2-3-1536x1024.jpg 1536w, http:\/\/liceulovidius.ro\/desen\/wp-content\/uploads\/2024\/10\/2-3-676x451.jpg 676w\" sizes=\"(max-width: 2048px) 100vw, 2048px\" \/><\/figure>\n\n\n\n<figure class=\"wp-block-image size-large\"><img loading=\"lazy\" width=\"1817\" height=\"740\" data-id=\"1528\"  src=\"http:\/\/liceulovidius.ro\/desen\/wp-content\/uploads\/2024\/10\/3-2.jpg\" alt=\"\" class=\"wp-image-1528\" srcset=\"http:\/\/liceulovidius.ro\/desen\/wp-content\/uploads\/2024\/10\/3-2.jpg 1817w, http:\/\/liceulovidius.ro\/desen\/wp-content\/uploads\/2024\/10\/3-2-300x122.jpg 300w, http:\/\/liceulovidius.ro\/desen\/wp-content\/uploads\/2024\/10\/3-2-1024x417.jpg 1024w, http:\/\/liceulovidius.ro\/desen\/wp-content\/uploads\/2024\/10\/3-2-768x313.jpg 768w, http:\/\/liceulovidius.ro\/desen\/wp-content\/uploads\/2024\/10\/3-2-1536x626.jpg 1536w, http:\/\/liceulovidius.ro\/desen\/wp-content\/uploads\/2024\/10\/3-2-676x275.jpg 676w\" sizes=\"(max-width: 1817px) 100vw, 1817px\" \/><\/figure>\n\n\n\n<figure class=\"wp-block-image size-large\"><img loading=\"lazy\" width=\"1536\" height=\"2048\" data-id=\"1531\"  src=\"http:\/\/liceulovidius.ro\/desen\/wp-content\/uploads\/2024\/10\/6.jpg\" alt=\"\" class=\"wp-image-1531\" srcset=\"http:\/\/liceulovidius.ro\/desen\/wp-content\/uploads\/2024\/10\/6.jpg 1536w, http:\/\/liceulovidius.ro\/desen\/wp-content\/uploads\/2024\/10\/6-225x300.jpg 225w, http:\/\/liceulovidius.ro\/desen\/wp-content\/uploads\/2024\/10\/6-768x1024.jpg 768w, http:\/\/liceulovidius.ro\/desen\/wp-content\/uploads\/2024\/10\/6-1152x1536.jpg 1152w, http:\/\/liceulovidius.ro\/desen\/wp-content\/uploads\/2024\/10\/6-676x901.jpg 676w\" sizes=\"(max-width: 1536px) 100vw, 1536px\" \/><\/figure>\n\n\n\n<figure class=\"wp-block-image size-large\"><img loading=\"lazy\" width=\"2048\" height=\"1365\" data-id=\"1529\"  src=\"http:\/\/liceulovidius.ro\/desen\/wp-content\/uploads\/2024\/10\/4-2.jpg\" alt=\"\" class=\"wp-image-1529\" srcset=\"http:\/\/liceulovidius.ro\/desen\/wp-content\/uploads\/2024\/10\/4-2.jpg 2048w, http:\/\/liceulovidius.ro\/desen\/wp-content\/uploads\/2024\/10\/4-2-300x200.jpg 300w, http:\/\/liceulovidius.ro\/desen\/wp-content\/uploads\/2024\/10\/4-2-1024x683.jpg 1024w, http:\/\/liceulovidius.ro\/desen\/wp-content\/uploads\/2024\/10\/4-2-768x512.jpg 768w, http:\/\/liceulovidius.ro\/desen\/wp-content\/uploads\/2024\/10\/4-2-1536x1024.jpg 1536w, http:\/\/liceulovidius.ro\/desen\/wp-content\/uploads\/2024\/10\/4-2-676x451.jpg 676w\" sizes=\"(max-width: 2048px) 100vw, 2048px\" \/><\/figure>\n<\/figure>\n","protected":false},"excerpt":{"rendered":"<p>MEN\u0162IUNE- \u00a0CROITORU FLORINA-CRISTINA<\/p>\n","protected":false},"author":3,"featured_media":0,"parent":0,"menu_order":0,"comment_status":"closed","ping_status":"closed","template":"","meta":[],"_links":{"self":[{"href":"http:\/\/liceulovidius.ro\/desen\/index.php\/wp-json\/wp\/v2\/pages\/1525"}],"collection":[{"href":"http:\/\/liceulovidius.ro\/desen\/index.php\/wp-json\/wp\/v2\/pages"}],"about":[{"href":"http:\/\/liceulovidius.ro\/desen\/index.php\/wp-json\/wp\/v2\/types\/page"}],"author":[{"embeddable":true,"href":"http:\/\/liceulovidius.ro\/desen\/index.php\/wp-json\/wp\/v2\/users\/3"}],"replies":[{"embeddable":true,"href":"http:\/\/liceulovidius.ro\/desen\/index.php\/wp-json\/wp\/v2\/comments?post=1525"}],"version-history":[{"count":1,"href":"http:\/\/liceulovidius.ro\/desen\/index.php\/wp-json\/wp\/v2\/pages\/1525\/revisions"}],"predecessor-version":[{"id":1534,"href":"http:\/\/liceulovidius.ro\/desen\/index.php\/wp-json\/wp\/v2\/pages\/1525\/revisions\/1534"}],"wp:attachment":[{"href":"http:\/\/liceulovidius.ro\/desen\/index.php\/wp-json\/wp\/v2\/media?parent=1525"}],"curies":[{"name":"wp","href":"https:\/\/api.w.org\/{rel}","templated":true}]}}