{"id":1603,"date":"2025-09-30T10:40:12","date_gmt":"2025-09-30T10:40:12","guid":{"rendered":"https:\/\/liceulovidius.ro\/desen\/?page_id=1603"},"modified":"2025-09-30T10:40:12","modified_gmt":"2025-09-30T10:40:12","slug":"concursul-international-de-arte-vizuale-graines-dartistes-du-monde-entier-2025-organizat-de-institutul-mondial-de-arta-a-tineretului-centru-pentru-unesco-troyes-franta","status":"publish","type":"page","link":"http:\/\/liceulovidius.ro\/desen\/index.php\/concursul-international-de-arte-vizuale-graines-dartistes-du-monde-entier-2025-organizat-de-institutul-mondial-de-arta-a-tineretului-centru-pentru-unesco-troyes-franta\/","title":{"rendered":"Concursul Interna\u0163ional de Arte Vizuale ,,Graines d\u2019artistes du monde entier 2025\u201d organizat de Institutul Mondial de Art\u0103 a Tineretului &#8211; Centru pentru\u00a0 UNESCO, Troyes-Fran\u0163a\u00a0\u00a0\u00a0\u00a0\u00a0\u00a0\u00a0\u00a0\u00a0\u00a0\u00a0\u00a0\u00a0\u00a0\u00a0\u00a0"},"content":{"rendered":"\n<p>&nbsp;&nbsp; Diaconu Emma &#8211; Cristina, elev\u0103 \u00een clasa a X-a F la Liceul Teoretic ,,Ovidius\u201d sub \u00eendrumarea profesoarei Iustina &#8211; Silvana Ursu, s-a remarcat \u00een ultimii ani printr-un palmares bogat de premii la competi\u0163ii na\u0163ionale \u015fi interna\u0163ionale \u00een domeniul artelor plastice.&nbsp;&nbsp;&nbsp;&nbsp;&nbsp;&nbsp;&nbsp;&nbsp;&nbsp;&nbsp;&nbsp;&nbsp;&nbsp;&nbsp;&nbsp;&nbsp;&nbsp;&nbsp;&nbsp;&nbsp;&nbsp;&nbsp;&nbsp;&nbsp;&nbsp;&nbsp;&nbsp;&nbsp;&nbsp;&nbsp;&nbsp;&nbsp;&nbsp;&nbsp;&nbsp;&nbsp;&nbsp;&nbsp;&nbsp;&nbsp;&nbsp;&nbsp;&nbsp;&nbsp;&nbsp;&nbsp;&nbsp;&nbsp;&nbsp;&nbsp;&nbsp;&nbsp;&nbsp;&nbsp;&nbsp;&nbsp;&nbsp;&nbsp;&nbsp;&nbsp;&nbsp;&nbsp;&nbsp;&nbsp;&nbsp;&nbsp;<\/p>\n\n\n\n<p>&nbsp;&nbsp; \u00cen acest an eleva a primit <em>Diploma de onoare<\/em> la Concursul Interna\u0163ional de Arte Vizuale ,,Graines d\u2019artistes du monde entier 2025\u201d organizat de Institutul Mondial de Art\u0103a Tineretului- Centru pentru UNESCO. Concursul este o fereastr\u0103 deschis\u0103, promoveaz\u0103 tinerii din \u00eentreaga lume cu scopul de a-i reuni \u00een jurul unei ac\u0163iuni interna\u0163ionale comune \u00eencuraj\u00e2nd dialogul, respectul \u015fi angajamentul.<\/p>\n\n\n\n<p>\u00a0\u00a0\u00a0\u00a0 Tema concursului din acest an ,,Arta \u015fi cultura, o cale spre pace\u201d este legat\u0103 de\u00a0Obiectivele de Dezvoltare Durabil\u0103 (ODD)<strong>\u00a0<\/strong>\u0219i fac parte din Pactul pentru Viitor adoptat de UNESCO pentru a construi o lume mai unit\u0103, echitabil\u0103 \u0219i sustenabil\u0103. Prin intermediul artei participan\u021bii au fost \u00eencuraja\u021bi s\u0103 \u00ee\u0219i exprime viziunea asupra lumii, angajamentul fa\u021b\u0103 de pace, diversitate cultural\u0103, justi\u021bie social\u0103 \u0219i conservarea mediului.<\/p>\n\n\n\n<figure class=\"wp-block-gallery has-nested-images columns-default is-cropped\">\n<figure class=\"wp-block-image size-large\"><img loading=\"lazy\" width=\"1024\" height=\"724\" data-id=\"1606\"  src=\"https:\/\/liceulovidius.ro\/desen\/wp-content\/uploads\/2025\/09\/DIPLOMA-1024x724.jpg\" alt=\"\" class=\"wp-image-1606\" srcset=\"http:\/\/liceulovidius.ro\/desen\/wp-content\/uploads\/2025\/09\/DIPLOMA-1024x724.jpg 1024w, http:\/\/liceulovidius.ro\/desen\/wp-content\/uploads\/2025\/09\/DIPLOMA-300x212.jpg 300w, http:\/\/liceulovidius.ro\/desen\/wp-content\/uploads\/2025\/09\/DIPLOMA-768x543.jpg 768w, http:\/\/liceulovidius.ro\/desen\/wp-content\/uploads\/2025\/09\/DIPLOMA-1536x1086.jpg 1536w, http:\/\/liceulovidius.ro\/desen\/wp-content\/uploads\/2025\/09\/DIPLOMA-2048x1448.jpg 2048w, http:\/\/liceulovidius.ro\/desen\/wp-content\/uploads\/2025\/09\/DIPLOMA-676x478.jpg 676w\" sizes=\"(max-width: 1024px) 100vw, 1024px\" \/><\/figure>\n\n\n\n<figure class=\"wp-block-image size-large\"><img loading=\"lazy\" width=\"1024\" height=\"733\" data-id=\"1608\"  src=\"https:\/\/liceulovidius.ro\/desen\/wp-content\/uploads\/2025\/09\/CERTIFICAT-FRANTA-1-1024x733.jpg\" alt=\"\" class=\"wp-image-1608\" srcset=\"http:\/\/liceulovidius.ro\/desen\/wp-content\/uploads\/2025\/09\/CERTIFICAT-FRANTA-1-1024x733.jpg 1024w, http:\/\/liceulovidius.ro\/desen\/wp-content\/uploads\/2025\/09\/CERTIFICAT-FRANTA-1-300x215.jpg 300w, http:\/\/liceulovidius.ro\/desen\/wp-content\/uploads\/2025\/09\/CERTIFICAT-FRANTA-1-768x550.jpg 768w, http:\/\/liceulovidius.ro\/desen\/wp-content\/uploads\/2025\/09\/CERTIFICAT-FRANTA-1-1536x1100.jpg 1536w, http:\/\/liceulovidius.ro\/desen\/wp-content\/uploads\/2025\/09\/CERTIFICAT-FRANTA-1-2048x1466.jpg 2048w, http:\/\/liceulovidius.ro\/desen\/wp-content\/uploads\/2025\/09\/CERTIFICAT-FRANTA-1-676x484.jpg 676w\" sizes=\"(max-width: 1024px) 100vw, 1024px\" \/><\/figure>\n<\/figure>\n\n\n\n<figure class=\"wp-block-gallery has-nested-images columns-default is-cropped\">\n<figure class=\"wp-block-image size-large\"><img loading=\"lazy\" width=\"1024\" height=\"739\" data-id=\"1609\"  src=\"https:\/\/liceulovidius.ro\/desen\/wp-content\/uploads\/2025\/09\/DIACONU-EMMA-CRISTINA-1-1024x739.jpg\" alt=\"\" class=\"wp-image-1609\" srcset=\"http:\/\/liceulovidius.ro\/desen\/wp-content\/uploads\/2025\/09\/DIACONU-EMMA-CRISTINA-1-1024x739.jpg 1024w, http:\/\/liceulovidius.ro\/desen\/wp-content\/uploads\/2025\/09\/DIACONU-EMMA-CRISTINA-1-300x216.jpg 300w, http:\/\/liceulovidius.ro\/desen\/wp-content\/uploads\/2025\/09\/DIACONU-EMMA-CRISTINA-1-768x554.jpg 768w, http:\/\/liceulovidius.ro\/desen\/wp-content\/uploads\/2025\/09\/DIACONU-EMMA-CRISTINA-1-1536x1108.jpg 1536w, http:\/\/liceulovidius.ro\/desen\/wp-content\/uploads\/2025\/09\/DIACONU-EMMA-CRISTINA-1-676x488.jpg 676w, http:\/\/liceulovidius.ro\/desen\/wp-content\/uploads\/2025\/09\/DIACONU-EMMA-CRISTINA-1.jpg 2048w\" sizes=\"(max-width: 1024px) 100vw, 1024px\" \/><\/figure>\n<\/figure>\n","protected":false},"excerpt":{"rendered":"<p>&nbsp;&nbsp; Diaconu Emma &#8211; Cristina, elev\u0103 \u00een clasa a X-a F la Liceul Teoretic ,,Ovidius\u201d sub \u00eendrumarea profesoarei Iustina &#8211; Silvana Ursu, s-a remarcat \u00een ultimii ani printr-un palmares bogat de premii la competi\u0163ii na\u0163ionale \u015fi interna\u0163ionale \u00een domeniul artelor plastice.&nbsp;&nbsp;&nbsp;&nbsp;&nbsp;&nbsp;&nbsp;&nbsp;&nbsp;&nbsp;&nbsp;&nbsp;&nbsp;&nbsp;&nbsp;&nbsp;&nbsp;&nbsp;&nbsp;&nbsp;&nbsp;&nbsp;&nbsp;&nbsp;&nbsp;&nbsp;&nbsp;&nbsp;&nbsp;&nbsp;&nbsp;&nbsp;&nbsp;&nbsp;&nbsp;&nbsp;&nbsp;&nbsp;&nbsp;&nbsp;&nbsp;&nbsp;&nbsp;&nbsp;&nbsp;&nbsp;&nbsp;&nbsp;&nbsp;&nbsp;&nbsp;&nbsp;&nbsp;&nbsp;&nbsp;&nbsp;&nbsp;&nbsp;&nbsp;&nbsp;&nbsp;&nbsp;&nbsp;&nbsp;&nbsp;&nbsp; &nbsp;&nbsp; \u00cen acest an eleva a primit Diploma de onoare la Concursul Interna\u0163ional de [&hellip;]<\/p>\n","protected":false},"author":3,"featured_media":0,"parent":0,"menu_order":0,"comment_status":"closed","ping_status":"closed","template":"","meta":[],"_links":{"self":[{"href":"http:\/\/liceulovidius.ro\/desen\/index.php\/wp-json\/wp\/v2\/pages\/1603"}],"collection":[{"href":"http:\/\/liceulovidius.ro\/desen\/index.php\/wp-json\/wp\/v2\/pages"}],"about":[{"href":"http:\/\/liceulovidius.ro\/desen\/index.php\/wp-json\/wp\/v2\/types\/page"}],"author":[{"embeddable":true,"href":"http:\/\/liceulovidius.ro\/desen\/index.php\/wp-json\/wp\/v2\/users\/3"}],"replies":[{"embeddable":true,"href":"http:\/\/liceulovidius.ro\/desen\/index.php\/wp-json\/wp\/v2\/comments?post=1603"}],"version-history":[{"count":1,"href":"http:\/\/liceulovidius.ro\/desen\/index.php\/wp-json\/wp\/v2\/pages\/1603\/revisions"}],"predecessor-version":[{"id":1611,"href":"http:\/\/liceulovidius.ro\/desen\/index.php\/wp-json\/wp\/v2\/pages\/1603\/revisions\/1611"}],"wp:attachment":[{"href":"http:\/\/liceulovidius.ro\/desen\/index.php\/wp-json\/wp\/v2\/media?parent=1603"}],"curies":[{"name":"wp","href":"https:\/\/api.w.org\/{rel}","templated":true}]}}