{"id":1614,"date":"2025-11-23T14:19:34","date_gmt":"2025-11-23T14:19:34","guid":{"rendered":"https:\/\/liceulovidius.ro\/desen\/?page_id=1614"},"modified":"2025-11-23T14:23:46","modified_gmt":"2025-11-23T14:23:46","slug":"concurs-de-arte-vizuale-cotroceni-creativ-junior-2025","status":"publish","type":"page","link":"http:\/\/liceulovidius.ro\/desen\/index.php\/concurs-de-arte-vizuale-cotroceni-creativ-junior-2025\/","title":{"rendered":"Concurs de arte vizuale Cotroceni              Creativ Junior 2025"},"content":{"rendered":"\n<p>           Ne bucur\u0103m s\u0103 v\u0103 inform\u0103m c\u0103 lucrarea elevei <strong>DIACONU EMMA-CRISTINA<\/strong> din clasa a X-a F coordonat\u0103 de prof. Iustina Silvana Ursu a fost desemnat\u0103 c\u00e2\u0219tig\u0103toare de c\u0103tre membrii juriului la concursul de arte vizuale <strong>Cotroceni Creativ Junior edi\u021bia a VI-a 2025<\/strong> organizat de\u00a0 Muzeul Na\u0163ional Cotroceni.<\/p>\n\n\n\n<p>&nbsp;&nbsp;&nbsp;&nbsp;&nbsp;&nbsp;&nbsp;&nbsp;&nbsp; Concursul este dedicat copiilor din ciclul gimnazial \u0219i liceal, av\u00e2nd scopul de a valorifica \u00eentr-un mod creativ patrimoniul material \u015fi imaterial al Muzeului Na\u021bional Cotroceni. Edi\u021bia din acest an a fost centrat\u0103 pe pasiunile \u015fi interesele Regelui Ferdinand (v\u00e2n\u0103toarea, erudi\u0163ia \u015fi pasiunea pentru c\u0103r\u0163i, botanica) ale Reginei Maria (pictura, scrisul, designul interior \u015fi exterior, echita\u0163ia \u015fi caii), c\u00e2t \u015fi pasiunile lor comune, cum ar fi pasiunea pentru botanic\u0103.<\/p>\n\n\n\n<p>&nbsp;&nbsp;&nbsp;&nbsp;&nbsp;&nbsp;&nbsp;&nbsp; Astfel, lucrarea elevei dedicat\u0103 pasiunilor Reginei Maria \u0219i ale Regelui Carol reflect\u0103 complexitatea \u0219i rafinamentul personalit\u0103\u021bilor lor, dar \u0219i influen\u021ba profund\u0103 pe care au avut-o asupra culturii \u0219i artei rom\u00e2ne\u0219ti. Este de remarcat faptul c\u0103 frumuse\u021bea devotamentului lor pentru diferite pasiuni a inspirat o lume \u00eentreag\u0103.&nbsp;&nbsp;&nbsp;&nbsp;&nbsp;&nbsp;&nbsp;&nbsp;&nbsp;&nbsp;&nbsp;&nbsp;&nbsp;&nbsp;&nbsp;&nbsp;&nbsp;&nbsp;&nbsp;&nbsp;&nbsp;&nbsp;&nbsp;&nbsp;&nbsp;&nbsp;&nbsp;&nbsp;&nbsp;&nbsp;&nbsp;&nbsp;&nbsp;&nbsp;&nbsp;&nbsp;&nbsp;&nbsp;&nbsp;&nbsp;&nbsp;&nbsp;&nbsp;&nbsp;&nbsp;&nbsp;&nbsp;&nbsp;&nbsp;&nbsp;&nbsp;&nbsp;&nbsp;&nbsp;&nbsp;&nbsp;&nbsp;&nbsp;&nbsp;&nbsp;&nbsp;&nbsp;&nbsp;&nbsp;&nbsp;&nbsp;&nbsp;&nbsp;&nbsp;&nbsp;&nbsp;&nbsp;&nbsp;&nbsp;&nbsp;&nbsp;&nbsp;&nbsp;&nbsp;&nbsp;&nbsp;&nbsp;&nbsp;&nbsp;&nbsp;&nbsp;&nbsp;&nbsp;&nbsp;&nbsp;&nbsp;&nbsp;&nbsp;&nbsp;&nbsp;&nbsp;&nbsp;&nbsp;&nbsp;&nbsp;&nbsp;&nbsp;&nbsp;&nbsp;&nbsp;&nbsp;&nbsp;&nbsp;&nbsp;&nbsp;&nbsp;&nbsp;&nbsp;&nbsp;&nbsp;&nbsp;&nbsp;&nbsp;&nbsp;&nbsp;&nbsp;&nbsp;&nbsp;&nbsp;&nbsp;&nbsp;&nbsp;&nbsp;&nbsp;&nbsp;&nbsp;&nbsp;&nbsp;&nbsp;&nbsp;&nbsp;&nbsp;&nbsp;&nbsp;&nbsp;&nbsp;&nbsp;&nbsp;&nbsp;&nbsp;&nbsp;&nbsp;&nbsp;&nbsp;&nbsp;&nbsp;&nbsp;&nbsp;&nbsp;&nbsp;<\/p>\n\n\n\n<div class=\"wp-block-columns\">\n<div class=\"wp-block-column\" style=\"flex-basis:100%\">\n<p>           Transmitem felicit\u0103ri elevei desemnate c\u00e2\u0219tig\u0103toare!<\/p>\n<\/div>\n<\/div>\n\n\n\n<figure class=\"wp-block-image size-large\"><img loading=\"lazy\" width=\"724\" height=\"1024\" src=\"https:\/\/liceulovidius.ro\/desen\/wp-content\/uploads\/2025\/11\/diploma-724x1024.jpg\" alt=\"\" class=\"wp-image-1616\" srcset=\"http:\/\/liceulovidius.ro\/desen\/wp-content\/uploads\/2025\/11\/diploma-724x1024.jpg 724w, http:\/\/liceulovidius.ro\/desen\/wp-content\/uploads\/2025\/11\/diploma-212x300.jpg 212w, http:\/\/liceulovidius.ro\/desen\/wp-content\/uploads\/2025\/11\/diploma-768x1086.jpg 768w, http:\/\/liceulovidius.ro\/desen\/wp-content\/uploads\/2025\/11\/diploma-1086x1536.jpg 1086w, http:\/\/liceulovidius.ro\/desen\/wp-content\/uploads\/2025\/11\/diploma-1448x2048.jpg 1448w, http:\/\/liceulovidius.ro\/desen\/wp-content\/uploads\/2025\/11\/diploma-676x956.jpg 676w, http:\/\/liceulovidius.ro\/desen\/wp-content\/uploads\/2025\/11\/diploma-scaled.jpg 1810w\" sizes=\"(max-width: 724px) 100vw, 724px\" \/><\/figure>\n\n\n\n<div class=\"wp-container-1 wp-block-group\"><div class=\"wp-block-group__inner-container\">\n<div class=\"wp-block-columns\">\n<div class=\"wp-block-column\" style=\"flex-basis:100%\">\n<figure class=\"wp-block-image size-large\"><img loading=\"lazy\" width=\"1024\" height=\"727\" src=\"https:\/\/liceulovidius.ro\/desen\/wp-content\/uploads\/2025\/11\/DIACONU-EMMA-CRISTINA-clasa-XF-Liceul-Teoretic-Ovidius-Constanta-1024x727.jpg\" alt=\"\" class=\"wp-image-1615\" srcset=\"http:\/\/liceulovidius.ro\/desen\/wp-content\/uploads\/2025\/11\/DIACONU-EMMA-CRISTINA-clasa-XF-Liceul-Teoretic-Ovidius-Constanta-1024x727.jpg 1024w, http:\/\/liceulovidius.ro\/desen\/wp-content\/uploads\/2025\/11\/DIACONU-EMMA-CRISTINA-clasa-XF-Liceul-Teoretic-Ovidius-Constanta-300x213.jpg 300w, http:\/\/liceulovidius.ro\/desen\/wp-content\/uploads\/2025\/11\/DIACONU-EMMA-CRISTINA-clasa-XF-Liceul-Teoretic-Ovidius-Constanta-768x545.jpg 768w, http:\/\/liceulovidius.ro\/desen\/wp-content\/uploads\/2025\/11\/DIACONU-EMMA-CRISTINA-clasa-XF-Liceul-Teoretic-Ovidius-Constanta-1536x1090.jpg 1536w, http:\/\/liceulovidius.ro\/desen\/wp-content\/uploads\/2025\/11\/DIACONU-EMMA-CRISTINA-clasa-XF-Liceul-Teoretic-Ovidius-Constanta-676x480.jpg 676w, http:\/\/liceulovidius.ro\/desen\/wp-content\/uploads\/2025\/11\/DIACONU-EMMA-CRISTINA-clasa-XF-Liceul-Teoretic-Ovidius-Constanta.jpg 1761w\" sizes=\"(max-width: 1024px) 100vw, 1024px\" \/><\/figure>\n<\/div>\n<\/div>\n<\/div><\/div>\n\n\n\n<p><\/p>\n","protected":false},"excerpt":{"rendered":"<p>Ne bucur\u0103m s\u0103 v\u0103 inform\u0103m c\u0103 lucrarea elevei DIACONU EMMA-CRISTINA din clasa a X-a F coordonat\u0103 de prof. Iustina Silvana Ursu a fost desemnat\u0103 c\u00e2\u0219tig\u0103toare de c\u0103tre membrii juriului la concursul de arte vizuale Cotroceni Creativ Junior edi\u021bia a VI-a 2025 organizat de\u00a0 Muzeul Na\u0163ional Cotroceni. &nbsp;&nbsp;&nbsp;&nbsp;&nbsp;&nbsp;&nbsp;&nbsp;&nbsp; Concursul este dedicat copiilor din ciclul gimnazial \u0219i [&hellip;]<\/p>\n","protected":false},"author":3,"featured_media":0,"parent":0,"menu_order":0,"comment_status":"closed","ping_status":"closed","template":"","meta":[],"_links":{"self":[{"href":"http:\/\/liceulovidius.ro\/desen\/index.php\/wp-json\/wp\/v2\/pages\/1614"}],"collection":[{"href":"http:\/\/liceulovidius.ro\/desen\/index.php\/wp-json\/wp\/v2\/pages"}],"about":[{"href":"http:\/\/liceulovidius.ro\/desen\/index.php\/wp-json\/wp\/v2\/types\/page"}],"author":[{"embeddable":true,"href":"http:\/\/liceulovidius.ro\/desen\/index.php\/wp-json\/wp\/v2\/users\/3"}],"replies":[{"embeddable":true,"href":"http:\/\/liceulovidius.ro\/desen\/index.php\/wp-json\/wp\/v2\/comments?post=1614"}],"version-history":[{"count":1,"href":"http:\/\/liceulovidius.ro\/desen\/index.php\/wp-json\/wp\/v2\/pages\/1614\/revisions"}],"predecessor-version":[{"id":1618,"href":"http:\/\/liceulovidius.ro\/desen\/index.php\/wp-json\/wp\/v2\/pages\/1614\/revisions\/1618"}],"wp:attachment":[{"href":"http:\/\/liceulovidius.ro\/desen\/index.php\/wp-json\/wp\/v2\/media?parent=1614"}],"curies":[{"name":"wp","href":"https:\/\/api.w.org\/{rel}","templated":true}]}}