{"id":1660,"date":"2025-12-14T19:11:39","date_gmt":"2025-12-14T19:11:39","guid":{"rendered":"https:\/\/liceulovidius.ro\/desen\/?page_id=1660"},"modified":"2025-12-14T19:13:17","modified_gmt":"2025-12-14T19:13:17","slug":"campania-nationala-de-preventie-a-consumului-de-tutun-romania-respira-curat","status":"publish","type":"page","link":"http:\/\/liceulovidius.ro\/desen\/index.php\/campania-nationala-de-preventie-a-consumului-de-tutun-romania-respira-curat\/","title":{"rendered":"<strong>Campania Na\u0163ional\u0103 de Preven\u0163ie a Consumului de Tutun ,,Rom\u00e2nia respir\u0103 curat!\u201d<\/strong>"},"content":{"rendered":"\n<p class=\"has-text-align-left\">            Direc\u021bia de S\u0103n\u0103tate Public\u0103 \u0219i Inspectoratul \u0218colar Jude\u021bean au organizat,                           \u00een data de 3 decembrie 2025, \u00een sala Remus Opreanu a Palatului Administrativ               din Constan\u021ba evenimentul <strong>\u201eF\u0103r\u0103 tutun \u00een \u0219coala mea\u201d<\/strong>, desf\u0103\u0219urat \u00een cadrul Campaniei Na\u021bionale de Preven\u021bie a Consumului de Tutun <strong>\u201eRom\u00e2nia respir\u0103 curat!\u201d<\/strong>.<\/p>\n\n\n\n<p class=\"has-text-align-left\">&nbsp;&nbsp;&nbsp;&nbsp;&nbsp;         La eveniment au participat elevii \u0219i cadrele didactice din 20 de unit\u0103\u021bi                                 de \u00eenv\u0103\u021b\u0103m\u00e2nt, al\u0103turi de speciali\u0219tii din domeniul medical. Discu\u021biile au vizat impactul fumatului asupra s\u0103n\u0103t\u0103\u021bii \u0219i cre\u0219terea alarmant\u0103 a num\u0103rului de                minori care intr\u0103 \u00een contact cu tutunul la v\u00e2rste din ce \u00een ce mai mici. Un moment apreciat a fost prezentarea posterului realizat de Diaconu Emma-Cristina, elev\u0103  \u00een clasa a X-a F, coordonat\u0103 de profesorii Ursu Iustina Silvana \u0219i Munteanu M\u0103d\u0103lina. Mesajele sale <em>\u201eFumatul ucide!\u201d<\/em>, <em>\u201e\u00cen \u0219coala mea, fiecare respira\u021bie curat\u0103                 te aduce mai aproape de visurile tale!\u201d<\/em> \u0219i <em>\u201eFumatul nu te face \u0219mecher!\u201d<\/em> au atras aten\u021bia participan\u021bilor \u0219i au subliniat importan\u021ba educa\u021biei preventive \u00een r\u00e2ndul adolescen\u021bilor.<\/p>\n\n\n\n<p class=\"has-text-align-left\">&nbsp;&nbsp;&nbsp;&nbsp;&nbsp;    Evenimentul s-a \u00eencheiat cu o sesiune interactiv\u0103 de \u00eentreb\u0103ri \u0219i r\u0103spunsuri,              \u00een cadrul c\u0103reia tinerii au discutat despre influen\u021ba anturajului, despre alternative s\u0103n\u0103toase \u0219i despre modalit\u0103\u021bi de gestionare a presiunii sociale.<\/p>\n\n\n\n<p class=\"has-text-align-left\">&nbsp;&nbsp;&nbsp;   &nbsp;&nbsp; Concluzia unanim\u0103 a speciali\u0219tilor: protejarea copiilor \u0219i adolescen\u021bilor                     de expunerea la fumul de tutun este o responsabilitate comun\u0103. Campaniile                              de informare, controalele medicale periodice \u0219i introducerea educa\u021biei pentru s\u0103n\u0103tate \u00een \u0219coli reprezint\u0103 solu\u021bii eficiente pentru reducerea consumului de tutun \u00een r\u00e2ndul tinerilor.<\/p>\n\n\n\n<figure class=\"wp-block-gallery has-nested-images columns-default is-cropped\">\n<figure class=\"wp-block-image size-large\"><img loading=\"lazy\" width=\"1024\" height=\"590\" data-id=\"1661\"  src=\"https:\/\/liceulovidius.ro\/desen\/wp-content\/uploads\/2025\/12\/2-1024x590.jpg\" alt=\"\" class=\"wp-image-1661\" srcset=\"http:\/\/liceulovidius.ro\/desen\/wp-content\/uploads\/2025\/12\/2-1024x590.jpg 1024w, http:\/\/liceulovidius.ro\/desen\/wp-content\/uploads\/2025\/12\/2-300x173.jpg 300w, http:\/\/liceulovidius.ro\/desen\/wp-content\/uploads\/2025\/12\/2-768x443.jpg 768w, http:\/\/liceulovidius.ro\/desen\/wp-content\/uploads\/2025\/12\/2-676x390.jpg 676w, http:\/\/liceulovidius.ro\/desen\/wp-content\/uploads\/2025\/12\/2.jpg 1050w\" sizes=\"(max-width: 1024px) 100vw, 1024px\" \/><\/figure>\n\n\n\n<figure class=\"wp-block-image size-large\"><img loading=\"lazy\" width=\"734\" height=\"1024\" data-id=\"1662\"  src=\"https:\/\/liceulovidius.ro\/desen\/wp-content\/uploads\/2025\/12\/3-734x1024.jpeg\" alt=\"\" class=\"wp-image-1662\" srcset=\"http:\/\/liceulovidius.ro\/desen\/wp-content\/uploads\/2025\/12\/3-734x1024.jpeg 734w, http:\/\/liceulovidius.ro\/desen\/wp-content\/uploads\/2025\/12\/3-215x300.jpeg 215w, http:\/\/liceulovidius.ro\/desen\/wp-content\/uploads\/2025\/12\/3-768x1072.jpeg 768w, http:\/\/liceulovidius.ro\/desen\/wp-content\/uploads\/2025\/12\/3-1101x1536.jpeg 1101w, http:\/\/liceulovidius.ro\/desen\/wp-content\/uploads\/2025\/12\/3-676x943.jpeg 676w, http:\/\/liceulovidius.ro\/desen\/wp-content\/uploads\/2025\/12\/3.jpeg 1126w\" sizes=\"(max-width: 734px) 100vw, 734px\" \/><\/figure>\n<\/figure>\n\n\n\n<figure class=\"wp-block-image size-large\"><img loading=\"lazy\" width=\"1024\" height=\"684\" src=\"https:\/\/liceulovidius.ro\/desen\/wp-content\/uploads\/2025\/12\/4-1-1024x684.jpeg\" alt=\"\" class=\"wp-image-1664\" srcset=\"http:\/\/liceulovidius.ro\/desen\/wp-content\/uploads\/2025\/12\/4-1-1024x684.jpeg 1024w, http:\/\/liceulovidius.ro\/desen\/wp-content\/uploads\/2025\/12\/4-1-300x200.jpeg 300w, http:\/\/liceulovidius.ro\/desen\/wp-content\/uploads\/2025\/12\/4-1-768x513.jpeg 768w, http:\/\/liceulovidius.ro\/desen\/wp-content\/uploads\/2025\/12\/4-1-1536x1026.jpeg 1536w, http:\/\/liceulovidius.ro\/desen\/wp-content\/uploads\/2025\/12\/4-1-676x452.jpeg 676w, http:\/\/liceulovidius.ro\/desen\/wp-content\/uploads\/2025\/12\/4-1.jpeg 1896w\" sizes=\"(max-width: 1024px) 100vw, 1024px\" \/><\/figure>\n","protected":false},"excerpt":{"rendered":"<p>Direc\u021bia de S\u0103n\u0103tate Public\u0103 \u0219i Inspectoratul \u0218colar Jude\u021bean au organizat, \u00een data de 3 decembrie 2025, \u00een sala Remus Opreanu a Palatului Administrativ din Constan\u021ba evenimentul \u201eF\u0103r\u0103 tutun \u00een \u0219coala mea\u201d, desf\u0103\u0219urat \u00een cadrul Campaniei Na\u021bionale de Preven\u021bie a Consumului de Tutun \u201eRom\u00e2nia respir\u0103 curat!\u201d. &nbsp;&nbsp;&nbsp;&nbsp;&nbsp; La eveniment au participat elevii \u0219i cadrele didactice din [&hellip;]<\/p>\n","protected":false},"author":3,"featured_media":0,"parent":0,"menu_order":0,"comment_status":"closed","ping_status":"closed","template":"","meta":[],"_links":{"self":[{"href":"http:\/\/liceulovidius.ro\/desen\/index.php\/wp-json\/wp\/v2\/pages\/1660"}],"collection":[{"href":"http:\/\/liceulovidius.ro\/desen\/index.php\/wp-json\/wp\/v2\/pages"}],"about":[{"href":"http:\/\/liceulovidius.ro\/desen\/index.php\/wp-json\/wp\/v2\/types\/page"}],"author":[{"embeddable":true,"href":"http:\/\/liceulovidius.ro\/desen\/index.php\/wp-json\/wp\/v2\/users\/3"}],"replies":[{"embeddable":true,"href":"http:\/\/liceulovidius.ro\/desen\/index.php\/wp-json\/wp\/v2\/comments?post=1660"}],"version-history":[{"count":3,"href":"http:\/\/liceulovidius.ro\/desen\/index.php\/wp-json\/wp\/v2\/pages\/1660\/revisions"}],"predecessor-version":[{"id":1668,"href":"http:\/\/liceulovidius.ro\/desen\/index.php\/wp-json\/wp\/v2\/pages\/1660\/revisions\/1668"}],"wp:attachment":[{"href":"http:\/\/liceulovidius.ro\/desen\/index.php\/wp-json\/wp\/v2\/media?parent=1660"}],"curies":[{"name":"wp","href":"https:\/\/api.w.org\/{rel}","templated":true}]}}