{"id":4,"date":"2016-12-07T10:33:08","date_gmt":"2016-12-07T10:33:08","guid":{"rendered":"http:\/\/liceulovidius.ro\/desen\/?page_id=4"},"modified":"2026-02-26T10:18:33","modified_gmt":"2026-02-26T10:18:33","slug":"prezentare-site","status":"publish","type":"page","link":"http:\/\/liceulovidius.ro\/desen\/index.php\/prezentare-site\/","title":{"rendered":"HOME"},"content":{"rendered":"<p style=\"text-align: left;\">\u00a0\u00a0\u00a0\u00a0 <em>\u00a0 Acest blog se adreseaz\u0103 sufletelor \u00eendr\u0103gostite de art\u0103, celor \u00eenzestra\u021bi cu sensibilitate plastic\u0103 \u0219i elevilor dornici s\u0103-\u0219i \u00eembog\u0103\u021beasc\u0103 universul cultural, descoperind tainele artelor vizuale din perspectiv\u0103 conceptual\u0103, estetic\u0103 \u0219i tehnic\u0103.<\/em><\/p>\n<p style=\"text-align: left;\" data-start=\"332\" data-end=\"629\"><em>\u00a0\u00a0\u00a0\u00a0\u00a0 Educa\u021bia estetic\u0103 prin artele vizuale modeleaz\u0103 nu doar priceperi \u0219i deprinderi practice, ci \u0219i caractere creative. Ea cultiv\u0103 pl\u0103cerea de a crea, rafineaz\u0103 sim\u021bul estetic \u0219i d\u0103 aripi imagina\u021biei, transform\u00e2nd fantezia elevilor \u00een forme, culori \u0219i expresii care \u00eembog\u0103\u021besc ambientul \u0219i spiritul.<\/em><\/p>\n<p style=\"text-align: left;\" data-start=\"631\" data-end=\"955\"><em>\u00a0 \u00a0 \u00a0\u00cencuraj\u0103m sensibilitatea \u0219i unicitatea fiec\u0103rui elev, oferindu-le spa\u021biul necesar pentru a-\u0219i face cunoscut\u0103 vocea artistic\u0103 prin activit\u0103\u021bi expozi\u021bionale.<\/em><\/p>\n<p style=\"text-align: left;\"><em>\u00a0\u00a0\u00a0\u00a0\u00a0 Blogul devine astfel un loc al dialogului \u0219i al inspira\u021biei, unde sunt prezentate expozi\u021bii \u0219i rezultate ob\u021binute la concursuri interna\u021bionale, na\u021bionale \u0219i jude\u021bene.<\/em><\/p>\n<p style=\"text-align: left;\" data-start=\"957\" data-end=\"1105\"><em>\u00a0 \u00a0 \u00a0 Aici se contureaz\u0103 un cadru deschis exprim\u0103rii libere, autentice \u0219i creative &#8211; un spa\u021biu \u00een care arta devine limbaj, iar fiecare elev, un creator.<\/em><\/p>\n<p><em>\u00a0 \u00a0 \u00a0 \u00a0 \u00a0 \u00a0 \u00a0 \u00a0 \u00a0 \u00a0 \u00a0 \u00a0 \u00a0 \u00a0 \u00a0 \u00a0 \u00a0 \u00a0 \u00a0 \u00a0 \u00a0 \u00a0 \u00a0 \u00a0 \u00a0 \u00a0 \u00a0 \u00a0 \u00a0 \u00a0 \u00a0 \u00a0 \u00a0 \u00a0 \u00a0 \u00a0 \u00a0 \u00a0 \u00a0 \u00a0 \u00a0 \u00a0 \u00a0 \u00a0 \u00a0 \u00a0 \u00a0 \u00a0 \u00a0 \u00a0 \u00a0 \u00a0 \u00a0 \u00a0 \u00a0 \u00a0 \u00a0 \u00a0 \u00a0 \u00a0 \u00a0 \u00a0 Prof. Ursu Iustina Silvana<\/em><\/p>\n","protected":false},"excerpt":{"rendered":"<p>\u00a0\u00a0\u00a0\u00a0 \u00a0 Acest blog se adreseaz\u0103 sufletelor \u00eendr\u0103gostite de art\u0103, celor \u00eenzestra\u021bi cu sensibilitate plastic\u0103 \u0219i elevilor dornici s\u0103-\u0219i \u00eembog\u0103\u021beasc\u0103 universul cultural, descoperind tainele artelor vizuale din perspectiv\u0103 conceptual\u0103, estetic\u0103 \u0219i tehnic\u0103. \u00a0\u00a0\u00a0\u00a0\u00a0 Educa\u021bia estetic\u0103 prin artele vizuale modeleaz\u0103 nu doar priceperi \u0219i deprinderi practice, ci \u0219i caractere creative. Ea cultiv\u0103 pl\u0103cerea de a crea, [&hellip;]<\/p>\n","protected":false},"author":1,"featured_media":0,"parent":0,"menu_order":0,"comment_status":"closed","ping_status":"closed","template":"","meta":[],"_links":{"self":[{"href":"http:\/\/liceulovidius.ro\/desen\/index.php\/wp-json\/wp\/v2\/pages\/4"}],"collection":[{"href":"http:\/\/liceulovidius.ro\/desen\/index.php\/wp-json\/wp\/v2\/pages"}],"about":[{"href":"http:\/\/liceulovidius.ro\/desen\/index.php\/wp-json\/wp\/v2\/types\/page"}],"author":[{"embeddable":true,"href":"http:\/\/liceulovidius.ro\/desen\/index.php\/wp-json\/wp\/v2\/users\/1"}],"replies":[{"embeddable":true,"href":"http:\/\/liceulovidius.ro\/desen\/index.php\/wp-json\/wp\/v2\/comments?post=4"}],"version-history":[{"count":7,"href":"http:\/\/liceulovidius.ro\/desen\/index.php\/wp-json\/wp\/v2\/pages\/4\/revisions"}],"predecessor-version":[{"id":1699,"href":"http:\/\/liceulovidius.ro\/desen\/index.php\/wp-json\/wp\/v2\/pages\/4\/revisions\/1699"}],"wp:attachment":[{"href":"http:\/\/liceulovidius.ro\/desen\/index.php\/wp-json\/wp\/v2\/media?parent=4"}],"curies":[{"name":"wp","href":"https:\/\/api.w.org\/{rel}","templated":true}]}}