{"id":481,"date":"2019-02-02T08:07:18","date_gmt":"2019-02-02T08:07:18","guid":{"rendered":"http:\/\/liceulovidius.ro\/desen\/?page_id=481"},"modified":"2019-06-24T13:26:37","modified_gmt":"2019-06-24T13:26:37","slug":"expozitie-de-pictura-dedicata-centenarului-1918-2018","status":"publish","type":"page","link":"http:\/\/liceulovidius.ro\/desen\/index.php\/expozitie-de-pictura-dedicata-centenarului-1918-2018\/","title":{"rendered":"Expozi\u0163ie de pictur\u0103 dedicat\u0103 Centenarului-1 Decembrie 2018"},"content":{"rendered":"\n<ul class=\"wp-block-gallery aligncenter columns-3 is-cropped\"><li class=\"blocks-gallery-item\"><figure><img loading=\"lazy\" width=\"960\" height=\"720\" src=\"http:\/\/liceulovidius.ro\/desen\/wp-content\/uploads\/2019\/02\/1.jpg\" alt=\"\" data-id=\"482\" data-link=\"http:\/\/liceulovidius.ro\/desen\/?attachment_id=482\" class=\"wp-image-482\" srcset=\"http:\/\/liceulovidius.ro\/desen\/wp-content\/uploads\/2019\/02\/1.jpg 960w, http:\/\/liceulovidius.ro\/desen\/wp-content\/uploads\/2019\/02\/1-300x225.jpg 300w, http:\/\/liceulovidius.ro\/desen\/wp-content\/uploads\/2019\/02\/1-768x576.jpg 768w\" sizes=\"(max-width: 960px) 100vw, 960px\" \/><\/figure><\/li><li class=\"blocks-gallery-item\"><figure><img loading=\"lazy\" width=\"662\" height=\"960\" src=\"http:\/\/liceulovidius.ro\/desen\/wp-content\/uploads\/2019\/02\/2.jpg\" alt=\"\" data-id=\"484\" data-link=\"http:\/\/liceulovidius.ro\/desen\/?attachment_id=484\" class=\"wp-image-484\" srcset=\"http:\/\/liceulovidius.ro\/desen\/wp-content\/uploads\/2019\/02\/2.jpg 662w, http:\/\/liceulovidius.ro\/desen\/wp-content\/uploads\/2019\/02\/2-207x300.jpg 207w\" sizes=\"(max-width: 662px) 100vw, 662px\" \/><\/figure><\/li><li class=\"blocks-gallery-item\"><figure><img loading=\"lazy\" width=\"598\" height=\"942\" src=\"http:\/\/liceulovidius.ro\/desen\/wp-content\/uploads\/2019\/02\/3.jpg\" alt=\"\" data-id=\"485\" data-link=\"http:\/\/liceulovidius.ro\/desen\/?attachment_id=485\" class=\"wp-image-485\" srcset=\"http:\/\/liceulovidius.ro\/desen\/wp-content\/uploads\/2019\/02\/3.jpg 598w, http:\/\/liceulovidius.ro\/desen\/wp-content\/uploads\/2019\/02\/3-190x300.jpg 190w\" sizes=\"(max-width: 598px) 100vw, 598px\" \/><\/figure><\/li><li class=\"blocks-gallery-item\"><figure><img loading=\"lazy\" width=\"960\" height=\"720\" src=\"http:\/\/liceulovidius.ro\/desen\/wp-content\/uploads\/2019\/02\/5.jpg\" alt=\"\" data-id=\"486\" data-link=\"http:\/\/liceulovidius.ro\/desen\/?attachment_id=486\" class=\"wp-image-486\" srcset=\"http:\/\/liceulovidius.ro\/desen\/wp-content\/uploads\/2019\/02\/5.jpg 960w, http:\/\/liceulovidius.ro\/desen\/wp-content\/uploads\/2019\/02\/5-300x225.jpg 300w, http:\/\/liceulovidius.ro\/desen\/wp-content\/uploads\/2019\/02\/5-768x576.jpg 768w\" sizes=\"(max-width: 960px) 100vw, 960px\" \/><\/figure><\/li><li class=\"blocks-gallery-item\"><figure><img loading=\"lazy\" width=\"960\" height=\"720\" src=\"http:\/\/liceulovidius.ro\/desen\/wp-content\/uploads\/2019\/02\/4.jpg\" alt=\"\" data-id=\"487\" data-link=\"http:\/\/liceulovidius.ro\/desen\/?attachment_id=487\" class=\"wp-image-487\" srcset=\"http:\/\/liceulovidius.ro\/desen\/wp-content\/uploads\/2019\/02\/4.jpg 960w, http:\/\/liceulovidius.ro\/desen\/wp-content\/uploads\/2019\/02\/4-300x225.jpg 300w, http:\/\/liceulovidius.ro\/desen\/wp-content\/uploads\/2019\/02\/4-768x576.jpg 768w\" sizes=\"(max-width: 960px) 100vw, 960px\" \/><\/figure><\/li><li class=\"blocks-gallery-item\"><figure><img loading=\"lazy\" width=\"720\" height=\"960\" src=\"http:\/\/liceulovidius.ro\/desen\/wp-content\/uploads\/2019\/02\/9.jpg\" alt=\"\" data-id=\"488\" data-link=\"http:\/\/liceulovidius.ro\/desen\/?attachment_id=488\" class=\"wp-image-488\" srcset=\"http:\/\/liceulovidius.ro\/desen\/wp-content\/uploads\/2019\/02\/9.jpg 720w, http:\/\/liceulovidius.ro\/desen\/wp-content\/uploads\/2019\/02\/9-225x300.jpg 225w\" sizes=\"(max-width: 720px) 100vw, 720px\" \/><\/figure><\/li><li class=\"blocks-gallery-item\"><figure><img loading=\"lazy\" width=\"960\" height=\"720\" src=\"http:\/\/liceulovidius.ro\/desen\/wp-content\/uploads\/2019\/02\/10.jpg\" alt=\"\" data-id=\"489\" data-link=\"http:\/\/liceulovidius.ro\/desen\/?attachment_id=489\" class=\"wp-image-489\" srcset=\"http:\/\/liceulovidius.ro\/desen\/wp-content\/uploads\/2019\/02\/10.jpg 960w, http:\/\/liceulovidius.ro\/desen\/wp-content\/uploads\/2019\/02\/10-300x225.jpg 300w, http:\/\/liceulovidius.ro\/desen\/wp-content\/uploads\/2019\/02\/10-768x576.jpg 768w\" sizes=\"(max-width: 960px) 100vw, 960px\" \/><\/figure><\/li><li class=\"blocks-gallery-item\"><figure><img loading=\"lazy\" width=\"1024\" height=\"683\" src=\"http:\/\/liceulovidius.ro\/desen\/wp-content\/uploads\/2019\/02\/7-1024x683.jpg\" alt=\"\" data-id=\"490\" data-link=\"http:\/\/liceulovidius.ro\/desen\/?attachment_id=490\" class=\"wp-image-490\" srcset=\"http:\/\/liceulovidius.ro\/desen\/wp-content\/uploads\/2019\/02\/7.jpg 1024w, http:\/\/liceulovidius.ro\/desen\/wp-content\/uploads\/2019\/02\/7-300x200.jpg 300w, http:\/\/liceulovidius.ro\/desen\/wp-content\/uploads\/2019\/02\/7-768x512.jpg 768w\" sizes=\"(max-width: 1024px) 100vw, 1024px\" \/><\/figure><\/li><li class=\"blocks-gallery-item\"><figure><img loading=\"lazy\" width=\"960\" height=\"640\" src=\"http:\/\/liceulovidius.ro\/desen\/wp-content\/uploads\/2019\/02\/6.jpg\" alt=\"\" data-id=\"491\" data-link=\"http:\/\/liceulovidius.ro\/desen\/?attachment_id=491\" class=\"wp-image-491\" srcset=\"http:\/\/liceulovidius.ro\/desen\/wp-content\/uploads\/2019\/02\/6.jpg 960w, http:\/\/liceulovidius.ro\/desen\/wp-content\/uploads\/2019\/02\/6-300x200.jpg 300w, http:\/\/liceulovidius.ro\/desen\/wp-content\/uploads\/2019\/02\/6-768x512.jpg 768w\" sizes=\"(max-width: 960px) 100vw, 960px\" \/><\/figure><\/li><li class=\"blocks-gallery-item\"><figure><img loading=\"lazy\" width=\"660\" height=\"642\" src=\"http:\/\/liceulovidius.ro\/desen\/wp-content\/uploads\/2019\/02\/8-1.jpg\" alt=\"\" data-id=\"492\" data-link=\"http:\/\/liceulovidius.ro\/desen\/?attachment_id=492\" class=\"wp-image-492\" srcset=\"http:\/\/liceulovidius.ro\/desen\/wp-content\/uploads\/2019\/02\/8-1.jpg 660w, http:\/\/liceulovidius.ro\/desen\/wp-content\/uploads\/2019\/02\/8-1-300x292.jpg 300w\" sizes=\"(max-width: 660px) 100vw, 660px\" \/><\/figure><\/li><li class=\"blocks-gallery-item\"><figure><img loading=\"lazy\" width=\"1024\" height=\"576\" src=\"http:\/\/liceulovidius.ro\/desen\/wp-content\/uploads\/2019\/02\/centenarrob-1024x576.png\" alt=\"\" data-id=\"506\" data-link=\"http:\/\/liceulovidius.ro\/desen\/index.php\/expozitie-de-pictura-dedicata-centenarului-1918-2018\/centenarrob\/\" class=\"wp-image-506\" srcset=\"http:\/\/liceulovidius.ro\/desen\/wp-content\/uploads\/2019\/02\/centenarrob-1024x576.png 1024w, http:\/\/liceulovidius.ro\/desen\/wp-content\/uploads\/2019\/02\/centenarrob-300x169.png 300w, http:\/\/liceulovidius.ro\/desen\/wp-content\/uploads\/2019\/02\/centenarrob-768x432.png 768w\" sizes=\"(max-width: 1024px) 100vw, 1024px\" \/><\/figure><\/li><\/ul>\n","protected":false},"excerpt":{"rendered":"","protected":false},"author":3,"featured_media":0,"parent":0,"menu_order":0,"comment_status":"closed","ping_status":"closed","template":"","meta":[],"_links":{"self":[{"href":"http:\/\/liceulovidius.ro\/desen\/index.php\/wp-json\/wp\/v2\/pages\/481"}],"collection":[{"href":"http:\/\/liceulovidius.ro\/desen\/index.php\/wp-json\/wp\/v2\/pages"}],"about":[{"href":"http:\/\/liceulovidius.ro\/desen\/index.php\/wp-json\/wp\/v2\/types\/page"}],"author":[{"embeddable":true,"href":"http:\/\/liceulovidius.ro\/desen\/index.php\/wp-json\/wp\/v2\/users\/3"}],"replies":[{"embeddable":true,"href":"http:\/\/liceulovidius.ro\/desen\/index.php\/wp-json\/wp\/v2\/comments?post=481"}],"version-history":[{"count":4,"href":"http:\/\/liceulovidius.ro\/desen\/index.php\/wp-json\/wp\/v2\/pages\/481\/revisions"}],"predecessor-version":[{"id":650,"href":"http:\/\/liceulovidius.ro\/desen\/index.php\/wp-json\/wp\/v2\/pages\/481\/revisions\/650"}],"wp:attachment":[{"href":"http:\/\/liceulovidius.ro\/desen\/index.php\/wp-json\/wp\/v2\/media?parent=481"}],"curies":[{"name":"wp","href":"https:\/\/api.w.org\/{rel}","templated":true}]}}