{"id":571,"date":"2019-06-23T19:24:42","date_gmt":"2019-06-23T19:24:42","guid":{"rendered":"http:\/\/liceulovidius.ro\/desen\/?page_id=571"},"modified":"2022-02-19T18:44:20","modified_gmt":"2022-02-19T18:44:20","slug":"expozitia-de-pictura-fluturi-in-zbor-mai-2019","status":"publish","type":"page","link":"http:\/\/liceulovidius.ro\/desen\/index.php\/expozitia-de-pictura-fluturi-in-zbor-mai-2019\/","title":{"rendered":"Expozi\u0163ia de pictur\u0103 ,,Fluturi \u00een zbor\u201d mai 2019"},"content":{"rendered":"\n<figure class=\"wp-block-gallery has-nested-images columns-default is-cropped\">\n<figure class=\"wp-block-image\"><img loading=\"lazy\" width=\"960\" height=\"696\" data-id=\"575\"  src=\"http:\/\/liceulovidius.ro\/desen\/wp-content\/uploads\/2019\/06\/62256097_2514478638781911_8358966558084562944_n.jpg\" alt=\"\" class=\"wp-image-575\" srcset=\"http:\/\/liceulovidius.ro\/desen\/wp-content\/uploads\/2019\/06\/62256097_2514478638781911_8358966558084562944_n.jpg 960w, http:\/\/liceulovidius.ro\/desen\/wp-content\/uploads\/2019\/06\/62256097_2514478638781911_8358966558084562944_n-300x218.jpg 300w, http:\/\/liceulovidius.ro\/desen\/wp-content\/uploads\/2019\/06\/62256097_2514478638781911_8358966558084562944_n-768x557.jpg 768w\" sizes=\"(max-width: 960px) 100vw, 960px\" \/><\/figure>\n\n\n\n<figure class=\"wp-block-image\"><img loading=\"lazy\" width=\"960\" height=\"720\" data-id=\"572\"  src=\"http:\/\/liceulovidius.ro\/desen\/wp-content\/uploads\/2019\/06\/1.jpg\" alt=\"\" class=\"wp-image-572\" srcset=\"http:\/\/liceulovidius.ro\/desen\/wp-content\/uploads\/2019\/06\/1.jpg 960w, http:\/\/liceulovidius.ro\/desen\/wp-content\/uploads\/2019\/06\/1-300x225.jpg 300w, http:\/\/liceulovidius.ro\/desen\/wp-content\/uploads\/2019\/06\/1-768x576.jpg 768w\" sizes=\"(max-width: 960px) 100vw, 960px\" \/><\/figure>\n\n\n\n<figure class=\"wp-block-image\"><img loading=\"lazy\" width=\"960\" height=\"720\" data-id=\"576\"  src=\"http:\/\/liceulovidius.ro\/desen\/wp-content\/uploads\/2019\/06\/61893807_2341235792867821_1825960566565371904_n.jpg\" alt=\"\" class=\"wp-image-576\" srcset=\"http:\/\/liceulovidius.ro\/desen\/wp-content\/uploads\/2019\/06\/61893807_2341235792867821_1825960566565371904_n.jpg 960w, http:\/\/liceulovidius.ro\/desen\/wp-content\/uploads\/2019\/06\/61893807_2341235792867821_1825960566565371904_n-300x225.jpg 300w, http:\/\/liceulovidius.ro\/desen\/wp-content\/uploads\/2019\/06\/61893807_2341235792867821_1825960566565371904_n-768x576.jpg 768w\" sizes=\"(max-width: 960px) 100vw, 960px\" \/><\/figure>\n<\/figure>\n","protected":false},"excerpt":{"rendered":"","protected":false},"author":3,"featured_media":0,"parent":0,"menu_order":0,"comment_status":"closed","ping_status":"closed","template":"","meta":[],"_links":{"self":[{"href":"http:\/\/liceulovidius.ro\/desen\/index.php\/wp-json\/wp\/v2\/pages\/571"}],"collection":[{"href":"http:\/\/liceulovidius.ro\/desen\/index.php\/wp-json\/wp\/v2\/pages"}],"about":[{"href":"http:\/\/liceulovidius.ro\/desen\/index.php\/wp-json\/wp\/v2\/types\/page"}],"author":[{"embeddable":true,"href":"http:\/\/liceulovidius.ro\/desen\/index.php\/wp-json\/wp\/v2\/users\/3"}],"replies":[{"embeddable":true,"href":"http:\/\/liceulovidius.ro\/desen\/index.php\/wp-json\/wp\/v2\/comments?post=571"}],"version-history":[{"count":3,"href":"http:\/\/liceulovidius.ro\/desen\/index.php\/wp-json\/wp\/v2\/pages\/571\/revisions"}],"predecessor-version":[{"id":1093,"href":"http:\/\/liceulovidius.ro\/desen\/index.php\/wp-json\/wp\/v2\/pages\/571\/revisions\/1093"}],"wp:attachment":[{"href":"http:\/\/liceulovidius.ro\/desen\/index.php\/wp-json\/wp\/v2\/media?parent=571"}],"curies":[{"name":"wp","href":"https:\/\/api.w.org\/{rel}","templated":true}]}}