{"id":792,"date":"2020-02-07T08:20:52","date_gmt":"2020-02-07T08:20:52","guid":{"rendered":"http:\/\/liceulovidius.ro\/desen\/?page_id=792"},"modified":"2020-02-07T08:20:52","modified_gmt":"2020-02-07T08:20:52","slug":"expozitia-internationala-orasul-viitorului-ianuarie-2020","status":"publish","type":"page","link":"http:\/\/liceulovidius.ro\/desen\/index.php\/expozitia-internationala-orasul-viitorului-ianuarie-2020\/","title":{"rendered":"Expozi\u0163ia interna\u0163ional\u0103         ,,Ora\u015ful viitorului\u201d ianuarie 2020"},"content":{"rendered":"\n<ul class=\"wp-block-gallery columns-3 is-cropped\"><li class=\"blocks-gallery-item\"><figure><img loading=\"lazy\" width=\"634\" height=\"885\" src=\"http:\/\/liceulovidius.ro\/desen\/wp-content\/uploads\/2020\/02\/MARIN-DARIA2.jpg\" alt=\"\" data-id=\"793\" data-link=\"http:\/\/liceulovidius.ro\/desen\/?attachment_id=793\" class=\"wp-image-793\" srcset=\"http:\/\/liceulovidius.ro\/desen\/wp-content\/uploads\/2020\/02\/MARIN-DARIA2.jpg 634w, http:\/\/liceulovidius.ro\/desen\/wp-content\/uploads\/2020\/02\/MARIN-DARIA2-215x300.jpg 215w\" sizes=\"(max-width: 634px) 100vw, 634px\" \/><\/figure><\/li><li class=\"blocks-gallery-item\"><figure><img loading=\"lazy\" width=\"677\" height=\"959\" src=\"http:\/\/liceulovidius.ro\/desen\/wp-content\/uploads\/2020\/02\/BOBOC-ANDREEA.jpg\" alt=\"\" data-id=\"794\" data-link=\"http:\/\/liceulovidius.ro\/desen\/?attachment_id=794\" class=\"wp-image-794\" srcset=\"http:\/\/liceulovidius.ro\/desen\/wp-content\/uploads\/2020\/02\/BOBOC-ANDREEA.jpg 677w, http:\/\/liceulovidius.ro\/desen\/wp-content\/uploads\/2020\/02\/BOBOC-ANDREEA-212x300.jpg 212w\" sizes=\"(max-width: 677px) 100vw, 677px\" \/><\/figure><\/li><li class=\"blocks-gallery-item\"><figure><img loading=\"lazy\" width=\"637\" height=\"877\" src=\"http:\/\/liceulovidius.ro\/desen\/wp-content\/uploads\/2020\/02\/BUCUR-IASMINA.jpg\" alt=\"\" data-id=\"795\" data-link=\"http:\/\/liceulovidius.ro\/desen\/?attachment_id=795\" class=\"wp-image-795\" srcset=\"http:\/\/liceulovidius.ro\/desen\/wp-content\/uploads\/2020\/02\/BUCUR-IASMINA.jpg 637w, http:\/\/liceulovidius.ro\/desen\/wp-content\/uploads\/2020\/02\/BUCUR-IASMINA-218x300.jpg 218w\" sizes=\"(max-width: 637px) 100vw, 637px\" \/><\/figure><\/li><li class=\"blocks-gallery-item\"><figure><img loading=\"lazy\" width=\"682\" height=\"960\" src=\"http:\/\/liceulovidius.ro\/desen\/wp-content\/uploads\/2020\/02\/STOICA-LAVINIA.jpg\" alt=\"\" data-id=\"796\" data-link=\"http:\/\/liceulovidius.ro\/desen\/?attachment_id=796\" class=\"wp-image-796\" srcset=\"http:\/\/liceulovidius.ro\/desen\/wp-content\/uploads\/2020\/02\/STOICA-LAVINIA.jpg 682w, http:\/\/liceulovidius.ro\/desen\/wp-content\/uploads\/2020\/02\/STOICA-LAVINIA-213x300.jpg 213w\" sizes=\"(max-width: 682px) 100vw, 682px\" \/><\/figure><\/li><li class=\"blocks-gallery-item\"><figure><img loading=\"lazy\" width=\"588\" height=\"851\" src=\"http:\/\/liceulovidius.ro\/desen\/wp-content\/uploads\/2020\/02\/LIPICI.jpg\" alt=\"\" data-id=\"801\" data-link=\"http:\/\/liceulovidius.ro\/desen\/?attachment_id=801\" class=\"wp-image-801\" srcset=\"http:\/\/liceulovidius.ro\/desen\/wp-content\/uploads\/2020\/02\/LIPICI.jpg 588w, http:\/\/liceulovidius.ro\/desen\/wp-content\/uploads\/2020\/02\/LIPICI-207x300.jpg 207w\" sizes=\"(max-width: 588px) 100vw, 588px\" \/><\/figure><\/li><li class=\"blocks-gallery-item\"><figure><img loading=\"lazy\" width=\"646\" height=\"929\" src=\"http:\/\/liceulovidius.ro\/desen\/wp-content\/uploads\/2020\/02\/CATI-ROBERT.jpg\" alt=\"\" data-id=\"804\" data-link=\"http:\/\/liceulovidius.ro\/desen\/?attachment_id=804\" class=\"wp-image-804\" srcset=\"http:\/\/liceulovidius.ro\/desen\/wp-content\/uploads\/2020\/02\/CATI-ROBERT.jpg 646w, http:\/\/liceulovidius.ro\/desen\/wp-content\/uploads\/2020\/02\/CATI-ROBERT-209x300.jpg 209w\" sizes=\"(max-width: 646px) 100vw, 646px\" \/><\/figure><\/li><li class=\"blocks-gallery-item\"><figure><img loading=\"lazy\" width=\"634\" height=\"884\" src=\"http:\/\/liceulovidius.ro\/desen\/wp-content\/uploads\/2020\/02\/COCOS-CLARA.jpg\" alt=\"\" data-id=\"806\" data-link=\"http:\/\/liceulovidius.ro\/desen\/?attachment_id=806\" class=\"wp-image-806\" srcset=\"http:\/\/liceulovidius.ro\/desen\/wp-content\/uploads\/2020\/02\/COCOS-CLARA.jpg 634w, http:\/\/liceulovidius.ro\/desen\/wp-content\/uploads\/2020\/02\/COCOS-CLARA-215x300.jpg 215w\" sizes=\"(max-width: 634px) 100vw, 634px\" \/><\/figure><\/li><li class=\"blocks-gallery-item\"><figure><img loading=\"lazy\" width=\"674\" height=\"955\" src=\"http:\/\/liceulovidius.ro\/desen\/wp-content\/uploads\/2020\/02\/CRACIUNAS-TEEEA-MAIA.jpg\" alt=\"\" data-id=\"807\" data-link=\"http:\/\/liceulovidius.ro\/desen\/?attachment_id=807\" class=\"wp-image-807\" srcset=\"http:\/\/liceulovidius.ro\/desen\/wp-content\/uploads\/2020\/02\/CRACIUNAS-TEEEA-MAIA.jpg 674w, http:\/\/liceulovidius.ro\/desen\/wp-content\/uploads\/2020\/02\/CRACIUNAS-TEEEA-MAIA-212x300.jpg 212w\" sizes=\"(max-width: 674px) 100vw, 674px\" \/><\/figure><\/li><li class=\"blocks-gallery-item\"><figure><img loading=\"lazy\" width=\"641\" height=\"902\" src=\"http:\/\/liceulovidius.ro\/desen\/wp-content\/uploads\/2020\/02\/DINU-SOFIA.jpg\" alt=\"\" data-id=\"809\" data-link=\"http:\/\/liceulovidius.ro\/desen\/?attachment_id=809\" class=\"wp-image-809\" srcset=\"http:\/\/liceulovidius.ro\/desen\/wp-content\/uploads\/2020\/02\/DINU-SOFIA.jpg 641w, http:\/\/liceulovidius.ro\/desen\/wp-content\/uploads\/2020\/02\/DINU-SOFIA-213x300.jpg 213w\" sizes=\"(max-width: 641px) 100vw, 641px\" \/><\/figure><\/li><li class=\"blocks-gallery-item\"><figure><img loading=\"lazy\" width=\"462\" height=\"653\" src=\"http:\/\/liceulovidius.ro\/desen\/wp-content\/uploads\/2020\/02\/OTINCELESCU-DARIUS.jpg\" alt=\"\" data-id=\"811\" data-link=\"http:\/\/liceulovidius.ro\/desen\/?attachment_id=811\" class=\"wp-image-811\" srcset=\"http:\/\/liceulovidius.ro\/desen\/wp-content\/uploads\/2020\/02\/OTINCELESCU-DARIUS.jpg 462w, http:\/\/liceulovidius.ro\/desen\/wp-content\/uploads\/2020\/02\/OTINCELESCU-DARIUS-212x300.jpg 212w\" sizes=\"(max-width: 462px) 100vw, 462px\" \/><\/figure><\/li><li class=\"blocks-gallery-item\"><figure><img loading=\"lazy\" width=\"618\" height=\"899\" src=\"http:\/\/liceulovidius.ro\/desen\/wp-content\/uploads\/2020\/02\/PREDA-MIHAI.jpg\" alt=\"\" data-id=\"812\" data-link=\"http:\/\/liceulovidius.ro\/desen\/?attachment_id=812\" class=\"wp-image-812\" srcset=\"http:\/\/liceulovidius.ro\/desen\/wp-content\/uploads\/2020\/02\/PREDA-MIHAI.jpg 618w, http:\/\/liceulovidius.ro\/desen\/wp-content\/uploads\/2020\/02\/PREDA-MIHAI-206x300.jpg 206w\" sizes=\"(max-width: 618px) 100vw, 618px\" \/><\/figure><\/li><li class=\"blocks-gallery-item\"><figure><img loading=\"lazy\" width=\"647\" height=\"960\" src=\"http:\/\/liceulovidius.ro\/desen\/wp-content\/uploads\/2020\/02\/SAMOILA-DAVID.jpg\" alt=\"\" data-id=\"813\" data-link=\"http:\/\/liceulovidius.ro\/desen\/?attachment_id=813\" class=\"wp-image-813\" srcset=\"http:\/\/liceulovidius.ro\/desen\/wp-content\/uploads\/2020\/02\/SAMOILA-DAVID.jpg 647w, http:\/\/liceulovidius.ro\/desen\/wp-content\/uploads\/2020\/02\/SAMOILA-DAVID-202x300.jpg 202w\" sizes=\"(max-width: 647px) 100vw, 647px\" \/><\/figure><\/li><li class=\"blocks-gallery-item\"><figure><img loading=\"lazy\" width=\"639\" height=\"886\" src=\"http:\/\/liceulovidius.ro\/desen\/wp-content\/uploads\/2020\/02\/VOICU-DALIA-1.jpg\" alt=\"\" data-id=\"817\" data-link=\"http:\/\/liceulovidius.ro\/desen\/?attachment_id=817\" class=\"wp-image-817\" srcset=\"http:\/\/liceulovidius.ro\/desen\/wp-content\/uploads\/2020\/02\/VOICU-DALIA-1.jpg 639w, http:\/\/liceulovidius.ro\/desen\/wp-content\/uploads\/2020\/02\/VOICU-DALIA-1-216x300.jpg 216w\" sizes=\"(max-width: 639px) 100vw, 639px\" \/><\/figure><\/li><li class=\"blocks-gallery-item\"><figure><img loading=\"lazy\" width=\"660\" height=\"940\" src=\"http:\/\/liceulovidius.ro\/desen\/wp-content\/uploads\/2020\/02\/IARINA-ALESSIA-1.jpg\" alt=\"\" data-id=\"819\" data-link=\"http:\/\/liceulovidius.ro\/desen\/?attachment_id=819\" class=\"wp-image-819\" srcset=\"http:\/\/liceulovidius.ro\/desen\/wp-content\/uploads\/2020\/02\/IARINA-ALESSIA-1.jpg 660w, http:\/\/liceulovidius.ro\/desen\/wp-content\/uploads\/2020\/02\/IARINA-ALESSIA-1-211x300.jpg 211w\" sizes=\"(max-width: 660px) 100vw, 660px\" \/><\/figure><\/li><li class=\"blocks-gallery-item\"><figure><img loading=\"lazy\" width=\"680\" height=\"948\" src=\"http:\/\/liceulovidius.ro\/desen\/wp-content\/uploads\/2020\/02\/CHIPER-CASANDRA-1.jpg\" alt=\"\" data-id=\"820\" data-link=\"http:\/\/liceulovidius.ro\/desen\/?attachment_id=820\" class=\"wp-image-820\" srcset=\"http:\/\/liceulovidius.ro\/desen\/wp-content\/uploads\/2020\/02\/CHIPER-CASANDRA-1.jpg 680w, http:\/\/liceulovidius.ro\/desen\/wp-content\/uploads\/2020\/02\/CHIPER-CASANDRA-1-215x300.jpg 215w\" sizes=\"(max-width: 680px) 100vw, 680px\" \/><\/figure><\/li><li class=\"blocks-gallery-item\"><figure><img loading=\"lazy\" width=\"670\" height=\"960\" src=\"http:\/\/liceulovidius.ro\/desen\/wp-content\/uploads\/2020\/02\/BRATU-NELI-1.jpg\" alt=\"\" data-id=\"821\" data-link=\"http:\/\/liceulovidius.ro\/desen\/?attachment_id=821\" class=\"wp-image-821\" srcset=\"http:\/\/liceulovidius.ro\/desen\/wp-content\/uploads\/2020\/02\/BRATU-NELI-1.jpg 670w, http:\/\/liceulovidius.ro\/desen\/wp-content\/uploads\/2020\/02\/BRATU-NELI-1-209x300.jpg 209w\" sizes=\"(max-width: 670px) 100vw, 670px\" \/><\/figure><\/li><li class=\"blocks-gallery-item\"><figure><img loading=\"lazy\" width=\"680\" height=\"960\" src=\"http:\/\/liceulovidius.ro\/desen\/wp-content\/uploads\/2020\/02\/GIOGEA-ELENIA-1.jpg\" alt=\"\" data-id=\"822\" data-link=\"http:\/\/liceulovidius.ro\/desen\/?attachment_id=822\" class=\"wp-image-822\" srcset=\"http:\/\/liceulovidius.ro\/desen\/wp-content\/uploads\/2020\/02\/GIOGEA-ELENIA-1.jpg 680w, http:\/\/liceulovidius.ro\/desen\/wp-content\/uploads\/2020\/02\/GIOGEA-ELENIA-1-213x300.jpg 213w\" sizes=\"(max-width: 680px) 100vw, 680px\" \/><\/figure><\/li><li class=\"blocks-gallery-item\"><figure><img loading=\"lazy\" width=\"656\" height=\"930\" src=\"http:\/\/liceulovidius.ro\/desen\/wp-content\/uploads\/2020\/02\/STERECIU-TATIANA-1.jpg\" alt=\"\" data-id=\"823\" data-link=\"http:\/\/liceulovidius.ro\/desen\/?attachment_id=823\" class=\"wp-image-823\" srcset=\"http:\/\/liceulovidius.ro\/desen\/wp-content\/uploads\/2020\/02\/STERECIU-TATIANA-1.jpg 656w, http:\/\/liceulovidius.ro\/desen\/wp-content\/uploads\/2020\/02\/STERECIU-TATIANA-1-212x300.jpg 212w\" sizes=\"(max-width: 656px) 100vw, 656px\" \/><\/figure><\/li><li class=\"blocks-gallery-item\"><figure><img loading=\"lazy\" width=\"627\" height=\"888\" src=\"http:\/\/liceulovidius.ro\/desen\/wp-content\/uploads\/2020\/02\/81288396_618451005575761_8271631125424635904_n-1.jpg\" alt=\"\" data-id=\"824\" data-link=\"http:\/\/liceulovidius.ro\/desen\/?attachment_id=824\" class=\"wp-image-824\" srcset=\"http:\/\/liceulovidius.ro\/desen\/wp-content\/uploads\/2020\/02\/81288396_618451005575761_8271631125424635904_n-1.jpg 627w, http:\/\/liceulovidius.ro\/desen\/wp-content\/uploads\/2020\/02\/81288396_618451005575761_8271631125424635904_n-1-212x300.jpg 212w\" sizes=\"(max-width: 627px) 100vw, 627px\" \/><\/figure><\/li><li class=\"blocks-gallery-item\"><figure><img loading=\"lazy\" width=\"657\" height=\"960\" src=\"http:\/\/liceulovidius.ro\/desen\/wp-content\/uploads\/2020\/02\/82408507_458395645114852_4880700015112093696_n.jpg\" alt=\"\" data-id=\"825\" data-link=\"http:\/\/liceulovidius.ro\/desen\/?attachment_id=825\" class=\"wp-image-825\" srcset=\"http:\/\/liceulovidius.ro\/desen\/wp-content\/uploads\/2020\/02\/82408507_458395645114852_4880700015112093696_n.jpg 657w, http:\/\/liceulovidius.ro\/desen\/wp-content\/uploads\/2020\/02\/82408507_458395645114852_4880700015112093696_n-205x300.jpg 205w\" sizes=\"(max-width: 657px) 100vw, 657px\" \/><\/figure><\/li><li class=\"blocks-gallery-item\"><figure><img loading=\"lazy\" width=\"654\" height=\"938\" src=\"http:\/\/liceulovidius.ro\/desen\/wp-content\/uploads\/2020\/02\/CRANGASU-ALEXANDRA-1.jpg\" alt=\"\" data-id=\"826\" data-link=\"http:\/\/liceulovidius.ro\/desen\/?attachment_id=826\" class=\"wp-image-826\" srcset=\"http:\/\/liceulovidius.ro\/desen\/wp-content\/uploads\/2020\/02\/CRANGASU-ALEXANDRA-1.jpg 654w, http:\/\/liceulovidius.ro\/desen\/wp-content\/uploads\/2020\/02\/CRANGASU-ALEXANDRA-1-209x300.jpg 209w\" sizes=\"(max-width: 654px) 100vw, 654px\" \/><\/figure><\/li><li class=\"blocks-gallery-item\"><figure><img loading=\"lazy\" width=\"646\" height=\"937\" src=\"http:\/\/liceulovidius.ro\/desen\/wp-content\/uploads\/2020\/02\/IONESCU-1.jpg\" alt=\"\" data-id=\"827\" data-link=\"http:\/\/liceulovidius.ro\/desen\/?attachment_id=827\" class=\"wp-image-827\" srcset=\"http:\/\/liceulovidius.ro\/desen\/wp-content\/uploads\/2020\/02\/IONESCU-1.jpg 646w, http:\/\/liceulovidius.ro\/desen\/wp-content\/uploads\/2020\/02\/IONESCU-1-207x300.jpg 207w\" sizes=\"(max-width: 646px) 100vw, 646px\" \/><\/figure><\/li><li class=\"blocks-gallery-item\"><figure><img loading=\"lazy\" width=\"633\" height=\"885\" src=\"http:\/\/liceulovidius.ro\/desen\/wp-content\/uploads\/2020\/02\/TERZI-ALEXANDRA-1.jpg\" alt=\"\" data-id=\"828\" data-link=\"http:\/\/liceulovidius.ro\/desen\/?attachment_id=828\" class=\"wp-image-828\" srcset=\"http:\/\/liceulovidius.ro\/desen\/wp-content\/uploads\/2020\/02\/TERZI-ALEXANDRA-1.jpg 633w, http:\/\/liceulovidius.ro\/desen\/wp-content\/uploads\/2020\/02\/TERZI-ALEXANDRA-1-215x300.jpg 215w\" sizes=\"(max-width: 633px) 100vw, 633px\" \/><\/figure><\/li><\/ul>\n","protected":false},"excerpt":{"rendered":"","protected":false},"author":3,"featured_media":0,"parent":0,"menu_order":0,"comment_status":"closed","ping_status":"closed","template":"","meta":[],"_links":{"self":[{"href":"http:\/\/liceulovidius.ro\/desen\/index.php\/wp-json\/wp\/v2\/pages\/792"}],"collection":[{"href":"http:\/\/liceulovidius.ro\/desen\/index.php\/wp-json\/wp\/v2\/pages"}],"about":[{"href":"http:\/\/liceulovidius.ro\/desen\/index.php\/wp-json\/wp\/v2\/types\/page"}],"author":[{"embeddable":true,"href":"http:\/\/liceulovidius.ro\/desen\/index.php\/wp-json\/wp\/v2\/users\/3"}],"replies":[{"embeddable":true,"href":"http:\/\/liceulovidius.ro\/desen\/index.php\/wp-json\/wp\/v2\/comments?post=792"}],"version-history":[{"count":2,"href":"http:\/\/liceulovidius.ro\/desen\/index.php\/wp-json\/wp\/v2\/pages\/792\/revisions"}],"predecessor-version":[{"id":830,"href":"http:\/\/liceulovidius.ro\/desen\/index.php\/wp-json\/wp\/v2\/pages\/792\/revisions\/830"}],"wp:attachment":[{"href":"http:\/\/liceulovidius.ro\/desen\/index.php\/wp-json\/wp\/v2\/media?parent=792"}],"curies":[{"name":"wp","href":"https:\/\/api.w.org\/{rel}","templated":true}]}}