{"id":871,"date":"2020-02-14T09:47:10","date_gmt":"2020-02-14T09:47:10","guid":{"rendered":"http:\/\/liceulovidius.ro\/desen\/?page_id=871"},"modified":"2022-02-22T19:00:30","modified_gmt":"2022-02-22T19:00:30","slug":"concurs-judetean-de-creatie-de-banda-desenata-in-limba-franceza-si-limba-engleza-bd-noel-bd-santa-biblioteca-judeteana-i-n-roman-constanta-decembrie-2019","status":"publish","type":"page","link":"http:\/\/liceulovidius.ro\/desen\/index.php\/concurs-judetean-de-creatie-de-banda-desenata-in-limba-franceza-si-limba-engleza-bd-noel-bd-santa-biblioteca-judeteana-i-n-roman-constanta-decembrie-2019\/","title":{"rendered":"Concurs jude\u0163ean de crea\u0163ie de band\u0103 desenat\u0103 \u00een limba francez\u0103 \u015fi limba englez\u0103 ,,BD NOEL-BD SANTA\u201d, Biblioteca Jude\u0163ean\u0103 ,,I. N. Roman\u201d, Constan\u0163a, decembrie 2019"},"content":{"rendered":"\n<p>PREMIUL III-  CR\u00c2NGA\u015eU ALEXANDRA<\/p>\n\n\n\n<figure class=\"wp-block-gallery has-nested-images columns-default is-cropped\">\n<figure class=\"wp-block-image\"><img loading=\"lazy\" width=\"1024\" height=\"576\" data-id=\"882\"  src=\"http:\/\/liceulovidius.ro\/desen\/wp-content\/uploads\/2020\/02\/2-8-1024x576.jpg\" alt=\"\" class=\"wp-image-882\" srcset=\"http:\/\/liceulovidius.ro\/desen\/wp-content\/uploads\/2020\/02\/2-8-1024x576.jpg 1024w, http:\/\/liceulovidius.ro\/desen\/wp-content\/uploads\/2020\/02\/2-8-300x169.jpg 300w, http:\/\/liceulovidius.ro\/desen\/wp-content\/uploads\/2020\/02\/2-8-768x432.jpg 768w\" sizes=\"(max-width: 1024px) 100vw, 1024px\" \/><\/figure>\n\n\n\n<figure class=\"wp-block-image\"><img loading=\"lazy\" width=\"720\" height=\"960\" data-id=\"872\"  src=\"http:\/\/liceulovidius.ro\/desen\/wp-content\/uploads\/2020\/02\/1-5.jpg\" alt=\"\" class=\"wp-image-872\" srcset=\"http:\/\/liceulovidius.ro\/desen\/wp-content\/uploads\/2020\/02\/1-5.jpg 720w, http:\/\/liceulovidius.ro\/desen\/wp-content\/uploads\/2020\/02\/1-5-225x300.jpg 225w\" sizes=\"(max-width: 720px) 100vw, 720px\" \/><\/figure>\n\n\n\n<figure class=\"wp-block-image\"><img loading=\"lazy\" width=\"1024\" height=\"576\" data-id=\"881\"  src=\"http:\/\/liceulovidius.ro\/desen\/wp-content\/uploads\/2020\/02\/1-7-1024x576.jpg\" alt=\"\" class=\"wp-image-881\" srcset=\"http:\/\/liceulovidius.ro\/desen\/wp-content\/uploads\/2020\/02\/1-7-1024x576.jpg 1024w, http:\/\/liceulovidius.ro\/desen\/wp-content\/uploads\/2020\/02\/1-7-300x169.jpg 300w, http:\/\/liceulovidius.ro\/desen\/wp-content\/uploads\/2020\/02\/1-7-768x432.jpg 768w\" sizes=\"(max-width: 1024px) 100vw, 1024px\" \/><\/figure>\n\n\n\n<figure class=\"wp-block-image\"><img loading=\"lazy\" width=\"637\" height=\"930\" data-id=\"873\"  src=\"http:\/\/liceulovidius.ro\/desen\/wp-content\/uploads\/2020\/02\/2-6.jpg\" alt=\"\" class=\"wp-image-873\" srcset=\"http:\/\/liceulovidius.ro\/desen\/wp-content\/uploads\/2020\/02\/2-6.jpg 637w, http:\/\/liceulovidius.ro\/desen\/wp-content\/uploads\/2020\/02\/2-6-205x300.jpg 205w\" sizes=\"(max-width: 637px) 100vw, 637px\" \/><\/figure>\n\n\n\n<figure class=\"wp-block-image\"><img loading=\"lazy\" width=\"646\" height=\"945\" data-id=\"874\"  src=\"http:\/\/liceulovidius.ro\/desen\/wp-content\/uploads\/2020\/02\/3-3.jpg\" alt=\"\" class=\"wp-image-874\" srcset=\"http:\/\/liceulovidius.ro\/desen\/wp-content\/uploads\/2020\/02\/3-3.jpg 646w, http:\/\/liceulovidius.ro\/desen\/wp-content\/uploads\/2020\/02\/3-3-205x300.jpg 205w\" sizes=\"(max-width: 646px) 100vw, 646px\" \/><\/figure>\n\n\n\n<figure class=\"wp-block-image\"><img loading=\"lazy\" width=\"645\" height=\"957\" data-id=\"875\"  src=\"http:\/\/liceulovidius.ro\/desen\/wp-content\/uploads\/2020\/02\/4-3.jpg\" alt=\"\" class=\"wp-image-875\" srcset=\"http:\/\/liceulovidius.ro\/desen\/wp-content\/uploads\/2020\/02\/4-3.jpg 645w, http:\/\/liceulovidius.ro\/desen\/wp-content\/uploads\/2020\/02\/4-3-202x300.jpg 202w\" sizes=\"(max-width: 645px) 100vw, 645px\" \/><\/figure>\n\n\n\n<figure class=\"wp-block-image\"><img loading=\"lazy\" width=\"629\" height=\"949\" data-id=\"876\"  src=\"http:\/\/liceulovidius.ro\/desen\/wp-content\/uploads\/2020\/02\/5-3.jpg\" alt=\"\" class=\"wp-image-876\" srcset=\"http:\/\/liceulovidius.ro\/desen\/wp-content\/uploads\/2020\/02\/5-3.jpg 629w, http:\/\/liceulovidius.ro\/desen\/wp-content\/uploads\/2020\/02\/5-3-199x300.jpg 199w\" sizes=\"(max-width: 629px) 100vw, 629px\" \/><\/figure>\n\n\n\n<figure class=\"wp-block-image\"><img loading=\"lazy\" width=\"547\" height=\"772\" data-id=\"877\"  src=\"http:\/\/liceulovidius.ro\/desen\/wp-content\/uploads\/2020\/02\/6-3.jpg\" alt=\"\" class=\"wp-image-877\" srcset=\"http:\/\/liceulovidius.ro\/desen\/wp-content\/uploads\/2020\/02\/6-3.jpg 547w, http:\/\/liceulovidius.ro\/desen\/wp-content\/uploads\/2020\/02\/6-3-213x300.jpg 213w\" sizes=\"(max-width: 547px) 100vw, 547px\" \/><\/figure>\n\n\n\n<figure class=\"wp-block-image\"><img loading=\"lazy\" width=\"595\" height=\"842\" data-id=\"878\"  src=\"http:\/\/liceulovidius.ro\/desen\/wp-content\/uploads\/2020\/02\/7-1.jpg\" alt=\"\" class=\"wp-image-878\" srcset=\"http:\/\/liceulovidius.ro\/desen\/wp-content\/uploads\/2020\/02\/7-1.jpg 595w, http:\/\/liceulovidius.ro\/desen\/wp-content\/uploads\/2020\/02\/7-1-212x300.jpg 212w\" sizes=\"(max-width: 595px) 100vw, 595px\" \/><\/figure>\n<\/figure>\n","protected":false},"excerpt":{"rendered":"<p>PREMIUL III- CR\u00c2NGA\u015eU ALEXANDRA<\/p>\n","protected":false},"author":3,"featured_media":0,"parent":0,"menu_order":0,"comment_status":"closed","ping_status":"closed","template":"","meta":[],"_links":{"self":[{"href":"http:\/\/liceulovidius.ro\/desen\/index.php\/wp-json\/wp\/v2\/pages\/871"}],"collection":[{"href":"http:\/\/liceulovidius.ro\/desen\/index.php\/wp-json\/wp\/v2\/pages"}],"about":[{"href":"http:\/\/liceulovidius.ro\/desen\/index.php\/wp-json\/wp\/v2\/types\/page"}],"author":[{"embeddable":true,"href":"http:\/\/liceulovidius.ro\/desen\/index.php\/wp-json\/wp\/v2\/users\/3"}],"replies":[{"embeddable":true,"href":"http:\/\/liceulovidius.ro\/desen\/index.php\/wp-json\/wp\/v2\/comments?post=871"}],"version-history":[{"count":3,"href":"http:\/\/liceulovidius.ro\/desen\/index.php\/wp-json\/wp\/v2\/pages\/871\/revisions"}],"predecessor-version":[{"id":1181,"href":"http:\/\/liceulovidius.ro\/desen\/index.php\/wp-json\/wp\/v2\/pages\/871\/revisions\/1181"}],"wp:attachment":[{"href":"http:\/\/liceulovidius.ro\/desen\/index.php\/wp-json\/wp\/v2\/media?parent=871"}],"curies":[{"name":"wp","href":"https:\/\/api.w.org\/{rel}","templated":true}]}}